{"id":192,"date":"2020-06-13T16:15:43","date_gmt":"2020-06-13T15:15:43","guid":{"rendered":"https:\/\/sinapseformacion.com\/?page_id=192"},"modified":"2026-02-17T14:41:48","modified_gmt":"2026-02-17T13:41:48","slug":"formacion-presencial","status":"publish","type":"page","link":"https:\/\/sinapseformacion.com\/gl\/","title":{"rendered":"Formaci\u00f3n"},"content":{"rendered":"<div class=\"vc_row wpb_row vc_row-fluid vc_custom_1590773921563\"><div class=\"wpb_column vc_column_container vc_col-sm-12\"><div class=\"vc_column-inner\"><div class=\"wpb_wrapper\"><div class=\"vc_row wpb_row vc_inner vc_row-fluid\"><div class=\"wpb_column vc_column_container vc_col-sm-12\"><div class=\"vc_column-inner\"><div class=\"wpb_wrapper\">[mk_fancy_title tag_name=\u00bbh1&#8243; color=\u00bb#bcd16f\u00bb size=\u00bb36&#8243; txt_transform=\u00bbuppercase\u00bb margin_top=\u00bb15&#8243; margin_bottom=\u00bb0&#8243; font_family=\u00bbRubik\u00bb font_type=\u00bbgoogle\u00bb responsive_align=\u00bbleft\u00bb]Formaci\u00f3n presencial y online[\/mk_fancy_title]<div class=\"vc_separator wpb_content_element vc_separator_align_center vc_sep_width_70 vc_sep_border_width_4 vc_sep_pos_align_left vc_separator_no_text\" ><span class=\"vc_sep_holder vc_sep_holder_l\"><span  style=\"border-color:#bcd16f;\" class=\"vc_sep_line\"><\/span><\/span><span class=\"vc_sep_holder vc_sep_holder_r\"><span  style=\"border-color:#bcd16f;\" class=\"vc_sep_line\"><\/span><\/span>\n<\/div><div class=\"woocommerce columns-3 \"><ul class=\"products columns-3\">\n<li class=\"product post-1994 type-product status-publish has-post-thumbnail product_cat-mixta product_cat-presencial first instock featured sold-individually shipping-taxable purchasable product-type-variable\">\n\n\t\t\t<style type=\"text\/css\" scoped>.woocommerce ul.products li.product.post-1994 a.button { background-color:#bcd16f}<\/style>\n        <a href=\"https:\/\/sinapseformacion.com\/gl\/produto\/ejercicio-terapeutico-funcional-y-longevidad-en-neurorrehabilitacion-talavera\/\" class=\"woocommerce-LoopProduct-link woocommerce-loop-product__link\"><div class=\"shop-we-stdate\" style=\"background-color:#bcd16f\"><span class=\"day\">19<\/span><span class=\"month\">Xu\u00f1<\/span><\/div><img loading=\"lazy\" decoding=\"async\" width=\"300\" height=\"521\" src=\"https:\/\/sinapseformacion.com\/wp-content\/uploads\/2023\/07\/et-1-300x521.png\" class=\"attachment-woocommerce_thumbnail size-woocommerce_thumbnail\" alt=\"EJERCICIO TERAP\u00c9UTICO FUNCIONAL Y  LONGEVIDAD EN NEURORREHABILITACI\u00d3N (Talavera)\" srcset=\"https:\/\/sinapseformacion.com\/wp-content\/uploads\/2023\/07\/et-1-300x522.png 300w, https:\/\/sinapseformacion.com\/wp-content\/uploads\/2023\/07\/et-1-172x300.png 172w, https:\/\/sinapseformacion.com\/wp-content\/uploads\/2023\/07\/et-1-7x12.png 7w, https:\/\/sinapseformacion.com\/wp-content\/uploads\/2023\/07\/et-1-600x1043.png 600w, https:\/\/sinapseformacion.com\/wp-content\/uploads\/2023\/07\/et-1.png 561w\" sizes=\"auto, (max-width: 300px) 100vw, 300px\" \/>\n\t\t<div class=\"shop-we-more-meta\">\n\t\t\t\t<span><i class=\"fa fa-calendar\"><\/i>19\/06\/2026<\/span>\n\t\t\t<span><i class=\"fa fa-shopping-basket\"><\/i>De <span class=\"woocommerce-Price-amount amount\"><bdi>130,00&nbsp;<span class=\"woocommerce-Price-currencySymbol\">&euro;<\/span><\/bdi><\/span><\/span>\n\t\t<\/div><h2 class=\"woocommerce-loop-product__title\">EJERCICIO TERAP\u00c9UTICO FUNCIONAL Y  LONGEVIDAD EN NEURORREHABILITACI\u00d3N (Talavera)<\/h2>\n\t<span class=\"price\"><span class=\"woocommerce-Price-amount amount\" aria-hidden=\"true\"><bdi>130,00&nbsp;<span class=\"woocommerce-Price-currencySymbol\">&euro;<\/span><\/bdi><\/span> <span aria-hidden=\"true\">-<\/span> <span class=\"woocommerce-Price-amount amount\" aria-hidden=\"true\"><bdi>780,00&nbsp;<span class=\"woocommerce-Price-currencySymbol\">&euro;<\/span><\/bdi><\/span><span class=\"screen-reader-text\">Rango de prezos: desde 130,00&nbsp;&euro; ata 780,00&nbsp;&euro;<\/span><\/span>\n<\/a><a href=\"https:\/\/sinapseformacion.com\/gl\/produto\/ejercicio-terapeutico-funcional-y-longevidad-en-neurorrehabilitacion-talavera\/\" rel=\"nofollow\" data-product_id=\"1994\" data-product_sku=\"\" data-quantity=\"1\" class=\"button add_to_cart_button product_type_variable\">Ver detalles<\/a>\t<span id=\"woocommerce_loop_add_to_cart_link_describedby_1994\" class=\"screen-reader-text\">\n\t\tEste produto ten m\u00faltiples variantes. As opci\u00f3ns p\u00f3dense elixir na p\u00e1xina de produto\t<\/span>\n\n<\/li>\n<li class=\"product post-1960 type-product status-publish has-post-thumbnail product_cat-presencial  instock featured sold-individually shipping-taxable purchasable product-type-variable\">\n\n\t\t\t<style type=\"text\/css\" scoped>.woocommerce ul.products li.product.post-1960 a.button { background-color:#bcd16f}<\/style>\n        <a href=\"https:\/\/sinapseformacion.com\/gl\/produto\/ejercicio-terapeutico-funcional\/\" class=\"woocommerce-LoopProduct-link woocommerce-loop-product__link\"><div class=\"shop-we-stdate\" style=\"background-color:#bcd16f\"><span class=\"day\">17<\/span><span class=\"month\">Out<\/span><\/div><img loading=\"lazy\" decoding=\"async\" width=\"300\" height=\"521\" src=\"https:\/\/sinapseformacion.com\/wp-content\/uploads\/2023\/07\/et-1-300x521.png\" class=\"attachment-woocommerce_thumbnail size-woocommerce_thumbnail\" alt=\"EJERCICIO TERAP\u00c9UTICO FUNCIONAL Y  LONGEVIDAD EN NEURORREHABILITACI\u00d3N (A Coru\u00f1a)\" srcset=\"https:\/\/sinapseformacion.com\/wp-content\/uploads\/2023\/07\/et-1-300x522.png 300w, https:\/\/sinapseformacion.com\/wp-content\/uploads\/2023\/07\/et-1-172x300.png 172w, https:\/\/sinapseformacion.com\/wp-content\/uploads\/2023\/07\/et-1-7x12.png 7w, https:\/\/sinapseformacion.com\/wp-content\/uploads\/2023\/07\/et-1-600x1043.png 600w, https:\/\/sinapseformacion.com\/wp-content\/uploads\/2023\/07\/et-1.png 561w\" sizes=\"auto, (max-width: 300px) 100vw, 300px\" \/>\n\t\t<div class=\"shop-we-more-meta\">\n\t\t\t\t<span><i class=\"fa fa-calendar\"><\/i>17\/10\/2026<\/span>\n\t\t\t<span><i class=\"fa fa-shopping-basket\"><\/i>De <span class=\"woocommerce-Price-amount amount\"><bdi>130,00&nbsp;<span class=\"woocommerce-Price-currencySymbol\">&euro;<\/span><\/bdi><\/span><\/span>\n\t\t<\/div><h2 class=\"woocommerce-loop-product__title\">EJERCICIO TERAP\u00c9UTICO FUNCIONAL Y  LONGEVIDAD EN NEURORREHABILITACI\u00d3N (A Coru\u00f1a)<\/h2>\n\t<span class=\"price\"><span class=\"woocommerce-Price-amount amount\" aria-hidden=\"true\"><bdi>130,00&nbsp;<span class=\"woocommerce-Price-currencySymbol\">&euro;<\/span><\/bdi><\/span> <span aria-hidden=\"true\">-<\/span> <span class=\"woocommerce-Price-amount amount\" aria-hidden=\"true\"><bdi>780,00&nbsp;<span class=\"woocommerce-Price-currencySymbol\">&euro;<\/span><\/bdi><\/span><span class=\"screen-reader-text\">Rango de prezos: desde 130,00&nbsp;&euro; ata 780,00&nbsp;&euro;<\/span><\/span>\n<\/a><a href=\"https:\/\/sinapseformacion.com\/gl\/produto\/ejercicio-terapeutico-funcional\/\" rel=\"nofollow\" data-product_id=\"1960\" data-product_sku=\"\" data-quantity=\"1\" class=\"button add_to_cart_button product_type_variable\">Ver detalles<\/a>\t<span id=\"woocommerce_loop_add_to_cart_link_describedby_1960\" class=\"screen-reader-text\">\n\t\tEste produto ten m\u00faltiples variantes. As opci\u00f3ns p\u00f3dense elixir na p\u00e1xina de produto\t<\/span>\n\n<\/li>\n<li class=\"product post-1951 type-product status-publish has-post-thumbnail product_cat-presencial product_tag-alimentacion product_tag-autismo product_tag-elena-yague product_tag-tea last instock featured shipping-taxable purchasable product-type-variable has-default-attributes\">\n\n\t\t\t<style type=\"text\/css\" scoped>.woocommerce ul.products li.product.post-1951 a.button { background-color:#bcd16f}<\/style>\n        <a href=\"https:\/\/sinapseformacion.com\/gl\/produto\/curso-alimentacion-coruna\/\" class=\"woocommerce-LoopProduct-link woocommerce-loop-product__link\"><div class=\"shop-we-stdate\" style=\"background-color:#bcd16f\"><span class=\"day\">07<\/span><span class=\"month\">Mar<\/span><\/div><img loading=\"lazy\" decoding=\"async\" width=\"300\" height=\"424\" src=\"https:\/\/sinapseformacion.com\/wp-content\/uploads\/2026\/01\/alimentatea-300x424.jpg\" class=\"attachment-woocommerce_thumbnail size-woocommerce_thumbnail\" alt=\"Selectividad alimentaria en Autismo, Elena Yag\u00fce\" srcset=\"https:\/\/sinapseformacion.com\/wp-content\/uploads\/2026\/01\/alimentatea-300x424.jpg 300w, https:\/\/sinapseformacion.com\/wp-content\/uploads\/2026\/01\/alimentatea-700x991.jpg 700w, https:\/\/sinapseformacion.com\/wp-content\/uploads\/2026\/01\/alimentatea-212x300.jpg 212w, https:\/\/sinapseformacion.com\/wp-content\/uploads\/2026\/01\/alimentatea-724x1024.jpg 724w, https:\/\/sinapseformacion.com\/wp-content\/uploads\/2026\/01\/alimentatea-768x1087.jpg 768w, https:\/\/sinapseformacion.com\/wp-content\/uploads\/2026\/01\/alimentatea-1085x1536.jpg 1085w, https:\/\/sinapseformacion.com\/wp-content\/uploads\/2026\/01\/alimentatea-8x12.jpg 8w, https:\/\/sinapseformacion.com\/wp-content\/uploads\/2026\/01\/alimentatea-600x849.jpg 600w, https:\/\/sinapseformacion.com\/wp-content\/uploads\/2026\/01\/alimentatea.jpg 1447w\" sizes=\"auto, (max-width: 300px) 100vw, 300px\" \/>\n\t\t<div class=\"shop-we-more-meta\">\n\t\t\t\t<span><i class=\"fa fa-calendar\"><\/i>07\/03\/2026<\/span>\n\t\t\t<span><i class=\"fa fa-shopping-basket\"><\/i>De <span class=\"woocommerce-Price-amount amount\"><bdi>100,00&nbsp;<span class=\"woocommerce-Price-currencySymbol\">&euro;<\/span><\/bdi><\/span><\/span>\n\t\t<\/div><h2 class=\"woocommerce-loop-product__title\">Selectividad alimentaria en Autismo, Elena Yag\u00fce<\/h2>\n\t<span class=\"price\"><span class=\"woocommerce-Price-amount amount\" aria-hidden=\"true\"><bdi>100,00&nbsp;<span class=\"woocommerce-Price-currencySymbol\">&euro;<\/span><\/bdi><\/span> <span aria-hidden=\"true\">-<\/span> <span class=\"woocommerce-Price-amount amount\" aria-hidden=\"true\"><bdi>200,00&nbsp;<span class=\"woocommerce-Price-currencySymbol\">&euro;<\/span><\/bdi><\/span><span class=\"screen-reader-text\">Rango de prezos: desde 100,00&nbsp;&euro; ata 200,00&nbsp;&euro;<\/span><\/span>\n<\/a><a href=\"https:\/\/sinapseformacion.com\/gl\/produto\/curso-alimentacion-coruna\/\" rel=\"nofollow\" data-product_id=\"1951\" data-product_sku=\"curso alimentaci\u00f3n-1\" data-quantity=\"1\" class=\"button add_to_cart_button product_type_variable\">Ver detalles<\/a>\t<span id=\"woocommerce_loop_add_to_cart_link_describedby_1951\" class=\"screen-reader-text\">\n\t\tEste produto ten m\u00faltiples variantes. As opci\u00f3ns p\u00f3dense elixir na p\u00e1xina de produto\t<\/span>\n\n<\/li>\n<li class=\"product post-1928 type-product status-publish has-post-thumbnail product_cat-mixta product_cat-presencial first instock featured sold-individually shipping-taxable purchasable product-type-variable\">\n\n\t\t\t<style type=\"text\/css\" scoped>.woocommerce ul.products li.product.post-1928 a.button { background-color:#bcd16f}<\/style>\n        <a href=\"https:\/\/sinapseformacion.com\/gl\/produto\/manejo-del-dolor-en-el-paciente-neurologico-2\/\" class=\"woocommerce-LoopProduct-link woocommerce-loop-product__link\"><div class=\"shop-we-stdate\" style=\"background-color:#bcd16f\"><span class=\"day\">11<\/span><span class=\"month\">Abr<\/span><\/div><img loading=\"lazy\" decoding=\"async\" width=\"300\" height=\"300\" src=\"https:\/\/sinapseformacion.com\/wp-content\/uploads\/2025\/02\/dolor-neurologico-300x300.jpg\" class=\"attachment-woocommerce_thumbnail size-woocommerce_thumbnail\" alt=\"Manejo del dolor en el paciente neurol\u00f3gico (Talavera)\" srcset=\"https:\/\/sinapseformacion.com\/wp-content\/uploads\/2025\/02\/dolor-neurologico-300x300.jpg 300w, https:\/\/sinapseformacion.com\/wp-content\/uploads\/2025\/02\/dolor-neurologico-100x100.jpg 100w, https:\/\/sinapseformacion.com\/wp-content\/uploads\/2025\/02\/dolor-neurologico-700x700.jpg 700w, https:\/\/sinapseformacion.com\/wp-content\/uploads\/2025\/02\/dolor-neurologico-150x150.jpg 150w, https:\/\/sinapseformacion.com\/wp-content\/uploads\/2025\/02\/dolor-neurologico-768x768.jpg 768w, https:\/\/sinapseformacion.com\/wp-content\/uploads\/2025\/02\/dolor-neurologico-12x12.jpg 12w, https:\/\/sinapseformacion.com\/wp-content\/uploads\/2025\/02\/dolor-neurologico-85x85.jpg 85w, https:\/\/sinapseformacion.com\/wp-content\/uploads\/2025\/02\/dolor-neurologico.jpg 1024w, https:\/\/sinapseformacion.com\/wp-content\/uploads\/2025\/02\/dolor-neurologico-266x266.jpg 266w, https:\/\/sinapseformacion.com\/wp-content\/uploads\/2025\/02\/dolor-neurologico-32x32.jpg 32w, https:\/\/sinapseformacion.com\/wp-content\/uploads\/2025\/02\/dolor-neurologico-600x600.jpg 600w\" sizes=\"auto, (max-width: 300px) 100vw, 300px\" \/>\n\t\t<div class=\"shop-we-more-meta\">\n\t\t\t\t<span><i class=\"fa fa-calendar\"><\/i>11\/04\/2026<\/span>\n\t\t\t<span><i class=\"fa fa-shopping-basket\"><\/i>De <span class=\"woocommerce-Price-amount amount\"><bdi>100,00&nbsp;<span class=\"woocommerce-Price-currencySymbol\">&euro;<\/span><\/bdi><\/span><\/span>\n\t\t<\/div><h2 class=\"woocommerce-loop-product__title\">Manejo del dolor en el paciente neurol\u00f3gico (Talavera)<\/h2>\n\t<span class=\"price\"><span class=\"woocommerce-Price-amount amount\" aria-hidden=\"true\"><bdi>100,00&nbsp;<span class=\"woocommerce-Price-currencySymbol\">&euro;<\/span><\/bdi><\/span> <span aria-hidden=\"true\">-<\/span> <span class=\"woocommerce-Price-amount amount\" aria-hidden=\"true\"><bdi>350,00&nbsp;<span class=\"woocommerce-Price-currencySymbol\">&euro;<\/span><\/bdi><\/span><span class=\"screen-reader-text\">Rango de prezos: desde 100,00&nbsp;&euro; ata 350,00&nbsp;&euro;<\/span><\/span>\n<\/a><a href=\"https:\/\/sinapseformacion.com\/gl\/produto\/manejo-del-dolor-en-el-paciente-neurologico-2\/\" rel=\"nofollow\" data-product_id=\"1928\" data-product_sku=\"dolor-paciente-neurologico-1\" data-quantity=\"1\" class=\"button add_to_cart_button product_type_variable\">Ver detalles<\/a>\t<span id=\"woocommerce_loop_add_to_cart_link_describedby_1928\" class=\"screen-reader-text\">\n\t\tEste produto ten m\u00faltiples variantes. As opci\u00f3ns p\u00f3dense elixir na p\u00e1xina de produto\t<\/span>\n\n<\/li>\n<li class=\"product post-1925 type-product status-publish has-post-thumbnail product_cat-presencial  instock featured sold-individually shipping-taxable purchasable product-type-simple\">\n\n\t\t\t<style type=\"text\/css\" scoped>.woocommerce ul.products li.product.post-1925 a.button { background-color:#bcd16f}<\/style>\n        <a href=\"https:\/\/sinapseformacion.com\/gl\/produto\/manejo-del-dolor-en-el-paciente-neurologico\/\" class=\"woocommerce-LoopProduct-link woocommerce-loop-product__link\"><div class=\"shop-we-stdate\" style=\"background-color:#bcd16f\"><span class=\"day\">24<\/span><span class=\"month\">Abr<\/span><\/div><img loading=\"lazy\" decoding=\"async\" width=\"300\" height=\"300\" src=\"https:\/\/sinapseformacion.com\/wp-content\/uploads\/2025\/02\/dolor-neurologico-300x300.jpg\" class=\"attachment-woocommerce_thumbnail size-woocommerce_thumbnail\" alt=\"Manejo del dolor en el paciente neurol\u00f3gico (A Coru\u00f1a)\" srcset=\"https:\/\/sinapseformacion.com\/wp-content\/uploads\/2025\/02\/dolor-neurologico-300x300.jpg 300w, https:\/\/sinapseformacion.com\/wp-content\/uploads\/2025\/02\/dolor-neurologico-100x100.jpg 100w, https:\/\/sinapseformacion.com\/wp-content\/uploads\/2025\/02\/dolor-neurologico-700x700.jpg 700w, https:\/\/sinapseformacion.com\/wp-content\/uploads\/2025\/02\/dolor-neurologico-150x150.jpg 150w, https:\/\/sinapseformacion.com\/wp-content\/uploads\/2025\/02\/dolor-neurologico-768x768.jpg 768w, https:\/\/sinapseformacion.com\/wp-content\/uploads\/2025\/02\/dolor-neurologico-12x12.jpg 12w, https:\/\/sinapseformacion.com\/wp-content\/uploads\/2025\/02\/dolor-neurologico-85x85.jpg 85w, https:\/\/sinapseformacion.com\/wp-content\/uploads\/2025\/02\/dolor-neurologico.jpg 1024w, https:\/\/sinapseformacion.com\/wp-content\/uploads\/2025\/02\/dolor-neurologico-266x266.jpg 266w, https:\/\/sinapseformacion.com\/wp-content\/uploads\/2025\/02\/dolor-neurologico-32x32.jpg 32w, https:\/\/sinapseformacion.com\/wp-content\/uploads\/2025\/02\/dolor-neurologico-600x600.jpg 600w\" sizes=\"auto, (max-width: 300px) 100vw, 300px\" \/>\n\t\t<div class=\"shop-we-more-meta\">\n\t\t\t\t<span><i class=\"fa fa-calendar\"><\/i>24\/04\/2026<\/span>\n\t\t\t<span><i class=\"fa fa-shopping-basket\"><\/i><span class=\"woocommerce-Price-amount amount\"><bdi>350,00&nbsp;<span class=\"woocommerce-Price-currencySymbol\">&euro;<\/span><\/bdi><\/span><\/span>\n\t\t<\/div><h2 class=\"woocommerce-loop-product__title\">Manejo del dolor en el paciente neurol\u00f3gico (A Coru\u00f1a)<\/h2>\n\t<span class=\"price\"><span class=\"woocommerce-Price-amount amount\"><bdi>350,00&nbsp;<span class=\"woocommerce-Price-currencySymbol\">&euro;<\/span><\/bdi><\/span><\/span>\n<\/a><a href=\"https:\/\/sinapseformacion.com\/gl\/produto\/manejo-del-dolor-en-el-paciente-neurologico\/\" rel=\"nofollow\" data-product_id=\"1925\" data-product_sku=\"dolor-paciente-neurologico\" data-quantity=\"1\" class=\"button add_to_cart_button product_type_variable\">Ver detalles<\/a>\t<span id=\"woocommerce_loop_add_to_cart_link_describedby_1925\" class=\"screen-reader-text\">\n\t\t\t<\/span>\n\n<\/li>\n<\/ul>\n<\/div><\/div><\/div><\/div><\/div><\/div><\/div><\/div><\/div><div class=\"vc_row wpb_row vc_row-fluid\"><div class=\"wpb_column vc_column_container vc_col-sm-12\"><div class=\"vc_column-inner\"><div class=\"wpb_wrapper\"><\/div><\/div><\/div><\/div>\n","protected":false},"excerpt":{"rendered":"[mk_fancy_title tag_name=\"h1\" color=\"#bcd16f\" size=\"36\" txt_transform=\"uppercase\" margin_top=\"15\" margin_bottom=\"0\" font_family=\"Rubik\" font_type=\"google\" responsive_align=\"left\"]Formaci\u00f3n presencial y online[\/mk_fancy_title] 19Xu\u00f1 19\/06\/2026 De 130,00&nbsp;&euro; EJERCICIO TERAP\u00c9UTICO FUNCIONAL Y LONGEVIDAD EN NEURORREHABILITACI\u00d3N (Talavera) 130,00&nbsp;&euro; - 780,00&nbsp;&euro;Rango de prezos: desde 130,00&nbsp;&euro; ata 780,00&nbsp;&euro; Ver detalles Este produto ten m\u00faltiples variantes. As opci\u00f3ns p\u00f3dense elixir na p\u00e1xina de produto 17Out 17\/10\/2026 De [...]","protected":false},"author":2,"featured_media":0,"parent":0,"menu_order":0,"comment_status":"closed","ping_status":"closed","template":"","meta":{"footnotes":""},"class_list":["post-192","page","type-page","status-publish","hentry"],"yoast_head":"<!-- This site is optimized with the Yoast SEO plugin v27.0 - https:\/\/yoast.com\/product\/yoast-seo-wordpress\/ -->\n<title>Formaci\u00f3n &#8226; Formaci\u00f3n Sinapse<\/title>\n<meta name=\"robots\" content=\"index, follow, max-snippet:-1, max-image-preview:large, max-video-preview:-1\" \/>\n<link rel=\"canonical\" href=\"https:\/\/sinapseformacion.com\/gl\/\" \/>\n<meta property=\"og:locale\" content=\"gl_ES\" \/>\n<meta property=\"og:type\" content=\"article\" \/>\n<meta property=\"og:title\" content=\"Formaci\u00f3n &#8226; Formaci\u00f3n Sinapse\" \/>\n<meta property=\"og:url\" content=\"https:\/\/sinapseformacion.com\/gl\/\" \/>\n<meta property=\"og:site_name\" content=\"Formaci\u00f3n Sinapse\" \/>\n<meta property=\"article:publisher\" content=\"https:\/\/www.facebook.com\/sinapseneuro.formacion\" \/>\n<meta property=\"article:modified_time\" content=\"2026-02-17T13:41:48+00:00\" \/>\n<meta name=\"twitter:card\" content=\"summary_large_image\" \/>\n<meta name=\"twitter:site\" content=\"@SINAPSE_Cursos\" \/>\n<meta name=\"twitter:label1\" content=\"Tempo de lectura\" \/>\n\t<meta name=\"twitter:data1\" content=\"1 minuto\" \/>\n<script type=\"application\/ld+json\" class=\"yoast-schema-graph\">{\"@context\":\"https:\/\/schema.org\",\"@graph\":[{\"@type\":\"WebPage\",\"@id\":\"https:\/\/sinapseformacion.com\/\",\"url\":\"https:\/\/sinapseformacion.com\/\",\"name\":\"Formaci\u00f3n &#8226; Formaci\u00f3n Sinapse\",\"isPartOf\":{\"@id\":\"https:\/\/sinapseformacion.com\/#website\"},\"datePublished\":\"2020-06-13T15:15:43+00:00\",\"dateModified\":\"2026-02-17T13:41:48+00:00\",\"breadcrumb\":{\"@id\":\"https:\/\/sinapseformacion.com\/#breadcrumb\"},\"inLanguage\":\"gl-ES\",\"potentialAction\":[{\"@type\":\"ReadAction\",\"target\":[\"https:\/\/sinapseformacion.com\/\"]}]},{\"@type\":\"BreadcrumbList\",\"@id\":\"https:\/\/sinapseformacion.com\/#breadcrumb\",\"itemListElement\":[{\"@type\":\"ListItem\",\"position\":1,\"name\":\"Portada\",\"item\":\"https:\/\/sinapseformacion.com\/\"},{\"@type\":\"ListItem\",\"position\":2,\"name\":\"Formaci\u00f3n\"}]},{\"@type\":\"WebSite\",\"@id\":\"https:\/\/sinapseformacion.com\/#website\",\"url\":\"https:\/\/sinapseformacion.com\/\",\"name\":\"Formaci\u00f3n Sinapse\",\"description\":\"SINAPSE NEUROLOG\u00cdA SL - FORMACI\u00d3N \",\"publisher\":{\"@id\":\"https:\/\/sinapseformacion.com\/#organization\"},\"potentialAction\":[{\"@type\":\"SearchAction\",\"target\":{\"@type\":\"EntryPoint\",\"urlTemplate\":\"https:\/\/sinapseformacion.com\/?s={search_term_string}\"},\"query-input\":{\"@type\":\"PropertyValueSpecification\",\"valueRequired\":true,\"valueName\":\"search_term_string\"}}],\"inLanguage\":\"gl-ES\"},{\"@type\":\"Organization\",\"@id\":\"https:\/\/sinapseformacion.com\/#organization\",\"name\":\"Sinapse Formaci\u00f3n\",\"url\":\"https:\/\/sinapseformacion.com\/\",\"logo\":{\"@type\":\"ImageObject\",\"inLanguage\":\"gl-ES\",\"@id\":\"https:\/\/sinapseformacion.com\/#\/schema\/logo\/image\/\",\"url\":\"https:\/\/sinapseformacion.com\/wp-content\/uploads\/2020\/02\/logo-sinapse-neurologia-formacion.png\",\"contentUrl\":\"https:\/\/sinapseformacion.com\/wp-content\/uploads\/2020\/02\/logo-sinapse-neurologia-formacion.png\",\"width\":600,\"height\":260,\"caption\":\"Sinapse Formaci\u00f3n\"},\"image\":{\"@id\":\"https:\/\/sinapseformacion.com\/#\/schema\/logo\/image\/\"},\"sameAs\":[\"https:\/\/www.facebook.com\/sinapseneuro.formacion\",\"https:\/\/x.com\/SINAPSE_Cursos\"]}]}<\/script>\n<!-- \/ Yoast SEO plugin. -->","yoast_head_json":{"title":"Formaci\u00f3n &#8226; Formaci\u00f3n Sinapse","robots":{"index":"index","follow":"follow","max-snippet":"max-snippet:-1","max-image-preview":"max-image-preview:large","max-video-preview":"max-video-preview:-1"},"canonical":"https:\/\/sinapseformacion.com\/gl\/","og_locale":"gl_ES","og_type":"article","og_title":"Formaci\u00f3n &#8226; Formaci\u00f3n Sinapse","og_url":"https:\/\/sinapseformacion.com\/gl\/","og_site_name":"Formaci\u00f3n Sinapse","article_publisher":"https:\/\/www.facebook.com\/sinapseneuro.formacion","article_modified_time":"2026-02-17T13:41:48+00:00","twitter_card":"summary_large_image","twitter_site":"@SINAPSE_Cursos","twitter_misc":{"Tempo de lectura":"1 minuto"},"schema":{"@context":"https:\/\/schema.org","@graph":[{"@type":"WebPage","@id":"https:\/\/sinapseformacion.com\/","url":"https:\/\/sinapseformacion.com\/","name":"Formaci\u00f3n &#8226; Formaci\u00f3n Sinapse","isPartOf":{"@id":"https:\/\/sinapseformacion.com\/#website"},"datePublished":"2020-06-13T15:15:43+00:00","dateModified":"2026-02-17T13:41:48+00:00","breadcrumb":{"@id":"https:\/\/sinapseformacion.com\/#breadcrumb"},"inLanguage":"gl-ES","potentialAction":[{"@type":"ReadAction","target":["https:\/\/sinapseformacion.com\/"]}]},{"@type":"BreadcrumbList","@id":"https:\/\/sinapseformacion.com\/#breadcrumb","itemListElement":[{"@type":"ListItem","position":1,"name":"Portada","item":"https:\/\/sinapseformacion.com\/"},{"@type":"ListItem","position":2,"name":"Formaci\u00f3n"}]},{"@type":"WebSite","@id":"https:\/\/sinapseformacion.com\/#website","url":"https:\/\/sinapseformacion.com\/","name":"Formaci\u00f3n Sinapse","description":"SINAPSE NEUROLOG\u00cdA SL - FORMACI\u00d3N","publisher":{"@id":"https:\/\/sinapseformacion.com\/#organization"},"potentialAction":[{"@type":"SearchAction","target":{"@type":"EntryPoint","urlTemplate":"https:\/\/sinapseformacion.com\/?s={search_term_string}"},"query-input":{"@type":"PropertyValueSpecification","valueRequired":true,"valueName":"search_term_string"}}],"inLanguage":"gl-ES"},{"@type":"Organization","@id":"https:\/\/sinapseformacion.com\/#organization","name":"Sinapse Formaci\u00f3n","url":"https:\/\/sinapseformacion.com\/","logo":{"@type":"ImageObject","inLanguage":"gl-ES","@id":"https:\/\/sinapseformacion.com\/#\/schema\/logo\/image\/","url":"https:\/\/sinapseformacion.com\/wp-content\/uploads\/2020\/02\/logo-sinapse-neurologia-formacion.png","contentUrl":"https:\/\/sinapseformacion.com\/wp-content\/uploads\/2020\/02\/logo-sinapse-neurologia-formacion.png","width":600,"height":260,"caption":"Sinapse Formaci\u00f3n"},"image":{"@id":"https:\/\/sinapseformacion.com\/#\/schema\/logo\/image\/"},"sameAs":["https:\/\/www.facebook.com\/sinapseneuro.formacion","https:\/\/x.com\/SINAPSE_Cursos"]}]}},"_links":{"self":[{"href":"https:\/\/sinapseformacion.com\/gl\/wp-json\/wp\/v2\/pages\/192","targetHints":{"allow":["GET"]}}],"collection":[{"href":"https:\/\/sinapseformacion.com\/gl\/wp-json\/wp\/v2\/pages"}],"about":[{"href":"https:\/\/sinapseformacion.com\/gl\/wp-json\/wp\/v2\/types\/page"}],"author":[{"embeddable":true,"href":"https:\/\/sinapseformacion.com\/gl\/wp-json\/wp\/v2\/users\/2"}],"replies":[{"embeddable":true,"href":"https:\/\/sinapseformacion.com\/gl\/wp-json\/wp\/v2\/comments?post=192"}],"version-history":[{"count":26,"href":"https:\/\/sinapseformacion.com\/gl\/wp-json\/wp\/v2\/pages\/192\/revisions"}],"predecessor-version":[{"id":2015,"href":"https:\/\/sinapseformacion.com\/gl\/wp-json\/wp\/v2\/pages\/192\/revisions\/2015"}],"wp:attachment":[{"href":"https:\/\/sinapseformacion.com\/gl\/wp-json\/wp\/v2\/media?parent=192"}],"curies":[{"name":"wp","href":"https:\/\/api.w.org\/{rel}","templated":true}]}}