{"id":211,"date":"2020-06-14T11:44:33","date_gmt":"2020-06-14T10:44:33","guid":{"rendered":"https:\/\/sinapseformacion.com\/?page_id=211"},"modified":"2020-06-14T11:44:33","modified_gmt":"2020-06-14T10:44:33","slug":"politica-de-privacidad","status":"publish","type":"page","link":"https:\/\/sinapseformacion.com\/gl\/politica-de-privacidad\/","title":{"rendered":"Pol\u00edtica de Privacidade"},"content":{"rendered":"<div class=\"vc_row wpb_row vc_row-fluid\"><div class=\"wpb_column vc_column_container vc_col-sm-12\"><div class=\"vc_column-inner\"><div class=\"wpb_wrapper\">\n\t<div class=\"wpb_text_column wpb_content_element  vc_custom_1592131470172\" >\n\t\t<div class=\"wpb_wrapper\">\n\t\t\t<h2 style=\"text-align: left;\">POL\u00cdTICA DE PRIVACIDAD<\/h2>\n<h2 style=\"text-align: left;\">Obligaci\u00f3n de Secreto y Confidencialidad<\/h2>\n<p style=\"text-align: left;\"><strong>Sinapse Neurolog\u00eda Formaci\u00f3n SL <\/strong>(en adelante <strong>Sinapse Formaci\u00f3n<\/strong>), titular del presente portal, como responsable del tratamiento informa a las personas usuarias de este sitio web de su pol\u00edtica de protecci\u00f3n de datos de car\u00e1cter personal para que determinen libre y voluntariamente si desean facilitar a Sinapse Formaci\u00f3n los datos personales que se le puedan requerir o que se puedan obtener de la persona usuaria con ocasi\u00f3n de la suscripci\u00f3n o contrataci\u00f3n de cualquiera de los servicios ofertados por Sinapse Formaci\u00f3n a trav\u00e9s del mismo. Los datos personales ser\u00e1n tratados de manera confidencial y en conformidad con lo dispuesto en el <strong>Reglamento\u00a0 (UE) 2016\/679 de 27 de abril de 2016 (RGPD)\u00a0 relativo a la protecci\u00f3n de las personas f\u00edsicas y la LO 3\/2018, de 5 de diciembre, de Protecci\u00f3n de Datos Personales y garant\u00eda de los derechos digitales <\/strong>y ser\u00e1n incorporados a la correspondiente operaci\u00f3n de\u00a0 tratamiento de Sinapse Formaci\u00f3n.<\/p>\n<p style=\"text-align: left;\">Tenemos implantadas todas las medidas t\u00e9cnicas, organizativas y legales necesarias para evitar su alteraci\u00f3n, p\u00e9rdida, tratamiento o acceso no autorizado, habida cuenta en todo momento del estado de la tecnolog\u00eda y la naturaleza de los datos almacenados. El personal y voluntariado de Sinapse Formaci\u00f3n est\u00e1n comprometidos a no divulgar ni hacer uso de la informaci\u00f3n a la que hayan accedido por raz\u00f3n de su puesto.<\/p>\n<p style=\"text-align: left;\">Aunque en las transmisiones de datos a trav\u00e9s de internet o desde una web no es posible garantizar una protecci\u00f3n absoluta contra intrusiones, Sinapse Formaci\u00f3n dedica los m\u00e1ximos esfuerzos para mantener las medidas de protecci\u00f3n f\u00edsica, electr\u00f3nica y procedimental para garantizar la m\u00e1xima protecci\u00f3n de sus datos.<\/p>\n<p style=\"text-align: left;\">Entre las medidas que utilizamos se incluyen las siguientes:<\/p>\n<ul style=\"text-align: left;\">\n<li>limitar el acceso a sus datos \u00fanicamente a aquellas personas que deban conocerlos en atenci\u00f3n a las tareas que realizan;<\/li>\n<li>como regla general transferir en formato cifrado los datos recogidos ;<\/li>\n<li>almacenar los datos m\u00e1s sensibles (como los de tarjeta de cr\u00e9dito) s\u00f3lo en formato cifrado;<\/li>\n<li>instalar \u201cfirewalls\u201d para impedir accesos no autorizados, por ejemplo \u201chackers\u201d<\/li>\n<li>monitorizar habitualmente los accesos a los sistemas inform\u00e1ticos para detectar y detener cualquier uso indebido de los datos de car\u00e1cter personal.<\/li>\n<\/ul>\n<p style=\"text-align: left;\">Sinapse Formaci\u00f3n se reserva el derecho de\u00a0 modificar la presente pol\u00edtica de privacidad para adaptarla a novedades legislativas o jurisprudenciales, anunciando en esta p\u00e1gina los cambios introducidos. Ciertos servicios prestados en el portal pueden contener condiciones particulares con previsiones espec\u00edficas en materia de protecci\u00f3n de datos personales.<\/p>\n<h2 style=\"text-align: left;\">Responsable del tratamiento<\/h2>\n<ul style=\"text-align: left;\">\n<li><strong>Denominaci\u00f3n social:<\/strong> \u00a0Sinapse Neurolog\u00eda Formaci\u00f3n SL<\/li>\n<li><strong>CIF:<\/strong> \u00a0B70613518<\/li>\n<li><strong>Domicilio social:<\/strong> Av. Oza, 58 bajo, 15006 A Coru\u00f1a (A Coru\u00f1a)<\/li>\n<li><strong>Tel\u00e9fonos de contacto: <\/strong>981 906 731 \/ 623 029 777<\/li>\n<li><strong>Direcci\u00f3n de correo electr\u00f3nico:<\/strong> <a href=\"mailto:formacion@sinapseneurologia.com\">formacion@sinapseneurologia.com<\/a><\/li>\n<\/ul>\n<h2 style=\"text-align: left;\">Finalidades<\/h2>\n<ul style=\"text-align: left;\">\n<li><strong>CONTACTO<\/strong>: Tramitar consultas, solicitudes o cualquier tipo de petici\u00f3n sobre los servicios de Sinapse Formaci\u00f3n realizada por la persona usuaria a trav\u00e9s de cualquiera de las formas de contacto que se ponen a su disposici\u00f3n.<\/li>\n<li><strong>SUSCRIPCI\u00d3N: <\/strong>trataremos sus datos con la finalidad de enviarle nuestra newsletter cumpliendo con su petici\u00f3n de suscripci\u00f3n.<\/li>\n<li><strong>REGISTRO\/\u00c1REA DE USUARIO<\/strong>: Trataremos sus datos con la finalidad de crear su cuenta de persona usuaria.<\/li>\n<li><strong>TIENDA ONLINE:<\/strong> sus datos ser\u00e1n tratados con la finalidad de tramitar su matr\u00edcula en los cursos a trav\u00e9s de nuestra web.<\/li>\n<li><strong>DATOS RECOPILADOS POR EL SERVIDOR WEB<\/strong>: Los datos personales recopilados por el servidor web estar\u00e1n sujetos a procesamiento automatizado e incorporados a la operaci\u00f3n de tratamiento \u00abWEB\u00bb que legitima su obtenci\u00f3n.<\/li>\n<li>Versi\u00f3n del navegador<\/li>\n<li>Versi\u00f3n del sistema operativo<\/li>\n<li>Direcci\u00f3n IP<\/li>\n<li>Interfaz de usuario<\/li>\n<li>Idioma Navegador<\/li>\n<\/ul>\n<h3 style=\"text-align: left;\"><\/h3>\n<h2 style=\"text-align: left;\">Legitimaci\u00f3n del tratamiento<\/h2>\n<p style=\"text-align: left;\">La legitimaci\u00f3n del tratamiento de sus datos es consecuencia del consentimiento que presta rellenando con sus datos y enviando los formularios de nuestra web. (Art\u00edculo\u00a0 6.1 letra a RGPD)<\/p>\n<p style=\"text-align: left;\">Previo al tratamiento de los datos personales, Sinapse Formaci\u00f3n obtiene consentimiento expreso e inequ\u00edvoco del titular de los datos personales en base a un inter\u00e9s leg\u00edtimo de la persona usuaria, quien mediante la marcaci\u00f3n de las casillas de consentimiento informado correspondientes y la entrada de datos en los distintos campos de los formularios, marcados con un asterisco (*) en el formulario de contacto, aceptan, expresamente y de forma libre e inequ\u00edvoca, que sus datos son necesarias para atender su petici\u00f3n, por parte de Sinapse Formaci\u00f3n, siendo voluntaria la inclusi\u00f3n de datos en los campos restantes. La persona usuaria garantiza que los datos personales facilitados son veraces y se hace responsable de comunicar cualquier modificaci\u00f3n de los mismos.<\/p>\n<p style=\"text-align: left;\">Si se produce solicitud o encargo, la legitimaci\u00f3n ser\u00e1 la relaci\u00f3n derivada del mismo, pudiendo llegar a ser contractual y el cumplimiento de las obligaciones profesionales y legales derivadas del mismo. (Artigo\u00a0 6.1 letra b del RGPD)<\/p>\n<p style=\"text-align: left;\">Tambi\u00e9n existe la legitimaci\u00f3n a trav\u00e9s de la v\u00eda del inter\u00e9s del titular de la p\u00e1gina web o de la persona usuaria. (Art\u00edculo\u00a0 6.1 letra f del RGPD)<\/p>\n<h3 style=\"text-align: left;\"><strong>Comunicaciones de los datos<\/strong><\/h3>\n<p style=\"text-align: left;\">Los datos derivados del contacto y la consulta no ser\u00e1n comunicados a terceros, salvo autorizaci\u00f3n expresa u obligaci\u00f3n legal.<\/p>\n<h3 style=\"text-align: left;\"><strong>Conservaci\u00f3n de los datos<\/strong><\/h3>\n<p style=\"text-align: left;\">Sus datos personales se conservar\u00e1n\u00a0 durante el tiempo necesario para cumplir la finalidad para la cual se recogieron. Si sus datos se utilizan para varias finalidades que nos obligan a conservarlos durante plazos diferentes, aplicaremos el plazo de conservaci\u00f3n m\u00e1s largo y en todo caso se conservar\u00e1n durante el tiempo necesario para determinar las posibles responsabilidades que se pudieran derivar de dicha finalidad y del tratamiento de los datos.<\/p>\n<p style=\"text-align: left;\">Los datos de solicitud de suscripci\u00f3n se conservar\u00e1n en tanto no solicite la baja de nuestro newsletter.<\/p>\n<p style=\"text-align: left;\">Los datos econ\u00f3micos que se puedan generar se conservar\u00e1n conforme a la ley 58\/2003, de 17 de diciembre, General Tributaria, adem\u00e1s de los periodos establecidos en las dem\u00e1s normativas vinculantes.<\/p>\n<h3 style=\"text-align: left;\"><strong>Derechos de los interesados<\/strong><\/h3>\n<p style=\"text-align: left;\">Cualquier persona tiene derecho a acceder a sus datos personales, a actualizarlos, rectificar los datos inexactos, solicitar su supresi\u00f3n, portabilidad o la limitaci\u00f3n del tratamiento, en cuyo caso \u00fanicamente los conservaremos para el ejercicio o la defensa de reclamaciones. Tambi\u00e9n podr\u00e1n oponerse al tratamiento de sus datos y a la elaboraci\u00f3n de perfiles basados en el tratamiento automatizado de sus datos.<\/p>\n<p style=\"text-align: left;\">Los interesados tienen derecho a revocar el consentimiento prestado en cualquier momento.<\/p>\n<p style=\"text-align: left;\">Como consecuencia de la aplicaci\u00f3n del derecho a la supresi\u00f3n u oposici\u00f3n al tratamiento de datos personales en el entorno online los interesados tienen el derecho al olvido seg\u00fan la jurisprudencia que el Tribunal de Justicia de la UE determina.<\/p>\n<h3 style=\"text-align: left;\"><strong>Ejercicio de Derechos de Protecci\u00f3n de Datos<\/strong><\/h3>\n<p style=\"text-align: left;\">Los usuarios pueden ejercer sus derechos mediante escrito postal dirigido a Sinapse Neurolog\u00eda Formaci\u00f3n SL, Avda. de Oza, 58-bj, 15006 A Coru\u00f1a (A Coru\u00f1a) o a trav\u00e9s del correo electr\u00f3nico <a href=\"mailto:formacion@sinapseneurologia.com\">formacion@sinapseneurologia.com<\/a><\/p>\n<p style=\"text-align: left;\">Si considera que sus derechos no se han atendido debidamente, tiene derecho a presentar una reclamaci\u00f3n ante la Agencia Espa\u00f1ola de Protecci\u00f3n de Datos, con datos de contacto:<\/p>\n<ul style=\"text-align: left;\">\n<li><strong>Direcci\u00f3n postal<\/strong>: C\/Jorge Juan, 6, 28.001-Madrid<\/li>\n<li><strong>P\u00e1gina web<\/strong>: <a href=\"http:\/\/www.aepd.es\">aepd.es<\/a><\/li>\n<li><strong>Tel\u00e9fono<\/strong>: 901 100 099<\/li>\n<li><strong>Sede electr\u00f3nica<\/strong>: <a href=\"https:\/\/sedeagpd.gob.es\/sede-electronica-web\/\">https:\/\/sedeagpd.gob.es\/sede-electronica-web\/<\/a><\/li>\n<\/ul>\n<h3 style=\"text-align: left;\"><strong>Redes sociales<\/strong><\/h3>\n<p style=\"text-align: left;\">Contamos con perfil en redes sociales, reconoci\u00e9ndose en todos los casos responsable del tratamiento de los datos de sus seguidores, fans, suscriptores, comentaristas y otros perfiles de usuarios (en adelante, seguidores). El tratamiento que la entidad llevar\u00e1 a cabo con dichos datos ser\u00e1, como m\u00e1ximo, el que la red social permita a los perfiles corporativos. As\u00ed pues, podremos informar a los seguidores por cualquier v\u00eda que la red social permita sobre nuestras actividades. En ning\u00fan caso extraeremos datos de las redes sociales, a menos que se obtuviera puntual y expresamente el consentimiento de la persona usuaria para ello. Cuando, debido a la propia naturaleza de las redes sociales, el ejercicio efectivo de los derechos del seguidor quede supeditado a la modificaci\u00f3n del perfil personal de \u00e9ste, nos comprometemos a ayudarle y aconsejarle a tal fin en la medida de sus posibilidades.<\/p>\n<h3 style=\"text-align: left;\"><strong>Contenido aportado por los usuarios<\/strong><\/h3>\n<p style=\"text-align: left;\">En las redes sociales, formularios, blogs y similares instrumentos las personas usuarias pueden realizar comentarios. Toda la informaci\u00f3n y comentarios que se reciban se considerar\u00e1n cedidos a t\u00edtulo gratuito. La persona usuaria no debe enviar informaci\u00f3n que no pueda ser tratada de esta forma.<\/p>\n<p style=\"text-align: left;\">El titular de la p\u00e1gina web se reserva el derecho de publicar los comentarios que se env\u00eden y retirar todos aquellos que no est\u00e9n relacionados con el contenido de la entrada en la que se realiza el comentario, vulneren la propiedad intelectual, el respeto a la dignidad de la persona, el derecho al honor, la propia imagen o la intimidad, el derecho a la protecci\u00f3n de datos personales, que sean discriminatorios, xen\u00f3fobos, racistas, pornogr\u00e1ficos, que atenten contra la juventud o la infancia, el orden o la seguridad p\u00fablica o que, a su juicio, resultaran ilegales o, simplemente, no adecuados para su publicaci\u00f3n. Quien env\u00ede un comentario es responsable de aportar contenidos l\u00edcitos y de las posibles responsabilidades que por cualquier \u00edndole, puedan surtir, incluyendo las eventuales indemnizaciones. En cualquier caso el titular de la p\u00e1gina web no se hace responsable de las opiniones vertidas por las personas usuarias a trav\u00e9s de las herramientas de participaci\u00f3n, ni de los contenidos. Aquellos comentarios o contenidos no publicados o retirados ser\u00e1n destruidos.<\/p>\n<p style=\"text-align: left;\">Tampoco se recomienda el env\u00edo p\u00fablico de informaci\u00f3n propia y mucho menos de terceros, y se proh\u00edbe expresamente el incorporar datos sensibles o que vulneren cualquier tipo de derecho de las personas. Si la persona usuaria incluye datos de car\u00e1cter personal debe cumplir la normativa de protecci\u00f3n de datos. Respecto a los suyos puede ejercer los derechos consignados en el apartado anterior.<\/p>\n\n\t\t<\/div>\n\t<\/div>\n<\/div><\/div><\/div><\/div>","protected":false},"excerpt":{"rendered":"POL\u00cdTICA DE PRIVACIDAD Obligaci\u00f3n de Secreto y Confidencialidad Sinapse Neurolog\u00eda Formaci\u00f3n SL (en adelante Sinapse Formaci\u00f3n), titular del presente portal, como responsable del tratamiento informa a las personas usuarias de este sitio web de su pol\u00edtica de protecci\u00f3n de datos de car\u00e1cter personal para que determinen libre y voluntariamente si desean facilitar a Sinapse Formaci\u00f3n [...]","protected":false},"author":2,"featured_media":0,"parent":0,"menu_order":0,"comment_status":"closed","ping_status":"closed","template":"","meta":{"footnotes":""},"class_list":["post-211","page","type-page","status-publish","hentry"],"yoast_head":"<!-- This site is optimized with the Yoast SEO plugin v27.0 - https:\/\/yoast.com\/product\/yoast-seo-wordpress\/ -->\n<title>Pol\u00edtica de Privacidad &#8226; Formaci\u00f3n Sinapse<\/title>\n<meta name=\"robots\" content=\"index, follow, max-snippet:-1, max-image-preview:large, max-video-preview:-1\" \/>\n<link rel=\"canonical\" href=\"https:\/\/sinapseformacion.com\/gl\/politica-de-privacidad\/\" \/>\n<meta property=\"og:locale\" content=\"gl_ES\" \/>\n<meta property=\"og:type\" content=\"article\" \/>\n<meta property=\"og:title\" content=\"Pol\u00edtica de Privacidad &#8226; Formaci\u00f3n Sinapse\" \/>\n<meta property=\"og:url\" content=\"https:\/\/sinapseformacion.com\/gl\/politica-de-privacidad\/\" \/>\n<meta property=\"og:site_name\" content=\"Formaci\u00f3n Sinapse\" \/>\n<meta property=\"article:publisher\" content=\"https:\/\/www.facebook.com\/sinapseneuro.formacion\" \/>\n<meta name=\"twitter:card\" content=\"summary_large_image\" \/>\n<meta name=\"twitter:site\" content=\"@SINAPSE_Cursos\" \/>\n<meta name=\"twitter:label1\" content=\"Tempo de lectura\" \/>\n\t<meta name=\"twitter:data1\" content=\"9 minutos\" \/>\n<script type=\"application\/ld+json\" class=\"yoast-schema-graph\">{\"@context\":\"https:\/\/schema.org\",\"@graph\":[{\"@type\":\"WebPage\",\"@id\":\"https:\/\/sinapseformacion.com\/politica-de-privacidad\/\",\"url\":\"https:\/\/sinapseformacion.com\/politica-de-privacidad\/\",\"name\":\"Pol\u00edtica de Privacidad &#8226; Formaci\u00f3n Sinapse\",\"isPartOf\":{\"@id\":\"https:\/\/sinapseformacion.com\/#website\"},\"datePublished\":\"2020-06-14T10:44:33+00:00\",\"breadcrumb\":{\"@id\":\"https:\/\/sinapseformacion.com\/politica-de-privacidad\/#breadcrumb\"},\"inLanguage\":\"gl-ES\",\"potentialAction\":[{\"@type\":\"ReadAction\",\"target\":[\"https:\/\/sinapseformacion.com\/politica-de-privacidad\/\"]}]},{\"@type\":\"BreadcrumbList\",\"@id\":\"https:\/\/sinapseformacion.com\/politica-de-privacidad\/#breadcrumb\",\"itemListElement\":[{\"@type\":\"ListItem\",\"position\":1,\"name\":\"Portada\",\"item\":\"https:\/\/sinapseformacion.com\/\"},{\"@type\":\"ListItem\",\"position\":2,\"name\":\"Pol\u00edtica de Privacidad\"}]},{\"@type\":\"WebSite\",\"@id\":\"https:\/\/sinapseformacion.com\/#website\",\"url\":\"https:\/\/sinapseformacion.com\/\",\"name\":\"Formaci\u00f3n Sinapse\",\"description\":\"SINAPSE NEUROLOG\u00cdA SL - FORMACI\u00d3N \",\"publisher\":{\"@id\":\"https:\/\/sinapseformacion.com\/#organization\"},\"potentialAction\":[{\"@type\":\"SearchAction\",\"target\":{\"@type\":\"EntryPoint\",\"urlTemplate\":\"https:\/\/sinapseformacion.com\/?s={search_term_string}\"},\"query-input\":{\"@type\":\"PropertyValueSpecification\",\"valueRequired\":true,\"valueName\":\"search_term_string\"}}],\"inLanguage\":\"gl-ES\"},{\"@type\":\"Organization\",\"@id\":\"https:\/\/sinapseformacion.com\/#organization\",\"name\":\"Sinapse Formaci\u00f3n\",\"url\":\"https:\/\/sinapseformacion.com\/\",\"logo\":{\"@type\":\"ImageObject\",\"inLanguage\":\"gl-ES\",\"@id\":\"https:\/\/sinapseformacion.com\/#\/schema\/logo\/image\/\",\"url\":\"https:\/\/sinapseformacion.com\/wp-content\/uploads\/2020\/02\/logo-sinapse-neurologia-formacion.png\",\"contentUrl\":\"https:\/\/sinapseformacion.com\/wp-content\/uploads\/2020\/02\/logo-sinapse-neurologia-formacion.png\",\"width\":600,\"height\":260,\"caption\":\"Sinapse Formaci\u00f3n\"},\"image\":{\"@id\":\"https:\/\/sinapseformacion.com\/#\/schema\/logo\/image\/\"},\"sameAs\":[\"https:\/\/www.facebook.com\/sinapseneuro.formacion\",\"https:\/\/x.com\/SINAPSE_Cursos\"]}]}<\/script>\n<!-- \/ Yoast SEO plugin. -->","yoast_head_json":{"title":"Pol\u00edtica de Privacidad &#8226; Formaci\u00f3n Sinapse","robots":{"index":"index","follow":"follow","max-snippet":"max-snippet:-1","max-image-preview":"max-image-preview:large","max-video-preview":"max-video-preview:-1"},"canonical":"https:\/\/sinapseformacion.com\/gl\/politica-de-privacidad\/","og_locale":"gl_ES","og_type":"article","og_title":"Pol\u00edtica de Privacidad &#8226; Formaci\u00f3n Sinapse","og_url":"https:\/\/sinapseformacion.com\/gl\/politica-de-privacidad\/","og_site_name":"Formaci\u00f3n Sinapse","article_publisher":"https:\/\/www.facebook.com\/sinapseneuro.formacion","twitter_card":"summary_large_image","twitter_site":"@SINAPSE_Cursos","twitter_misc":{"Tempo de lectura":"9 minutos"},"schema":{"@context":"https:\/\/schema.org","@graph":[{"@type":"WebPage","@id":"https:\/\/sinapseformacion.com\/politica-de-privacidad\/","url":"https:\/\/sinapseformacion.com\/politica-de-privacidad\/","name":"Pol\u00edtica de Privacidad &#8226; Formaci\u00f3n Sinapse","isPartOf":{"@id":"https:\/\/sinapseformacion.com\/#website"},"datePublished":"2020-06-14T10:44:33+00:00","breadcrumb":{"@id":"https:\/\/sinapseformacion.com\/politica-de-privacidad\/#breadcrumb"},"inLanguage":"gl-ES","potentialAction":[{"@type":"ReadAction","target":["https:\/\/sinapseformacion.com\/politica-de-privacidad\/"]}]},{"@type":"BreadcrumbList","@id":"https:\/\/sinapseformacion.com\/politica-de-privacidad\/#breadcrumb","itemListElement":[{"@type":"ListItem","position":1,"name":"Portada","item":"https:\/\/sinapseformacion.com\/"},{"@type":"ListItem","position":2,"name":"Pol\u00edtica de Privacidad"}]},{"@type":"WebSite","@id":"https:\/\/sinapseformacion.com\/#website","url":"https:\/\/sinapseformacion.com\/","name":"Formaci\u00f3n Sinapse","description":"SINAPSE NEUROLOG\u00cdA SL - FORMACI\u00d3N","publisher":{"@id":"https:\/\/sinapseformacion.com\/#organization"},"potentialAction":[{"@type":"SearchAction","target":{"@type":"EntryPoint","urlTemplate":"https:\/\/sinapseformacion.com\/?s={search_term_string}"},"query-input":{"@type":"PropertyValueSpecification","valueRequired":true,"valueName":"search_term_string"}}],"inLanguage":"gl-ES"},{"@type":"Organization","@id":"https:\/\/sinapseformacion.com\/#organization","name":"Sinapse Formaci\u00f3n","url":"https:\/\/sinapseformacion.com\/","logo":{"@type":"ImageObject","inLanguage":"gl-ES","@id":"https:\/\/sinapseformacion.com\/#\/schema\/logo\/image\/","url":"https:\/\/sinapseformacion.com\/wp-content\/uploads\/2020\/02\/logo-sinapse-neurologia-formacion.png","contentUrl":"https:\/\/sinapseformacion.com\/wp-content\/uploads\/2020\/02\/logo-sinapse-neurologia-formacion.png","width":600,"height":260,"caption":"Sinapse Formaci\u00f3n"},"image":{"@id":"https:\/\/sinapseformacion.com\/#\/schema\/logo\/image\/"},"sameAs":["https:\/\/www.facebook.com\/sinapseneuro.formacion","https:\/\/x.com\/SINAPSE_Cursos"]}]}},"_links":{"self":[{"href":"https:\/\/sinapseformacion.com\/gl\/wp-json\/wp\/v2\/pages\/211","targetHints":{"allow":["GET"]}}],"collection":[{"href":"https:\/\/sinapseformacion.com\/gl\/wp-json\/wp\/v2\/pages"}],"about":[{"href":"https:\/\/sinapseformacion.com\/gl\/wp-json\/wp\/v2\/types\/page"}],"author":[{"embeddable":true,"href":"https:\/\/sinapseformacion.com\/gl\/wp-json\/wp\/v2\/users\/2"}],"replies":[{"embeddable":true,"href":"https:\/\/sinapseformacion.com\/gl\/wp-json\/wp\/v2\/comments?post=211"}],"version-history":[{"count":1,"href":"https:\/\/sinapseformacion.com\/gl\/wp-json\/wp\/v2\/pages\/211\/revisions"}],"predecessor-version":[{"id":212,"href":"https:\/\/sinapseformacion.com\/gl\/wp-json\/wp\/v2\/pages\/211\/revisions\/212"}],"wp:attachment":[{"href":"https:\/\/sinapseformacion.com\/gl\/wp-json\/wp\/v2\/media?parent=211"}],"curies":[{"name":"wp","href":"https:\/\/api.w.org\/{rel}","templated":true}]}}