{"id":213,"date":"2020-06-14T11:45:40","date_gmt":"2020-06-14T10:45:40","guid":{"rendered":"https:\/\/sinapseformacion.com\/?page_id=213"},"modified":"2026-02-19T00:51:07","modified_gmt":"2026-02-18T23:51:07","slug":"aviso-legal","status":"publish","type":"page","link":"https:\/\/sinapseformacion.com\/gl\/aviso-legal\/","title":{"rendered":"Aviso Legal"},"content":{"rendered":"\n<h1 class=\"wp-block-heading has-background-2-color has-text-color has-link-color wp-elements-267575d00f7228fe619aba8ce801de4b\">AVISO LEGAL<\/h1>\n\n\n\n<p class=\"has-text-align-left\">En cumplimiento de lo establecido en el Art. 10 de la Ley 34\/2002, de 11 de julio, de Servicios de la Sociedad de la Informaci\u00f3n y Comercio Electr\u00f3nico (LSSI-CE), se informa a la persona usuaria de lo siguiente:<\/p>\n\n\n\n<h2 class=\"wp-block-heading has-background-2-color has-text-color has-link-color wp-elements-94cda193cd432bbfcac7c67d5a821e1e\">Titular del Sitio Web<\/h2>\n\n\n\n<ul class=\"wp-block-list\">\n<li><strong>Denominaci\u00f3n social:<\/strong> \u00a0Sinapse Neurolog\u00eda Formaci\u00f3n SL<\/li>\n\n\n\n<li><strong>CIF:<\/strong> B70613518<\/li>\n\n\n\n<li><strong>Datos de contacto:<\/strong>\n<ul class=\"wp-block-list\">\n<li><strong>Direcci\u00f3n postal:<\/strong> \u00a0Av. Oza, 46-48 bajo, 15006 A Coru\u00f1a (A Coru\u00f1a)<\/li>\n\n\n\n<li><strong>Tel\u00e9fonos de contacto:<\/strong> \u00a0\u00a0\u00a0\u00a0\u00a0981 906 731 \/\/ 623 029 777<\/li>\n\n\n\n<li><strong>Direcci\u00f3n de correo electr\u00f3nico:<\/strong> \u00a0<a href=\"mailto:formacion@sinapseneurologia.com\">formacion@sinapseneurologia.com<\/a><\/li>\n\n\n\n<li><strong>Formulario online de contacto:<\/strong><\/li>\n<\/ul>\n<\/li>\n\n\n\n<li><strong>Nombre Comercial:<\/strong> \u00a0Sinapse Formaci\u00f3n<\/li>\n\n\n\n<li><strong>Perfiles en redes sociales:<\/strong>\n<ul class=\"wp-block-list\">\n<li>Facebook: \u00a0<a href=\"https:\/\/www.facebook.com\/sinapseneuro.formacion\/\">https:\/\/www.facebook.com\/sinapseneuro.formacion\/<\/a><\/li>\n\n\n\n<li>Instagram: <a href=\"https:\/\/www.instagram.com\/sinapse.formacion\/\">https:\/\/www.instagram.com\/sinapse.formacion\/<\/a><\/li>\n\n\n\n<li>Twitter: <a href=\"https:\/\/twitter.com\/SINAPSE_Cursos\">https:\/\/twitter.com\/SINAPSE_Cursos<\/a><\/li>\n<\/ul>\n<\/li>\n\n\n\n<li><strong>Datos del Registro:<\/strong> inscrita en el Registro de A Coru\u00f1a en el tomo 3716, Folio 215, inscripci\u00f3n 1\u00aa, hoja C-59.385<em>.<\/em><\/li>\n<\/ul>\n\n\n\n<h2 class=\"wp-block-heading has-background-2-color has-text-color has-link-color wp-elements-9dc9e64d67f1ed3f86055499ad06e1c6\">Condiciones de uso<\/h2>\n\n\n\n<p class=\"has-text-align-left\">Este Aviso Legal regula el acceso y utilizaci\u00f3n de la p\u00e1gina web <a href=\"https:\/\/sinapseformacion.com\">https:\/\/sinapseformacion.com<\/a> que Sinapse Neurolog\u00eda Formaci\u00f3n SL pone a disposici\u00f3n de las personas usuarias de Internet. Se entiende por persona usuaria aquella que acceda, navegue, utilice o participe en los servicios y actividades de la Web. La utilizaci\u00f3n del sitio web atribuye la condici\u00f3n de persona usuaria e implica conocer y ACEPTAR las condiciones y t\u00e9rminos de uso contenidas en ella. Si no est\u00e1 de acuerdo con alguna de las condiciones contenidas en este aviso, deber\u00e1 dejar de utilizar la p\u00e1gina web. El acceso y navegaci\u00f3n por la misma implica la aceptaci\u00f3n de dichas condiciones sin reservas.<\/p>\n\n\n\n<p class=\"has-text-align-left\">La presente p\u00e1gina web tiene por objeto facilitar a las personas usuarias, clientes y\/o potenciales clientes, informaci\u00f3n relativa a las actividades, productos y\/o servicios de <strong>SINAPSE NEUROLOG\u00cdA FORMACI\u00d3N SL<\/strong> u otra informaci\u00f3n que pueda resultar de inter\u00e9s.<\/p>\n\n\n\n<p class=\"has-text-align-left\">La informaci\u00f3n contenida en este sitio web est\u00e1 sujeta a actualizaci\u00f3n continua, por lo que la persona usuaria debe leer atentamente el presente Aviso Legal cada vez que desee acceder a las informaciones contenidas en la p\u00e1gina web, ya que las mismas pudieran haber sufrido modificaciones.<\/p>\n\n\n\n<h2 class=\"wp-block-heading has-background-2-color has-text-color has-link-color wp-elements-0efe20a0002280b4547c41137a3edc31\">Acceso<\/h2>\n\n\n\n<p class=\"has-text-align-left\">El acceso a la p\u00e1gina web por parte de las personas usuarias es p\u00fablico y gratuito.<\/p>\n\n\n\n<p class=\"has-text-align-left\">Algunos servicios y contenidos de la p\u00e1gina web est\u00e1n condicionados al registro previo de la persona usuaria &nbsp;o a la contrataci\u00f3n del servicio o producto en la forma que se determine en las condiciones particulares. En este caso el acceso se realizar\u00e1 mediante un identificador de usuario y una contrase\u00f1a.<\/p>\n\n\n\n<p class=\"has-text-align-left\">En aquellos casos en que le hayamos facilitado (o usted haya elegido) una contrase\u00f1a que le permita acceder a determinadas partes de nuestra web o de cualquier otro portal, aplicaci\u00f3n o servicio bajo nuestro control, deber\u00e1 mantenerla en secreto comprometi\u00e9ndose a no cederla o divulgarla y, en caso de que las mismas sean conocidas por terceros, a poner tal circunstancia en conocimiento de <strong>Sinapse Neurolog\u00eda Formaci\u00f3n SL<\/strong> o, de lo contrario, asumir la responsabilidad de cuanto se pueda realizar por un tercero por medio de dicha clave o contrase\u00f1a.<\/p>\n\n\n\n<p class=\"has-text-align-left\">Cuando sea necesario que la persona usuaria se registre o aporte datos personales para poder acceder a alguno de los servicios espec\u00edficos, la recogida, el tratamiento y, en su caso, la cesi\u00f3n o el acceso de los datos personales de las personas usuarias ser\u00e1 de aplicaci\u00f3n lo dispuesto en la Pol\u00edtica de Privacidad.<\/p>\n\n\n\n<p class=\"has-text-align-left\">Queda prohibida la contrataci\u00f3n\/alta de servicios a trav\u00e9s de la p\u00e1gina web por parte de menores de edad, debiendo obtener debidamente y con anterioridad, el consentimiento de sus padres, tutores o representantes legales, los cuales ser\u00e1n considerados como responsables de los actos que lleven a cabo los menores a su cargo, conforme a la normativa vigente.<\/p>\n\n\n\n<h2 class=\"wp-block-heading has-background-2-color has-text-color has-link-color wp-elements-d116808a068350d8bf2036d8767b2bd0\">Modificaci\u00f3n de la p\u00e1gina e interrupciones o errores en el acceso<\/h2>\n\n\n\n<p class=\"has-text-align-left\"><strong>Sinapse Neurolog\u00eda Formaci\u00f3n SL<\/strong> se reserva la facultad de efectuar, en cualquier momento y sin necesidad de previo aviso, modificaciones y actualizaciones de la informaci\u00f3n contenida en la p\u00e1gina web, de la configuraci\u00f3n y presentaci\u00f3n de \u00e9sta y de las condiciones de acceso.<\/p>\n\n\n\n<h2 class=\"wp-block-heading has-background-2-color has-text-color has-link-color wp-elements-a64b99273203ddda720307710f209b42\">Contenidos y p\u00e1ginas enlazadas<\/h2>\n\n\n\n<p class=\"has-text-align-left\">La informaci\u00f3n contenida en esta web tiene car\u00e1cter meramente informativo, y, en ning\u00fan caso constituye asesoramiento de ninguna \u00edndole. La pol\u00edtica de <strong>Sinapse Neurolog\u00eda Formaci\u00f3n SL<\/strong> es tratar de que los contenidos est\u00e9n siempre actualizados, pero puede suceder que no lo est\u00e9n.<\/p>\n\n\n\n<p class=\"has-text-align-left\">El Sitio Web contiene textos elaborados con fines meramente informativos o divulgativos que pueden no reflejar el estado actual y que se refieren a situaciones generales por lo que su contenido no puede ser aplicado nunca por el usuario a casos concretos. Las opiniones vertidas en los mismos no reflejan necesariamente los puntos de vista del titular de la p\u00e1gina web. El usuario no debe actuar sobre la base de la informaci\u00f3n contenida en este Sitio Web sin recurrir previamente a la correspondiente consulta con el personal de <strong>Sinapse Neurolog\u00eda Formaci\u00f3n SL<\/strong>.<\/p>\n\n\n\n<p class=\"has-text-align-left\">Las personas usuarias se comprometen a hacer un uso adecuado de los contenidos y servicios que el titular de la p\u00e1gina web ofrece.<\/p>\n\n\n\n<p class=\"has-text-align-left\">Los enlaces externos que contiene este Sitio Web conducen a sitios gestionados por terceros. El titular de la p\u00e1gina web no responde de los contenidos ni del estado de dichos sitios. El uso de enlaces externos tampoco implica que <strong>Sinapse Neurolog\u00eda Formaci\u00f3n SL<\/strong> recomiende o apruebe los contenidos de las p\u00e1ginas de destino.<\/p>\n\n\n\n<p class=\"has-text-align-left\">La funci\u00f3n de los enlaces que aparecen en esta p\u00e1gina es exclusivamente la de informar a las personas usuarias y clientes sobre la existencia de otras fuentes de informaci\u00f3n sobre la materia en Internet, donde podr\u00e1n ampliar o completar los datos ofrecidos en esta p\u00e1gina.<\/p>\n\n\n\n<p class=\"has-text-align-left\">En todo caso, <strong>Sinapse Neurolog\u00eda Formaci\u00f3n SL<\/strong> no asume responsabilidad derivada de los contenidos enlazados desde su p\u00e1gina web, ni puede garantizar la ausencia de virus, u otros elementos en los mismos que puedan producir alteraciones en el sistema inform\u00e1tico (hardware y software), en los documentos o los ficheros, o los datos de la persona usuaria, excluyendo cualquier responsabilidad por los da\u00f1os de cualquier clase causados a la persona usuaria por este motivo.<\/p>\n\n\n\n<p class=\"has-text-align-left\">Aunque los enlaces son supervisados regularmente para que no suceda, en el caso de que cualquier persona usuaria o un tercero, considerara que el contenido o los servicios prestados por las p\u00e1ginas enlazadas son il\u00edcitos, vulneran valores o principios constitucionales, o lesionan bienes o derechos de la propia persona usuaria o de un tercero, se ruega se comunique inmediatamente con <strong>Sinapse Neurolog\u00eda Formaci\u00f3n SL<\/strong> dicha circunstancia, y especialmente si los enlaces consisten en:<\/p>\n\n\n\n<ul class=\"wp-block-list\">\n<li>Actividades o contenidos susceptibles de ser considerados delictivos conforme a la normativa aplicable.<\/li>\n\n\n\n<li>Actividades o contenidos que violen derechos de propiedad intelectual o industrial.<\/li>\n\n\n\n<li>Actividades o contenidos que pongan en peligro el orden p\u00fablico, la investigaci\u00f3n penal, la seguridad p\u00fablica y la defensa nacional.<\/li>\n\n\n\n<li>Actividades o contenidos que pongan en peligro la protecci\u00f3n de la salud p\u00fablica, el respeto a la dignidad de la persona, al principio de no discriminaci\u00f3n, la protecci\u00f3n de la salud y la infancia, la protecci\u00f3n de datos de car\u00e1cter personal o cualquier otro valor o principio considerado de inter\u00e9s.<\/li>\n<\/ul>\n\n\n\n<p class=\"has-text-align-left\">Ciertos servicios prestados a trav\u00e9s del sitio web pueden contener condiciones particulares con previsiones espec\u00edficas en materia de protecci\u00f3n de datos personales. Se hace indispensable su lectura y aceptaci\u00f3n con car\u00e1cter previo a la solicitud del servicio de que se trate.<\/p>\n\n\n\n<h2 class=\"wp-block-heading has-background-2-color has-text-color has-link-color wp-elements-714e6dc98345d9f176b2317cde825d81\">Propiedad industrial e intelectual<\/h2>\n\n\n\n<p class=\"has-text-align-left\">Todos los contenidos, textos, fotograf\u00edas, gr\u00e1ficos, im\u00e1genes, iconos, tecnolog\u00eda, software, links y dem\u00e1s contenidos audiovisuales y\/o sonoros, as\u00ed como su dise\u00f1o gr\u00e1fico y c\u00f3digos fuente, son propiedad intelectual del titular de la p\u00e1gina web o de terceros, sin que pueda entenderse cedido a la persona usuaria ning\u00fan derecho de explotaci\u00f3n reconocido por la legislaci\u00f3n vigente.<\/p>\n\n\n\n<p class=\"has-text-align-left\">Las marcas, nombres comerciales y signos distintivos son titularidad de Sinapse Neurolog\u00eda Formaci\u00f3n SL o de terceros, sin que pueda entenderse que el acceso a la p\u00e1gina web de la que es objeto este aviso legal atribuye ning\u00fan derecho sobre los mismos.<\/p>\n\n\n\n<p class=\"has-text-align-left\">Aquellas personas usuarias que hagan comentarios en el blog o redes sociales ceden a t\u00edtulo gratuito sus derechos de propiedad intelectual, y est\u00e1n sometidos a las condiciones expresadas en el apartado <a href=\"#contenido_aportado\">contenido aportado por los usuarios<\/a>.<\/p>\n\n\n\n<h2 class=\"wp-block-heading has-background-2-color has-text-color has-link-color wp-elements-e50b15bf645ffd976a6965db7d8c49dc\">Responsabilidades<\/h2>\n\n\n\n<p class=\"has-text-align-left\">El titular de la p\u00e1gina web no ser\u00e1, en ning\u00fan caso, responsable por los da\u00f1os y perjuicios de cualquier \u00edndole derivados, directa o indirectamente, de la falta de lectura de este aviso, o del incumplimiento de las obligaciones especificadas en las condiciones. Asimismo, el titular de la p\u00e1gina web excluye cualquier responsabilidad por los da\u00f1os y perjuicios de toda naturaleza que, fuera de su efectivo control, puedan deberse a la transcripci\u00f3n, difusi\u00f3n, almacenamiento, puesta a disposici\u00f3n, recepci\u00f3n, obtenci\u00f3n o acceso a la p\u00e1gina web o a sus contenidos.<\/p>\n\n\n\n<h2 class=\"wp-block-heading has-background-2-color has-text-color has-link-color wp-elements-5a07ede3f554c4906dbfad253ef0ee38\">Normativa y Jurisdicci\u00f3n<\/h2>\n\n\n\n<p class=\"has-text-align-left\">Las presentes Condiciones de Uso del Sitio Web se rigen en todos y cada uno de sus extremos por la ley espa\u00f1ola. Este aviso legal no se archivar\u00e1 individualmente para cada persona usuaria sino que permanecer\u00e1 accesible por medio de Internet en este mismo sitio web. [\/vc_column_text][\/vc_column][\/vc_row]<\/p>\n","protected":false},"excerpt":{"rendered":"<p>AVISO LEGAL En cumplimiento de lo establecido en el Art. 10 de la Ley 34\/2002, de 11 de julio, de Servicios de la Sociedad de la Informaci\u00f3n y Comercio Electr\u00f3nico (LSSI-CE), se informa a la persona usuaria de lo siguiente: Titular del Sitio Web Condiciones de uso Este Aviso Legal regula el acceso y utilizaci\u00f3n [&hellip;]<\/p>\n","protected":false},"author":2,"featured_media":0,"parent":0,"menu_order":0,"comment_status":"closed","ping_status":"closed","template":"","meta":{"footnotes":""},"class_list":["post-213","page","type-page","status-publish","hentry"],"yoast_head":"<!-- This site is optimized with the Yoast SEO plugin v27.0 - https:\/\/yoast.com\/product\/yoast-seo-wordpress\/ -->\n<title>Aviso Legal &#8226; Formaci\u00f3n Sinapse<\/title>\n<meta name=\"robots\" content=\"index, follow, max-snippet:-1, max-image-preview:large, max-video-preview:-1\" \/>\n<link rel=\"canonical\" href=\"https:\/\/sinapseformacion.com\/gl\/aviso-legal\/\" \/>\n<meta property=\"og:locale\" content=\"gl_ES\" \/>\n<meta property=\"og:type\" content=\"article\" \/>\n<meta property=\"og:title\" content=\"Aviso Legal &#8226; Formaci\u00f3n Sinapse\" \/>\n<meta property=\"og:description\" content=\"AVISO LEGAL En cumplimiento de lo establecido en el Art. 10 de la Ley 34\/2002, de 11 de julio, de Servicios de la Sociedad de la Informaci\u00f3n y Comercio Electr\u00f3nico (LSSI-CE), se informa a la persona usuaria de lo siguiente: Titular del Sitio Web Condiciones de uso Este Aviso Legal regula el acceso y utilizaci\u00f3n [&hellip;]\" \/>\n<meta property=\"og:url\" content=\"https:\/\/sinapseformacion.com\/gl\/aviso-legal\/\" \/>\n<meta property=\"og:site_name\" content=\"Formaci\u00f3n Sinapse\" \/>\n<meta property=\"article:publisher\" content=\"https:\/\/www.facebook.com\/sinapseneuro.formacion\" \/>\n<meta property=\"article:modified_time\" content=\"2026-02-18T23:51:07+00:00\" \/>\n<meta name=\"twitter:card\" content=\"summary_large_image\" \/>\n<meta name=\"twitter:site\" content=\"@SINAPSE_Cursos\" \/>\n<meta name=\"twitter:label1\" content=\"Tempo de lectura\" \/>\n\t<meta name=\"twitter:data1\" content=\"8 minutos\" \/>\n<script type=\"application\/ld+json\" class=\"yoast-schema-graph\">{\"@context\":\"https:\/\/schema.org\",\"@graph\":[{\"@type\":\"WebPage\",\"@id\":\"https:\/\/sinapseformacion.com\/aviso-legal\/\",\"url\":\"https:\/\/sinapseformacion.com\/aviso-legal\/\",\"name\":\"Aviso Legal &#8226; Formaci\u00f3n Sinapse\",\"isPartOf\":{\"@id\":\"https:\/\/sinapseformacion.com\/#website\"},\"datePublished\":\"2020-06-14T10:45:40+00:00\",\"dateModified\":\"2026-02-18T23:51:07+00:00\",\"breadcrumb\":{\"@id\":\"https:\/\/sinapseformacion.com\/aviso-legal\/#breadcrumb\"},\"inLanguage\":\"gl-ES\",\"potentialAction\":[{\"@type\":\"ReadAction\",\"target\":[\"https:\/\/sinapseformacion.com\/aviso-legal\/\"]}]},{\"@type\":\"BreadcrumbList\",\"@id\":\"https:\/\/sinapseformacion.com\/aviso-legal\/#breadcrumb\",\"itemListElement\":[{\"@type\":\"ListItem\",\"position\":1,\"name\":\"Portada\",\"item\":\"https:\/\/sinapseformacion.com\/\"},{\"@type\":\"ListItem\",\"position\":2,\"name\":\"Aviso Legal\"}]},{\"@type\":\"WebSite\",\"@id\":\"https:\/\/sinapseformacion.com\/#website\",\"url\":\"https:\/\/sinapseformacion.com\/\",\"name\":\"Formaci\u00f3n Sinapse\",\"description\":\"SINAPSE NEUROLOG\u00cdA SL - FORMACI\u00d3N \",\"publisher\":{\"@id\":\"https:\/\/sinapseformacion.com\/#organization\"},\"potentialAction\":[{\"@type\":\"SearchAction\",\"target\":{\"@type\":\"EntryPoint\",\"urlTemplate\":\"https:\/\/sinapseformacion.com\/?s={search_term_string}\"},\"query-input\":{\"@type\":\"PropertyValueSpecification\",\"valueRequired\":true,\"valueName\":\"search_term_string\"}}],\"inLanguage\":\"gl-ES\"},{\"@type\":\"Organization\",\"@id\":\"https:\/\/sinapseformacion.com\/#organization\",\"name\":\"Sinapse Formaci\u00f3n\",\"url\":\"https:\/\/sinapseformacion.com\/\",\"logo\":{\"@type\":\"ImageObject\",\"inLanguage\":\"gl-ES\",\"@id\":\"https:\/\/sinapseformacion.com\/#\/schema\/logo\/image\/\",\"url\":\"https:\/\/sinapseformacion.com\/wp-content\/uploads\/2020\/02\/logo-sinapse-neurologia-formacion.png\",\"contentUrl\":\"https:\/\/sinapseformacion.com\/wp-content\/uploads\/2020\/02\/logo-sinapse-neurologia-formacion.png\",\"width\":600,\"height\":260,\"caption\":\"Sinapse Formaci\u00f3n\"},\"image\":{\"@id\":\"https:\/\/sinapseformacion.com\/#\/schema\/logo\/image\/\"},\"sameAs\":[\"https:\/\/www.facebook.com\/sinapseneuro.formacion\",\"https:\/\/x.com\/SINAPSE_Cursos\"]}]}<\/script>\n<!-- \/ Yoast SEO plugin. -->","yoast_head_json":{"title":"Aviso Legal &#8226; Formaci\u00f3n Sinapse","robots":{"index":"index","follow":"follow","max-snippet":"max-snippet:-1","max-image-preview":"max-image-preview:large","max-video-preview":"max-video-preview:-1"},"canonical":"https:\/\/sinapseformacion.com\/gl\/aviso-legal\/","og_locale":"gl_ES","og_type":"article","og_title":"Aviso Legal &#8226; Formaci\u00f3n Sinapse","og_description":"AVISO LEGAL En cumplimiento de lo establecido en el Art. 10 de la Ley 34\/2002, de 11 de julio, de Servicios de la Sociedad de la Informaci\u00f3n y Comercio Electr\u00f3nico (LSSI-CE), se informa a la persona usuaria de lo siguiente: Titular del Sitio Web Condiciones de uso Este Aviso Legal regula el acceso y utilizaci\u00f3n [&hellip;]","og_url":"https:\/\/sinapseformacion.com\/gl\/aviso-legal\/","og_site_name":"Formaci\u00f3n Sinapse","article_publisher":"https:\/\/www.facebook.com\/sinapseneuro.formacion","article_modified_time":"2026-02-18T23:51:07+00:00","twitter_card":"summary_large_image","twitter_site":"@SINAPSE_Cursos","twitter_misc":{"Tempo de lectura":"8 minutos"},"schema":{"@context":"https:\/\/schema.org","@graph":[{"@type":"WebPage","@id":"https:\/\/sinapseformacion.com\/aviso-legal\/","url":"https:\/\/sinapseformacion.com\/aviso-legal\/","name":"Aviso Legal &#8226; Formaci\u00f3n Sinapse","isPartOf":{"@id":"https:\/\/sinapseformacion.com\/#website"},"datePublished":"2020-06-14T10:45:40+00:00","dateModified":"2026-02-18T23:51:07+00:00","breadcrumb":{"@id":"https:\/\/sinapseformacion.com\/aviso-legal\/#breadcrumb"},"inLanguage":"gl-ES","potentialAction":[{"@type":"ReadAction","target":["https:\/\/sinapseformacion.com\/aviso-legal\/"]}]},{"@type":"BreadcrumbList","@id":"https:\/\/sinapseformacion.com\/aviso-legal\/#breadcrumb","itemListElement":[{"@type":"ListItem","position":1,"name":"Portada","item":"https:\/\/sinapseformacion.com\/"},{"@type":"ListItem","position":2,"name":"Aviso Legal"}]},{"@type":"WebSite","@id":"https:\/\/sinapseformacion.com\/#website","url":"https:\/\/sinapseformacion.com\/","name":"Formaci\u00f3n Sinapse","description":"SINAPSE NEUROLOG\u00cdA SL - FORMACI\u00d3N","publisher":{"@id":"https:\/\/sinapseformacion.com\/#organization"},"potentialAction":[{"@type":"SearchAction","target":{"@type":"EntryPoint","urlTemplate":"https:\/\/sinapseformacion.com\/?s={search_term_string}"},"query-input":{"@type":"PropertyValueSpecification","valueRequired":true,"valueName":"search_term_string"}}],"inLanguage":"gl-ES"},{"@type":"Organization","@id":"https:\/\/sinapseformacion.com\/#organization","name":"Sinapse Formaci\u00f3n","url":"https:\/\/sinapseformacion.com\/","logo":{"@type":"ImageObject","inLanguage":"gl-ES","@id":"https:\/\/sinapseformacion.com\/#\/schema\/logo\/image\/","url":"https:\/\/sinapseformacion.com\/wp-content\/uploads\/2020\/02\/logo-sinapse-neurologia-formacion.png","contentUrl":"https:\/\/sinapseformacion.com\/wp-content\/uploads\/2020\/02\/logo-sinapse-neurologia-formacion.png","width":600,"height":260,"caption":"Sinapse Formaci\u00f3n"},"image":{"@id":"https:\/\/sinapseformacion.com\/#\/schema\/logo\/image\/"},"sameAs":["https:\/\/www.facebook.com\/sinapseneuro.formacion","https:\/\/x.com\/SINAPSE_Cursos"]}]}},"_links":{"self":[{"href":"https:\/\/sinapseformacion.com\/gl\/wp-json\/wp\/v2\/pages\/213","targetHints":{"allow":["GET"]}}],"collection":[{"href":"https:\/\/sinapseformacion.com\/gl\/wp-json\/wp\/v2\/pages"}],"about":[{"href":"https:\/\/sinapseformacion.com\/gl\/wp-json\/wp\/v2\/types\/page"}],"author":[{"embeddable":true,"href":"https:\/\/sinapseformacion.com\/gl\/wp-json\/wp\/v2\/users\/2"}],"replies":[{"embeddable":true,"href":"https:\/\/sinapseformacion.com\/gl\/wp-json\/wp\/v2\/comments?post=213"}],"version-history":[{"count":5,"href":"https:\/\/sinapseformacion.com\/gl\/wp-json\/wp\/v2\/pages\/213\/revisions"}],"predecessor-version":[{"id":2036,"href":"https:\/\/sinapseformacion.com\/gl\/wp-json\/wp\/v2\/pages\/213\/revisions\/2036"}],"wp:attachment":[{"href":"https:\/\/sinapseformacion.com\/gl\/wp-json\/wp\/v2\/media?parent=213"}],"curies":[{"name":"wp","href":"https:\/\/api.w.org\/{rel}","templated":true}]}}