{"id":217,"date":"2020-06-14T11:53:14","date_gmt":"2020-06-14T10:53:14","guid":{"rendered":"https:\/\/sinapseformacion.com\/?page_id=217"},"modified":"2020-06-14T11:53:14","modified_gmt":"2020-06-14T10:53:14","slug":"politica-cookies","status":"publish","type":"page","link":"https:\/\/sinapseformacion.com\/gl\/politica-cookies\/","title":{"rendered":"Pol\u00edtica de Cookies"},"content":{"rendered":"<div class=\"vc_row wpb_row vc_row-fluid\"><div class=\"wpb_column vc_column_container vc_col-sm-12\"><div class=\"vc_column-inner\"><div class=\"wpb_wrapper\">\n\t<div class=\"wpb_text_column wpb_content_element  vc_custom_1592131991888\" >\n\t\t<div class=\"wpb_wrapper\">\n\t\t\t<h1>Pol\u00edtica de cookies<\/h1>\n<h2>Cookies<\/h2>\n<ol>\n<li><strong>Sinapse Formaci\u00f3n <\/strong>le informa que este Sitio Web utiliza cookies propias y de terceros que ayudan a optimizar su visita. Si contin\u00faa navegando por este Sitio Web, consideramos que acepta su uso.<\/li>\n<li>Una cookie (o galleta inform\u00e1tica) es una peque\u00f1a informaci\u00f3n enviada por un sitio web y almacenada en el navegador de la persona usuaria, de manera que el sitio web puede consultar la actividad previa de la persona usuaria, por ejemplo el lugar desde el que accede, el tiempo de conexi\u00f3n, el sistema operativo y navegador utilizados, las p\u00e1ginas m\u00e1s visitadas, el n\u00famero de clicks realizados, datos respecto al comportamiento de la persona usuaria en Internet o llevar el control de las mismas (cuando la personas usuaria introduce su nombre de usuario y contrase\u00f1a, se almacena una cookie para que no tenga que estar introduci\u00e9ndolas para cada p\u00e1gina del servidor).<\/li>\n<li><strong>Sinapse Formaci\u00f3n <\/strong>tiene la obligaci\u00f3n por el Real Decreto-Ley 13\/2012 que modifica la Ley 34\/2002, de 11 de julio, de servicios de la sociedad de la informaci\u00f3n y del comercio electr\u00f3nico, de informar y obtener el consentimiento de la persona usuaria\/a acerca del uso de las cookies de este Sitio Web.<\/li>\n<\/ol>\n<h2>Tipos de cookies<\/h2>\n<ol>\n<li>Seg\u00fan quien sea la entidad que gestione el dominio desde donde se env\u00edan las cookies y trate los datos que se obtengan se poden distinguir dos tipos:<\/li>\n<\/ol>\n<ol>\n<li><strong>Cookies propias:<\/strong> Son aquellas que se env\u00edan a tu equipo desde nuestros propios equipos o dominios y desde el que prestamos el servicio que nos solicitas.<\/li>\n<li><strong>Cookies de terceros:<\/strong> Son aquellas que se env\u00edan a tu equipo desde un equipo o dominio que no es gestionado por nosotros, sino por otra entidad colaboradora. Como por ejemplo, las usadas por redes sociales, o por contenido externo como Google Maps.<\/li>\n<\/ol>\n<ol start=\"2\">\n<li>Existe tambi\u00e9n una segunda clasificaci\u00f3n seg\u00fan el plazo de tiempo que permanecen almacenadas en el navegador de la persona usuaria\/a:<\/li>\n<\/ol>\n<ol>\n<li><strong>Cookies de sesi\u00f3n:<\/strong> Son cookies temporales que permanecen en el archivo de cookies de tu navegador hasta que abandonas la p\u00e1gina web, por lo que ninguna queda registrada en el disco duro de tu ordenador. La informaci\u00f3n obtenida por medio de estas cookies, sirven para analizar pautas de tr\u00e1fico en la web. A la larga, esto nos permite proporcionar una mejor experiencia para mejorar el contenido y facilitar su uso.<\/li>\n<li><strong>Cookies persistentes:<\/strong> Son almacenadas en el disco duro y nuestra web las lee cada vez que realizas una nueva visita. Una web permanente posee una fecha de expiraci\u00f3n determinada. La cookie dejar\u00e1 de funcionar despu\u00e9s de esa fecha.<\/li>\n<\/ol>\n<ol start=\"3\">\n<li>Por \u00faltimo, existe otra clasificaci\u00f3n con cinco tipos de cookies seg\u00fan la finalidad para a que se traten los datos obtenidos:<\/li>\n<li><strong>Cookies t\u00e9cnicas:<\/strong> Son aquellas necesarias para la navegaci\u00f3n y el buen funcionamiento de nuestra p\u00e1gina web. Permiten por ejemplo, controlar el tr\u00e1fico y la comunicaci\u00f3n de datos, acceder a partes de acceso restringido, utilizar elementos de seguridad, almacenar contenidos para poder difundir v\u00eddeos o compartir contenidos a trav\u00e9s de redes sociales.<\/li>\n<li><strong>Cookies de personalizaci\u00f3n:<\/strong> Son aqu\u00e9llas que te permiten acceder al servicio con unas caracter\u00edsticas predefinidas en funci\u00f3n de una serie de criterios, como por ejemplo el idioma, el tipo de navegador a trav\u00e9s del cual se accede al servicio, la configuraci\u00f3n regional desde donde se accede al servicio, etc.<\/li>\n<li><strong>Cookies de an\u00e1lisis:<\/strong> Son aqu\u00e9llas que nos permiten cuantificar el n\u00famero de usuarios y as\u00ed realizar la medici\u00f3n y an\u00e1lisis estad\u00edstico de la utilizaci\u00f3n que hacen los usuarios de los servicios prestados.<\/li>\n<li><strong>Cookies publicitarias:<\/strong> Son aqu\u00e9llas que permiten la gesti\u00f3n, de la forma m\u00e1s eficaz posible, de los espacios publicitarios que se pudieran incluir en nuestra p\u00e1gina web, como limitar el n\u00famero de veces que ves un anuncio.<\/li>\n<li><strong>Cookies de publicidad comportamental:<\/strong> Estas cookies almacenan informaci\u00f3n del comportamiento de los usuarios obtenida a trav\u00e9s de la observaci\u00f3n continuada. Gracias a ellas se pueden conocer los h\u00e1bitos de navegaci\u00f3n en internet y mostrar publicidad relacionada con el perfil de navegaci\u00f3n.<\/li>\n<\/ol>\n<h2>Cookies empleadas en este Sitio Web<\/h2>\n<p>A continuaci\u00f3n se identifican las cookies empleadas en este Sitio Web<\/p>\n<h4><strong>A. Cookies t\u00e9cnicas <\/strong><\/h4>\n<ol>\n<li>Nombre: <strong>Moove_gdpr_popup<\/strong> \u00b7 Caducidad: 90 d\u00edas<\/li>\n<\/ol>\n<p>Descripci\u00f3n: Esta cookie es usada para guardar la configuraci\u00f3n de las cookies que hace el usuario y tambi\u00e9n es esencial.<\/p>\n<ul>\n<li>PHPSESSID: para realizar un seguimiento de las sesiones.<\/li>\n<li>wfvt_[XXXX\u2026]: para almacenar los datos de visita del usuario y ofrec\u00e9rselos en futuras visitas.<\/li>\n<\/ul>\n<p>La informaci\u00f3n obtenida por medio de estas cookie tiene la finalidad que a continuaci\u00f3n se determinan en relaci\u00f3n a los datos que almacena:<\/p>\n<h3>1.3. Cookies de terceros<\/h3>\n<p>Las cookies de terceros que pueden instalarse en el Website, son:<\/p>\n<h4><strong>A.\u00a0 Cookies anal\u00edticas<\/strong><\/h4>\n<ol>\n<li>Nombre: <strong>_ga<\/strong> \u00b7 Propietario: Google \u00b7 Caducidad: 2 a\u00f1os<\/li>\n<\/ol>\n<p>Descripci\u00f3n: Cookie anal\u00edtica de Google Analytics. Sirve para distinguir a los usuarios. La biblioteca ga puede configurar las siguientes cookies:<\/p>\n<p><em>-utma : distingue usuarios y sesiones.<\/em><\/p>\n<p><em>-utmt : se usa para limitar el porcentaje de solicitudes.<\/em><\/p>\n<p><em>-utmb: se usa para determinar nuevas sesiones o visitas.<\/em><\/p>\n<p><em>-utmc : no se usa en ga.js.<\/em><\/p>\n<p><em>-utmv : almacena datos de variables personalizadas de visitante.<\/em><\/p>\n<p><em>-utmz : almacena la fuente de tr\u00e1fico o la campa\u00f1a que explica c\u00f3mo ha llegado el usuario al sitio.<\/em><\/p>\n<ol start=\"2\">\n<li>Nombre: <strong>_gat_gtag<\/strong> \u00b7 Propietario: Google \u00b7 Caducidad: Sesi\u00f3n<\/li>\n<\/ol>\n<p>Descripci\u00f3n: Cookie anal\u00edtica de Google Analytics. Limita el porcentaje de solicitudes.<\/p>\n<ol start=\"3\">\n<li>Nombre: <strong>_gid<\/strong> \u00b7 Propietario: Google \u00b7 Caducidad: 24 horas<\/li>\n<\/ol>\n<p>Descripci\u00f3n: Cookie anal\u00edtica de Google Analytics. Sirve para distinguir a los usuarios.<\/p>\n<p>Dadas las caracter\u00edsticas de Internet, no siempre contamos con informaci\u00f3n de las cookies que colocan terceras partes a trav\u00e9s de este Sitio Web. Por consiguiente, en el caso de que se encuentre con este tipo de cookies en este Sitio Web y no est\u00e9n aqu\u00ed descritas, le rogamos que nos lo comunique. Tambi\u00e9n puede ponerse en contacto directamente con el tercero para pedir le informaci\u00f3n sobre las cookies que coloca, la finalidad y la duraci\u00f3n de la cookie, y c\u00f3mo garantiza la privacidad de la persona usuaria\/a.<\/p>\n<h2>Aceptar las cookies<\/h2>\n<p>Al aceptar nuestras cookies recopilamos informaci\u00f3n que se almacena en su equipo con la finalidad descrita en la tabla para cada cookies. Que una cookie se instale en el equipo de la persona usuaria depende de su aceptaci\u00f3n, la cual se puede\u00a0 modificar gratuitamente en cualquier momento.<\/p>\n<p>Si\u00a0 ha aceptado en su navegador el uso de las cookies, \u00e9stas se almacenan temporalmente en el equipo de la persona usuaria.<\/p>\n<h2>Rechazar las cookies<\/h2>\n<p>Si usted rechaza la instalaci\u00f3n de cookies o elimina las instaladas en accesos anteriores, debe tener en cuenta que no podr\u00e1 beneficiarse de una serie de utilidades que son necesarias para navegar en algunas zonas de nuestra p\u00e1gina web.<\/p>\n<p>La negativa a la instalaci\u00f3n de cookies o su supresi\u00f3n por parte de la persona usuaria, puede suponer un incorrecto funcionamiento de la p\u00e1gina web; debido a la imposibilidad de registrar o ver las cookies necesarias para el perfecto funcionamiento de la p\u00e1gina web.<\/p>\n<h2>Modificar la configuraci\u00f3n de las cookies.<\/h2>\n<p>La persona usuaria puede permitir, bloquear o eliminar las cookies instaladas en su equipo mediante la configuraci\u00f3n de las opciones del navegador instalado en su equipo. Consulte las opciones e instrucciones que ofrece su navegador para ello. Tenga en cuenta que si acepta las cookies de terceros, deber\u00e1 eliminarlas desde las opciones del navegador<\/p>\n<ul>\n<li>Para m\u00e1s informaci\u00f3n sobre Internet Explorer pulse <a href=\"https:\/\/support.microsoft.com\/es-es\/help\/17442\/windows-internet-explorer-delete-manage-cookies\">aqu\u00ed<\/a><\/li>\n<li>Para m\u00e1s informaci\u00f3n sobre Microsoft Edge pulse <a href=\"https:\/\/support.microsoft.com\/es-es\/help\/4468242\/microsoft-edge-browsing-data-and-privacy-microsoft-privacy\">aqu\u00ed<\/a><\/li>\n<li>Para m\u00e1s informaci\u00f3n sobre Firefox pulse <a href=\"http:\/\/support.mozilla.org\/es\/kb\/Borrar%20cookies\">aqu\u00ed<\/a><\/li>\n<li>Para m\u00e1s informaci\u00f3n sobre Chrome pulse <a href=\"http:\/\/support.google.com\/chrome\/answer\/95647?hl=%22es%22\">aqu\u00ed<\/a><\/li>\n<li>Para m\u00e1s informaci\u00f3n sobre Safari pulse <a href=\"http:\/\/www.apple.com\/es\/privacy\/use-of-cookies\/\">aqu\u00ed<\/a><\/li>\n<li>Para m\u00e1s informaci\u00f3n sobre Safari IOS pulse <a href=\"http:\/\/support.apple.com\/kb\/HT1677?viewlocale=es_ES&amp;locale=es_ES\">aqu\u00ed<\/a><\/li>\n<li>Para m\u00e1s informaci\u00f3n sobre Android pulse <a href=\"https:\/\/support.google.com\/chrome\/answer\/95647?hl=%22es%22\">aqu\u00ed<\/a><\/li>\n<li>Para m\u00e1s informaci\u00f3n sobre BlackBerry pulse <a href=\"https:\/\/www.blackberry.com\/us\/en\/legal\/privacy-policy\">aqu\u00ed<\/a><\/li>\n<\/ul>\n<p>Tambi\u00e9n puede usted dirigirse al portal <a href=\"http:\/\/www.youronlinechoices.com\/es\/\">Your Online Choices<\/a> o al portal <a href=\"http:\/\/www.ghostery.com\">Ghostery<\/a> donde podr\u00e1 configurar, proveedor por proveedor, sus preferencias sobre las cookies publicitarias de terceros.<\/p>\n<h2>Gu\u00eda sobre el uso de las cookies.<\/h2>\n<p>Puede obtener m\u00e1s informaci\u00f3n sobre el uso de las cookies en la gu\u00eda elaborada por la Agencia Espa\u00f1ola de Protecci\u00f3n de Datos pulsando\u00a0<a href=\"https:\/\/www.aepd.es\/sites\/default\/files\/2019-12\/guia-cookies_1.pdf\">aqu\u00ed<\/a>.<\/p>\n<h2>Revocaci\u00f3n del consentimiento sobre el uso de las cookies.<\/h2>\n<p>Puede revocar el consentimiento pulsando la barra emergente \u201cPol\u00edtica de Cookies\u201d y clickando el bot\u00f3n \u201cRechazar\u201d.<strong><br \/>\n<\/strong><\/p>\n\n\t\t<\/div>\n\t<\/div>\n<\/div><\/div><\/div><\/div>\n","protected":false},"excerpt":{"rendered":"Pol\u00edtica de cookies Cookies Sinapse Formaci\u00f3n le informa que este Sitio Web utiliza cookies propias y de terceros que ayudan a optimizar su visita. Si contin\u00faa navegando por este Sitio Web, consideramos que acepta su uso. Una cookie (o galleta inform\u00e1tica) es una peque\u00f1a informaci\u00f3n enviada por un sitio web y almacenada en el navegador [...]","protected":false},"author":2,"featured_media":0,"parent":0,"menu_order":0,"comment_status":"closed","ping_status":"closed","template":"","meta":{"footnotes":""},"class_list":["post-217","page","type-page","status-publish","hentry"],"yoast_head":"<!-- This site is optimized with the Yoast SEO plugin v27.0 - https:\/\/yoast.com\/product\/yoast-seo-wordpress\/ -->\n<title>Pol\u00edtica de Cookies &#8226; Formaci\u00f3n Sinapse<\/title>\n<meta name=\"robots\" content=\"index, follow, max-snippet:-1, max-image-preview:large, max-video-preview:-1\" \/>\n<link rel=\"canonical\" href=\"https:\/\/sinapseformacion.com\/gl\/politica-cookies\/\" \/>\n<meta property=\"og:locale\" content=\"gl_ES\" \/>\n<meta property=\"og:type\" content=\"article\" \/>\n<meta property=\"og:title\" content=\"Pol\u00edtica de Cookies &#8226; Formaci\u00f3n Sinapse\" \/>\n<meta property=\"og:url\" content=\"https:\/\/sinapseformacion.com\/gl\/politica-cookies\/\" \/>\n<meta property=\"og:site_name\" content=\"Formaci\u00f3n Sinapse\" \/>\n<meta property=\"article:publisher\" content=\"https:\/\/www.facebook.com\/sinapseneuro.formacion\" \/>\n<meta name=\"twitter:card\" content=\"summary_large_image\" \/>\n<meta name=\"twitter:site\" content=\"@SINAPSE_Cursos\" \/>\n<meta name=\"twitter:label1\" content=\"Tempo de lectura\" \/>\n\t<meta name=\"twitter:data1\" content=\"7 minutos\" \/>\n<script type=\"application\/ld+json\" class=\"yoast-schema-graph\">{\"@context\":\"https:\/\/schema.org\",\"@graph\":[{\"@type\":\"WebPage\",\"@id\":\"https:\/\/sinapseformacion.com\/politica-cookies\/\",\"url\":\"https:\/\/sinapseformacion.com\/politica-cookies\/\",\"name\":\"Pol\u00edtica de Cookies &#8226; Formaci\u00f3n Sinapse\",\"isPartOf\":{\"@id\":\"https:\/\/sinapseformacion.com\/#website\"},\"datePublished\":\"2020-06-14T10:53:14+00:00\",\"breadcrumb\":{\"@id\":\"https:\/\/sinapseformacion.com\/politica-cookies\/#breadcrumb\"},\"inLanguage\":\"gl-ES\",\"potentialAction\":[{\"@type\":\"ReadAction\",\"target\":[\"https:\/\/sinapseformacion.com\/politica-cookies\/\"]}]},{\"@type\":\"BreadcrumbList\",\"@id\":\"https:\/\/sinapseformacion.com\/politica-cookies\/#breadcrumb\",\"itemListElement\":[{\"@type\":\"ListItem\",\"position\":1,\"name\":\"Portada\",\"item\":\"https:\/\/sinapseformacion.com\/\"},{\"@type\":\"ListItem\",\"position\":2,\"name\":\"Pol\u00edtica de Cookies\"}]},{\"@type\":\"WebSite\",\"@id\":\"https:\/\/sinapseformacion.com\/#website\",\"url\":\"https:\/\/sinapseformacion.com\/\",\"name\":\"Formaci\u00f3n Sinapse\",\"description\":\"SINAPSE NEUROLOG\u00cdA SL - FORMACI\u00d3N \",\"publisher\":{\"@id\":\"https:\/\/sinapseformacion.com\/#organization\"},\"potentialAction\":[{\"@type\":\"SearchAction\",\"target\":{\"@type\":\"EntryPoint\",\"urlTemplate\":\"https:\/\/sinapseformacion.com\/?s={search_term_string}\"},\"query-input\":{\"@type\":\"PropertyValueSpecification\",\"valueRequired\":true,\"valueName\":\"search_term_string\"}}],\"inLanguage\":\"gl-ES\"},{\"@type\":\"Organization\",\"@id\":\"https:\/\/sinapseformacion.com\/#organization\",\"name\":\"Sinapse Formaci\u00f3n\",\"url\":\"https:\/\/sinapseformacion.com\/\",\"logo\":{\"@type\":\"ImageObject\",\"inLanguage\":\"gl-ES\",\"@id\":\"https:\/\/sinapseformacion.com\/#\/schema\/logo\/image\/\",\"url\":\"https:\/\/sinapseformacion.com\/wp-content\/uploads\/2020\/02\/logo-sinapse-neurologia-formacion.png\",\"contentUrl\":\"https:\/\/sinapseformacion.com\/wp-content\/uploads\/2020\/02\/logo-sinapse-neurologia-formacion.png\",\"width\":600,\"height\":260,\"caption\":\"Sinapse Formaci\u00f3n\"},\"image\":{\"@id\":\"https:\/\/sinapseformacion.com\/#\/schema\/logo\/image\/\"},\"sameAs\":[\"https:\/\/www.facebook.com\/sinapseneuro.formacion\",\"https:\/\/x.com\/SINAPSE_Cursos\"]}]}<\/script>\n<!-- \/ Yoast SEO plugin. -->","yoast_head_json":{"title":"Pol\u00edtica de Cookies &#8226; Formaci\u00f3n Sinapse","robots":{"index":"index","follow":"follow","max-snippet":"max-snippet:-1","max-image-preview":"max-image-preview:large","max-video-preview":"max-video-preview:-1"},"canonical":"https:\/\/sinapseformacion.com\/gl\/politica-cookies\/","og_locale":"gl_ES","og_type":"article","og_title":"Pol\u00edtica de Cookies &#8226; Formaci\u00f3n Sinapse","og_url":"https:\/\/sinapseformacion.com\/gl\/politica-cookies\/","og_site_name":"Formaci\u00f3n Sinapse","article_publisher":"https:\/\/www.facebook.com\/sinapseneuro.formacion","twitter_card":"summary_large_image","twitter_site":"@SINAPSE_Cursos","twitter_misc":{"Tempo de lectura":"7 minutos"},"schema":{"@context":"https:\/\/schema.org","@graph":[{"@type":"WebPage","@id":"https:\/\/sinapseformacion.com\/politica-cookies\/","url":"https:\/\/sinapseformacion.com\/politica-cookies\/","name":"Pol\u00edtica de Cookies &#8226; Formaci\u00f3n Sinapse","isPartOf":{"@id":"https:\/\/sinapseformacion.com\/#website"},"datePublished":"2020-06-14T10:53:14+00:00","breadcrumb":{"@id":"https:\/\/sinapseformacion.com\/politica-cookies\/#breadcrumb"},"inLanguage":"gl-ES","potentialAction":[{"@type":"ReadAction","target":["https:\/\/sinapseformacion.com\/politica-cookies\/"]}]},{"@type":"BreadcrumbList","@id":"https:\/\/sinapseformacion.com\/politica-cookies\/#breadcrumb","itemListElement":[{"@type":"ListItem","position":1,"name":"Portada","item":"https:\/\/sinapseformacion.com\/"},{"@type":"ListItem","position":2,"name":"Pol\u00edtica de Cookies"}]},{"@type":"WebSite","@id":"https:\/\/sinapseformacion.com\/#website","url":"https:\/\/sinapseformacion.com\/","name":"Formaci\u00f3n Sinapse","description":"SINAPSE NEUROLOG\u00cdA SL - FORMACI\u00d3N","publisher":{"@id":"https:\/\/sinapseformacion.com\/#organization"},"potentialAction":[{"@type":"SearchAction","target":{"@type":"EntryPoint","urlTemplate":"https:\/\/sinapseformacion.com\/?s={search_term_string}"},"query-input":{"@type":"PropertyValueSpecification","valueRequired":true,"valueName":"search_term_string"}}],"inLanguage":"gl-ES"},{"@type":"Organization","@id":"https:\/\/sinapseformacion.com\/#organization","name":"Sinapse Formaci\u00f3n","url":"https:\/\/sinapseformacion.com\/","logo":{"@type":"ImageObject","inLanguage":"gl-ES","@id":"https:\/\/sinapseformacion.com\/#\/schema\/logo\/image\/","url":"https:\/\/sinapseformacion.com\/wp-content\/uploads\/2020\/02\/logo-sinapse-neurologia-formacion.png","contentUrl":"https:\/\/sinapseformacion.com\/wp-content\/uploads\/2020\/02\/logo-sinapse-neurologia-formacion.png","width":600,"height":260,"caption":"Sinapse Formaci\u00f3n"},"image":{"@id":"https:\/\/sinapseformacion.com\/#\/schema\/logo\/image\/"},"sameAs":["https:\/\/www.facebook.com\/sinapseneuro.formacion","https:\/\/x.com\/SINAPSE_Cursos"]}]}},"_links":{"self":[{"href":"https:\/\/sinapseformacion.com\/gl\/wp-json\/wp\/v2\/pages\/217","targetHints":{"allow":["GET"]}}],"collection":[{"href":"https:\/\/sinapseformacion.com\/gl\/wp-json\/wp\/v2\/pages"}],"about":[{"href":"https:\/\/sinapseformacion.com\/gl\/wp-json\/wp\/v2\/types\/page"}],"author":[{"embeddable":true,"href":"https:\/\/sinapseformacion.com\/gl\/wp-json\/wp\/v2\/users\/2"}],"replies":[{"embeddable":true,"href":"https:\/\/sinapseformacion.com\/gl\/wp-json\/wp\/v2\/comments?post=217"}],"version-history":[{"count":1,"href":"https:\/\/sinapseformacion.com\/gl\/wp-json\/wp\/v2\/pages\/217\/revisions"}],"predecessor-version":[{"id":218,"href":"https:\/\/sinapseformacion.com\/gl\/wp-json\/wp\/v2\/pages\/217\/revisions\/218"}],"wp:attachment":[{"href":"https:\/\/sinapseformacion.com\/gl\/wp-json\/wp\/v2\/media?parent=217"}],"curies":[{"name":"wp","href":"https:\/\/api.w.org\/{rel}","templated":true}]}}