{"id":241,"date":"2020-06-15T10:47:17","date_gmt":"2020-06-15T09:47:17","guid":{"rendered":"https:\/\/sinapseformacion.com\/?page_id=241"},"modified":"2026-02-20T03:58:55","modified_gmt":"2026-02-20T02:58:55","slug":"condiciones-contratacion","status":"publish","type":"page","link":"https:\/\/sinapseformacion.com\/gl\/condiciones-contratacion\/","title":{"rendered":"Condiciones Contrataci\u00f3n"},"content":{"rendered":"<h1 class=\"wp-block-heading has-background-2-color has-text-color has-link-color wp-elements-c0e6832b6f52e6ff2bb4a401ce656685\">IDENTIFICACI\u00d3N DE LAS PARTES<\/h1>\n\n\n\n<p>De una parte, SINAPSE Neurolog\u00eda Formaci\u00f3n SL, con CIF B70613518, domicilio social en Av. Oza, 58 bajo, 15006 A Coru\u00f1a, provincia de A Coru\u00f1a, tel\u00e9fono 881 183 037 \/ 623 029 777 y correo electr\u00f3nico <a href=\"mailto:formacion@sinapseneurologia.com\">formacion@sinapseneurologia.com<\/a><\/p>\n\n\n\n<p>De otra parte, la persona que realiza la compra de los cursos de formaci\u00f3n a trav\u00e9s de nuestra web.<\/p>\n\n\n\n<p>La inscripci\u00f3n a los cursos ser\u00e1 online pero su impartici\u00f3n ser\u00e1 Online, mixta o presencial<\/p>\n\n\n\n<h1 class=\"wp-block-heading has-background-2-color has-text-color has-link-color wp-elements-56318961b29d67b092c3f2d026a6dd24\">PROCESO DE COMPRA<\/h1>\n\n\n\n<p>El cat\u00e1logo de cursos de formaci\u00f3n ofertados en cada momento ser\u00e1 el disponible en la web <a href=\"https:\/\/sinapseformacion.com\/gl\/\">https:\/\/sinapseformacion.com\/<\/a><\/p>\n\n\n\n<p>En cada curso se indicar\u00e1:<\/p>\n\n\n\n<ul class=\"wp-block-list\">\n<li>Nombre del curso<\/li>\n\n\n\n<li>Requisitos para su inscripci\u00f3n<\/li>\n\n\n\n<li>Nombre de los docentes<\/li>\n\n\n\n<li>Entidades colaboradoras o Patrocinadoras, en su caso<\/li>\n\n\n\n<li>Modalidad del curso: Online, presencial o mixta<\/li>\n\n\n\n<li>N\u00ba de horas<\/li>\n\n\n\n<li>Precio final<\/li>\n\n\n\n<li>Obxetivos<\/li>\n\n\n\n<li>Metodolox\u00eda<\/li>\n\n\n\n<li>Programa<\/li>\n\n\n\n<li>Datas, horario e localizaci\u00f3n<\/li>\n\n\n\n<li>Otra informaci\u00f3n de inter\u00e9s<\/li>\n<\/ul>\n\n\n\n<p>La inscripci\u00f3n se har\u00e1 por riguroso orden de formalizaci\u00f3n de la misma.<\/p>\n\n\n\n<p>Al formalizar la inscripci\u00f3n a trav\u00e9s de la web usted acepta las condiciones de contrataci\u00f3n.<\/p>\n\n\n\n<p>Una vez seleccionado el curso, \u00e9ste se a\u00f1ade al carrito.<\/p>\n\n\n\n<p>A continuaci\u00f3n aparece el formulario donde deber\u00e1 cubrir los datos de facturaci\u00f3n.<\/p>\n\n\n\n<p>La persona asistente al curso podr\u00e1 ser diferente de la que realiza el pago (y a cuyo nombre se emitir\u00e1 la factura)<\/p>\n\n\n\n<p class=\"has-paragraph-color has-text-color has-link-color wp-elements-f97d7aa74345939d059db9cf2353f36d\">En caso de cometer alg\u00fan error al introducir los datos en los campos de texto, puede informarnos mediante el env\u00edo de un email a la direcci\u00f3n <a href=\"mailto:formacion@sinapseneurologia.com\">formacion@sinapseneurologia.com<\/a> y procederemos a su correcci\u00f3n y al env\u00edo en su caso de la factura rectificada.<\/p>\n\n\n\n<p>A trav\u00e9s de la pesta\u00f1a situada en la parte inferior \u201cRealizar el pedido\u201d, introduciendo los datos de tu tarjeta de cr\u00e9dito o d\u00e9bito y al pulsar sobre la pesta\u00f1a \u201cAceptar\u201d, confirmar\u00e1s su voluntad de perfeccionar el contrato de compra y realizar\u00e1 el pago. En el momento en el que se realiza la compra del curso, la persona usuaria ser\u00e1 enviada a la pasarela de pago seguro de RedSys, all\u00ed facilitar\u00e1 los datos de la tarjeta de cr\u00e9dito o d\u00e9bito, la fecha de caducidad, el CVV2\/CVC2 y el nombre del titular de la tarjeta si fuera requerido. SINAPSE Neurolog\u00eda Formaci\u00f3n no guarda ning\u00fan dato bancario de las personas usuarias, ya que el tr\u00e1mite es realizado en las pasarelas de pago seguras en l\u00ednea.<\/p>\n\n\n\n<p class=\"has-paragraph-color has-text-color has-link-color wp-elements-1d19ec9423b2aec8765541c07c08db72\">Una vez realizado el pago, recibir\u00e1s antes de 48 horas un correo electr\u00f3nico de SINAPSE Neurolog\u00eda Formaci\u00f3n, con el resumen de tu compra y la factura, si no fuera as\u00ed por favor cont\u00e1ctanos en la direcci\u00f3n <a href=\"mailto:formacion@sinapseneurologia.com\">formacion@sinapseneurologia.com<\/a> o en los tel\u00e9fonos 881 183 037 \/ 623 029 777.<\/p>\n\n\n\n<h1 class=\"wp-block-heading has-background-2-color has-text-color has-link-color wp-elements-0982e9ff20da619842ddfe3e17b6257a\">PRECIO Y FORMA DE PAGO<\/h1>\n\n\n\n<p>El precio ser\u00e1 el indicado en la informaci\u00f3n de cada curso ofertado.<\/p>\n\n\n\n<p>Incluye: Asistencia al curso, certificado de asistencia, material del curso (si lo hubiera).<\/p>\n\n\n\n<p>El abono del curso se podr\u00e1 realizar en un \u00fanico pago o a plazos:<\/p>\n\n\n\n<p><strong>Pago \u00fanico:<\/strong> se abonar\u00e1 el importe \u00edntegro del curso en el momento de formalizar la matr\u00edcula a trav\u00e9s de la pasarela de pago seguro de la web. <strong>Pago a plazos:<\/strong> el primer pago correspondiente a la matr\u00edcula deber\u00e1 hacerse a trav\u00e9s de la plataforma de pago seguro de la web en el momento de la inscripci\u00f3n.&nbsp; Los siguientes pagos se har\u00e1n mediante transferencia bancaria a la cuenta de SINAPSE Neurolog\u00eda Formaci\u00f3n (<a><\/a>ES67 2100 2176 1202 0042 0799)&nbsp;en las fechas especificadas en cada curso para el pago a plazos<\/p>\n\n\n\n<h1 class=\"wp-block-heading has-background-2-color has-text-color has-link-color wp-elements-78cb25facb65f571927a6c749ca1ca5c\">POL\u00cdTICA DE CANCELACI\u00d3N<\/h1>\n\n\n\n<p>La organizaci\u00f3n se reserva el derecho de cancelar o modificar las fechas de aquellos cursos que no alcancen el n\u00famero m\u00ednimo de inscripciones con una antelaci\u00f3n de 10 d\u00edas, teniendo derecho el alumno al reintegro total de lo abonado en un plazo m\u00e1ximo de 30 d\u00edas a la misma tarjeta a la que realiz\u00f3 el pago. En este caso, no se har\u00e1 responsable ni asumir\u00e1 la devoluci\u00f3n de billetes de transporte, reservas de hoteles&nbsp; o cualquier otro concepto distinto de la inscripci\u00f3n.<\/p>\n\n\n\n<p>Se aceptar\u00e1 la anulaci\u00f3n de la inscripci\u00f3n por parte del alumno hasta un mes antes del comienzo de la formaci\u00f3n devolvi\u00e9ndose el 70% del pago abonado. Despu\u00e9s de esta fecha no se devolver\u00e1 el importe abonado.<\/p>\n\n\n\n<p>A organizaci\u00f3n non se far\u00e1 responsable das cancelaci\u00f3ns que se produzan por motivos alleos a esta e res\u00e9rvase o dereito de admisi\u00f3n.<\/p>\n\n\n\n<h1 class=\"wp-block-heading has-background-2-color has-text-color has-link-color wp-elements-4cd8b0a0eafa433d129ab86336f5bdf1\">DESISTIMIENTO<\/h1>\n\n\n\n<p>En cumplimiento de la Ley 3\/2014, de 27 de marzo, por la que se modifica el texto refundido de la Ley General para la Defensa de los Consumidores y Usuarios y otras leyes complementarias, aprobado por el Real Decreto Legislativo 1\/2007, de 16 de noviembre se informa sobre el derecho al desistimiento de la persona usuaria.<\/p>\n\n\n\n<p>El Usuario tiene derecho a desistir del presente contrato en un plazo 14 d\u00edas naturales sin necesidad de justificaci\u00f3n.<\/p>\n\n\n\n<p>El plazo de desistimiento expirar\u00e1 a los 14 d\u00edas naturales desde el d\u00eda de la celebraci\u00f3n del contrato.<\/p>\n\n\n\n<p>Para ejercer el derecho desistimiento, el Usuario deber\u00e1 notificarnos su decisi\u00f3n de desistir del contrato a trav\u00e9s de una declaraci\u00f3n inequ\u00edvoca (por ejemplo: una carta enviada por correo postal o correo electr\u00f3nico) Podr\u00e1 utilizar el modelo de formulario de desistimiento que figura a continuaci\u00f3n, aunque su uso no es obligatorio.<\/p>\n\n\n\n<p>Para cumplir el plazo de desistimiento, basta con que la comunicaci\u00f3n relativa al ejercicio por su parte de este derecho sea enviada antes de que venza el plazo correspondiente.<\/p>\n\n\n\n<p>En el caso de desistimiento por parte de la persona usuaria, se &nbsp;proceder\u00e1 a la devoluci\u00f3n de todos los pagos recibidos a m\u00e1s tardar 14 d\u00edas naturales a partir de la fecha en la que se nos informe la decisi\u00f3n de desistir del presente contrato, en la misma tarjeta con la que se realiz\u00f3 el pago.<\/p>\n\n\n\n<h1 class=\"wp-block-heading has-background-2-color has-text-color has-link-color wp-elements-9f019d8b232f5c0a17371fadb3951632\">PROTECCI\u00d3N DE DATOS<\/h1>\n\n\n\n<p><strong>Responsable del tratamiento<\/strong><\/p>\n\n\n\n<ul class=\"wp-block-list\">\n<li><strong>Denominaci\u00f3n social:<\/strong>&nbsp; Sinapse Neurolog\u00eda Formaci\u00f3n SL<\/li>\n\n\n\n<li><strong>CIF:<\/strong>&nbsp; B70613518<\/li>\n\n\n\n<li><strong>Domicilio social:<\/strong> Av. Oza, 46-48 bajo, 15006 A Coru\u00f1a (A Coru\u00f1a)<\/li>\n\n\n\n<li><strong>Tel\u00e9fonos de contacto: <\/strong>881 183 037 \/ 623 029 777<\/li>\n\n\n\n<li><strong>Direcci\u00f3n de correo electr\u00f3nico:<\/strong> <a href=\"mailto:formacion@sinapseneurologia.com\">formacion@sinapseneurologia.com<\/a><\/li>\n<\/ul>\n\n\n\n<p><strong>Finalidades<\/strong><\/p>\n\n\n\n<ol class=\"wp-block-list\">\n<li>Organizaci\u00f3n, comercializaci\u00f3n, gesti\u00f3n e impartici\u00f3n de las acciones formativas.<\/li>\n\n\n\n<li>Facturaci\u00f3n. Gesti\u00f3n contable, fiscal y administrativa.<\/li>\n\n\n\n<li>Gesti\u00f3n de diplomas y certificados<\/li>\n<\/ol>\n\n\n\n<p><strong>Legitimaci\u00f3n del tratamiento<\/strong><\/p>\n\n\n\n<ul class=\"wp-block-list\">\n<li>RGPD: art. 6.1. Consentimiento del interesado, ejecuci\u00f3n de un contrato, inter\u00e9s leg\u00edtimo.<\/li>\n\n\n\n<li>LO 3\/2018, de 5 de diciembre, de Protecci\u00f3n de Datos Personales y garant\u00eda de los derechos digitales.<\/li>\n\n\n\n<li>Ley 58\/2003, de 17 de diciembre, General Tributaria<\/li>\n<\/ul>\n\n\n\n<p><strong>Comunicaciones de los datos<\/strong><\/p>\n\n\n\n<p>Los datos derivados del contacto y la consulta no ser\u00e1n comunicados a terceros, salvo autorizaci\u00f3n expresa u obligaci\u00f3n legal.<\/p>\n\n\n\n<p><strong>Conservaci\u00f3n de los datos<\/strong><\/p>\n\n\n\n<p>Sus datos personales se conservar\u00e1n&nbsp; durante el tiempo necesario para cumplir la finalidad para la cual se recogieron. Si sus datos se utilizan para varias finalidades que nos obligan a conservarlos durante plazos diferentes, aplicaremos el plazo de conservaci\u00f3n m\u00e1s largo y en todo caso se conservar\u00e1n durante el tiempo necesario para determinar las posibles responsabilidades que se pudieran derivar de dicha finalidad y del tratamiento de los datos.<\/p>\n\n\n\n<p>Los datos econ\u00f3micos que se puedan generar se conservar\u00e1n conforme a la ley 58\/2003, de 17 de diciembre, General Tributaria, adem\u00e1s de los periodos establecidos en las dem\u00e1s normativas vinculantes.<\/p>\n\n\n\n<p><strong>Derechos de los interesados<\/strong><\/p>\n\n\n\n<p>Cualquier persona tiene derecho a acceder a sus datos personales, a actualizarlos, rectificar los datos inexactos, solicitar su supresi\u00f3n, portabilidad o la limitaci\u00f3n del tratamiento, en cuyo caso \u00fanicamente los conservaremos para el ejercicio o la defensa de reclamaciones. Tambi\u00e9n podr\u00e1n oponerse al tratamiento de sus datos y a la elaboraci\u00f3n de perfiles basados en el tratamiento automatizado de sus datos.<\/p>\n\n\n\n<p>Las personas interesadas tienen derecho a revocar el consentimiento prestado en cualquier momento.<\/p>\n\n\n\n<p>Como consecuencia de la aplicaci\u00f3n del derecho a la supresi\u00f3n u oposici\u00f3n al tratamiento de datos personales en el entorno online los interesados tienen el derecho al olvido seg\u00fan la jurisprudencia que el Tribunal de Justicia de la UE determina.<\/p>\n\n\n\n<p><strong>Ejercicio de Derechos de Protecci\u00f3n de Datos<\/strong><\/p>\n\n\n\n<p>Los usuarios pueden ejercer sus derechos mediante escrito postal dirigido a Sinapse Neurolog\u00eda Formaci\u00f3n SL, Avda. de Oza, 46-48-bj, 15006 A Coru\u00f1a (A Coru\u00f1a) o a trav\u00e9s del correo electr\u00f3nico <a href=\"mailto:formacion@sinapseneurologia.com\">formacion@sinapseneurologia.com<\/a><\/p>\n\n\n\n<p>Si considera que sus derechos no se han atendido debidamente, tiene derecho a presentar una reclamaci\u00f3n ante la Agencia Espa\u00f1ola de Protecci\u00f3n de Datos, con datos de contacto:<\/p>\n\n\n\n<ul class=\"wp-block-list\">\n<li><strong>Direcci\u00f3n postal<\/strong>: C\/Jorge Juan, 6, 28.001-Madrid<\/li>\n\n\n\n<li><strong>P\u00e1gina web<\/strong>: <a href=\"http:\/\/www.aepd.es\">www.aepd.es<\/a><\/li>\n\n\n\n<li><strong>Tel\u00e9fono<\/strong>: 901 100 099<\/li>\n\n\n\n<li><strong>Sede electr\u00f3nica<\/strong>: <a href=\"https:\/\/sedeagpd.gob.es\/sede-electronica-web\/\">https:\/\/sedeagpd.gob.es\/sede-electronica-web\/<\/a><\/li>\n<\/ul>\n\n\n\n<h1 class=\"wp-block-heading has-background-2-color has-text-color has-link-color wp-elements-03ab8c80d834a5706a90305160b32573\">JURISDICCI\u00d3N APLICABLE<\/h1>\n\n\n\n<p>Los conflictos que puedan surgir por la aplicaci\u00f3n de las presentes normas se regir\u00e1n por las leyes de Espa\u00f1a y, en la m\u00e1xima medida permitida por la ley, se someter\u00e1n a los Tribunales de A Coru\u00f1a, Espa\u00f1a.<\/p>","protected":false},"excerpt":{"rendered":"<p>IDENTIFICACI\u00d3N DE LAS PARTES De una parte, SINAPSE Neurolog\u00eda Formaci\u00f3n SL, con CIF B70613518, domicilio social en Av. Oza, 58 bajo, 15006 A Coru\u00f1a, provincia de A Coru\u00f1a, tel\u00e9fono 881 183 037 \/ 623 029 777 y correo electr\u00f3nico formacion@sinapseneurologia.com De otra parte, la persona que realiza la compra de los cursos de formaci\u00f3n a [&hellip;]<\/p>\n","protected":false},"author":2,"featured_media":0,"parent":0,"menu_order":0,"comment_status":"closed","ping_status":"closed","template":"","meta":{"footnotes":""},"class_list":["post-241","page","type-page","status-publish","hentry"],"yoast_head":"<!-- This site is optimized with the Yoast SEO plugin v27.0 - https:\/\/yoast.com\/product\/yoast-seo-wordpress\/ -->\n<title>Condiciones Contrataci\u00f3n &#8226; Formaci\u00f3n Sinapse<\/title>\n<meta name=\"robots\" content=\"index, follow, max-snippet:-1, max-image-preview:large, max-video-preview:-1\" \/>\n<link rel=\"canonical\" href=\"https:\/\/sinapseformacion.com\/gl\/condiciones-contratacion\/\" \/>\n<meta property=\"og:locale\" content=\"gl_ES\" \/>\n<meta property=\"og:type\" content=\"article\" \/>\n<meta property=\"og:title\" content=\"Condiciones Contrataci\u00f3n &#8226; Formaci\u00f3n Sinapse\" \/>\n<meta property=\"og:description\" content=\"IDENTIFICACI\u00d3N DE LAS PARTES De una parte, SINAPSE Neurolog\u00eda Formaci\u00f3n SL, con CIF B70613518, domicilio social en Av. Oza, 58 bajo, 15006 A Coru\u00f1a, provincia de A Coru\u00f1a, tel\u00e9fono 881 183 037 \/ 623 029 777 y correo electr\u00f3nico formacion@sinapseneurologia.com De otra parte, la persona que realiza la compra de los cursos de formaci\u00f3n a [&hellip;]\" \/>\n<meta property=\"og:url\" content=\"https:\/\/sinapseformacion.com\/gl\/condiciones-contratacion\/\" \/>\n<meta property=\"og:site_name\" content=\"Formaci\u00f3n Sinapse\" \/>\n<meta property=\"article:publisher\" content=\"https:\/\/www.facebook.com\/sinapseneuro.formacion\" \/>\n<meta property=\"article:modified_time\" content=\"2026-02-20T02:58:55+00:00\" \/>\n<meta name=\"twitter:card\" content=\"summary_large_image\" \/>\n<meta name=\"twitter:site\" content=\"@SINAPSE_Cursos\" \/>\n<meta name=\"twitter:label1\" content=\"Tempo de lectura\" \/>\n\t<meta name=\"twitter:data1\" content=\"7 minutos\" \/>\n<script type=\"application\/ld+json\" class=\"yoast-schema-graph\">{\"@context\":\"https:\/\/schema.org\",\"@graph\":[{\"@type\":\"WebPage\",\"@id\":\"https:\/\/sinapseformacion.com\/condiciones-contratacion\/\",\"url\":\"https:\/\/sinapseformacion.com\/condiciones-contratacion\/\",\"name\":\"Condiciones Contrataci\u00f3n &#8226; Formaci\u00f3n Sinapse\",\"isPartOf\":{\"@id\":\"https:\/\/sinapseformacion.com\/#website\"},\"datePublished\":\"2020-06-15T09:47:17+00:00\",\"dateModified\":\"2026-02-20T02:58:55+00:00\",\"breadcrumb\":{\"@id\":\"https:\/\/sinapseformacion.com\/condiciones-contratacion\/#breadcrumb\"},\"inLanguage\":\"gl-ES\",\"potentialAction\":[{\"@type\":\"ReadAction\",\"target\":[\"https:\/\/sinapseformacion.com\/condiciones-contratacion\/\"]}]},{\"@type\":\"BreadcrumbList\",\"@id\":\"https:\/\/sinapseformacion.com\/condiciones-contratacion\/#breadcrumb\",\"itemListElement\":[{\"@type\":\"ListItem\",\"position\":1,\"name\":\"Portada\",\"item\":\"https:\/\/sinapseformacion.com\/\"},{\"@type\":\"ListItem\",\"position\":2,\"name\":\"Condiciones Contrataci\u00f3n\"}]},{\"@type\":\"WebSite\",\"@id\":\"https:\/\/sinapseformacion.com\/#website\",\"url\":\"https:\/\/sinapseformacion.com\/\",\"name\":\"Formaci\u00f3n Sinapse\",\"description\":\"SINAPSE NEUROLOG\u00cdA SL - FORMACI\u00d3N \",\"publisher\":{\"@id\":\"https:\/\/sinapseformacion.com\/#organization\"},\"potentialAction\":[{\"@type\":\"SearchAction\",\"target\":{\"@type\":\"EntryPoint\",\"urlTemplate\":\"https:\/\/sinapseformacion.com\/?s={search_term_string}\"},\"query-input\":{\"@type\":\"PropertyValueSpecification\",\"valueRequired\":true,\"valueName\":\"search_term_string\"}}],\"inLanguage\":\"gl-ES\"},{\"@type\":\"Organization\",\"@id\":\"https:\/\/sinapseformacion.com\/#organization\",\"name\":\"Sinapse Formaci\u00f3n\",\"url\":\"https:\/\/sinapseformacion.com\/\",\"logo\":{\"@type\":\"ImageObject\",\"inLanguage\":\"gl-ES\",\"@id\":\"https:\/\/sinapseformacion.com\/#\/schema\/logo\/image\/\",\"url\":\"https:\/\/sinapseformacion.com\/wp-content\/uploads\/2020\/02\/logo-sinapse-neurologia-formacion.png\",\"contentUrl\":\"https:\/\/sinapseformacion.com\/wp-content\/uploads\/2020\/02\/logo-sinapse-neurologia-formacion.png\",\"width\":600,\"height\":260,\"caption\":\"Sinapse Formaci\u00f3n\"},\"image\":{\"@id\":\"https:\/\/sinapseformacion.com\/#\/schema\/logo\/image\/\"},\"sameAs\":[\"https:\/\/www.facebook.com\/sinapseneuro.formacion\",\"https:\/\/x.com\/SINAPSE_Cursos\"]}]}<\/script>\n<!-- \/ Yoast SEO plugin. -->","yoast_head_json":{"title":"Condiciones Contrataci\u00f3n &#8226; Formaci\u00f3n Sinapse","robots":{"index":"index","follow":"follow","max-snippet":"max-snippet:-1","max-image-preview":"max-image-preview:large","max-video-preview":"max-video-preview:-1"},"canonical":"https:\/\/sinapseformacion.com\/gl\/condiciones-contratacion\/","og_locale":"gl_ES","og_type":"article","og_title":"Condiciones Contrataci\u00f3n &#8226; Formaci\u00f3n Sinapse","og_description":"IDENTIFICACI\u00d3N DE LAS PARTES De una parte, SINAPSE Neurolog\u00eda Formaci\u00f3n SL, con CIF B70613518, domicilio social en Av. Oza, 58 bajo, 15006 A Coru\u00f1a, provincia de A Coru\u00f1a, tel\u00e9fono 881 183 037 \/ 623 029 777 y correo electr\u00f3nico formacion@sinapseneurologia.com De otra parte, la persona que realiza la compra de los cursos de formaci\u00f3n a [&hellip;]","og_url":"https:\/\/sinapseformacion.com\/gl\/condiciones-contratacion\/","og_site_name":"Formaci\u00f3n Sinapse","article_publisher":"https:\/\/www.facebook.com\/sinapseneuro.formacion","article_modified_time":"2026-02-20T02:58:55+00:00","twitter_card":"summary_large_image","twitter_site":"@SINAPSE_Cursos","twitter_misc":{"Tempo de lectura":"7 minutos"},"schema":{"@context":"https:\/\/schema.org","@graph":[{"@type":"WebPage","@id":"https:\/\/sinapseformacion.com\/condiciones-contratacion\/","url":"https:\/\/sinapseformacion.com\/condiciones-contratacion\/","name":"Condiciones Contrataci\u00f3n &#8226; Formaci\u00f3n Sinapse","isPartOf":{"@id":"https:\/\/sinapseformacion.com\/#website"},"datePublished":"2020-06-15T09:47:17+00:00","dateModified":"2026-02-20T02:58:55+00:00","breadcrumb":{"@id":"https:\/\/sinapseformacion.com\/condiciones-contratacion\/#breadcrumb"},"inLanguage":"gl-ES","potentialAction":[{"@type":"ReadAction","target":["https:\/\/sinapseformacion.com\/condiciones-contratacion\/"]}]},{"@type":"BreadcrumbList","@id":"https:\/\/sinapseformacion.com\/condiciones-contratacion\/#breadcrumb","itemListElement":[{"@type":"ListItem","position":1,"name":"Portada","item":"https:\/\/sinapseformacion.com\/"},{"@type":"ListItem","position":2,"name":"Condiciones Contrataci\u00f3n"}]},{"@type":"WebSite","@id":"https:\/\/sinapseformacion.com\/#website","url":"https:\/\/sinapseformacion.com\/","name":"Formaci\u00f3n Sinapse","description":"SINAPSE NEUROLOG\u00cdA SL - FORMACI\u00d3N","publisher":{"@id":"https:\/\/sinapseformacion.com\/#organization"},"potentialAction":[{"@type":"SearchAction","target":{"@type":"EntryPoint","urlTemplate":"https:\/\/sinapseformacion.com\/?s={search_term_string}"},"query-input":{"@type":"PropertyValueSpecification","valueRequired":true,"valueName":"search_term_string"}}],"inLanguage":"gl-ES"},{"@type":"Organization","@id":"https:\/\/sinapseformacion.com\/#organization","name":"Sinapse Formaci\u00f3n","url":"https:\/\/sinapseformacion.com\/","logo":{"@type":"ImageObject","inLanguage":"gl-ES","@id":"https:\/\/sinapseformacion.com\/#\/schema\/logo\/image\/","url":"https:\/\/sinapseformacion.com\/wp-content\/uploads\/2020\/02\/logo-sinapse-neurologia-formacion.png","contentUrl":"https:\/\/sinapseformacion.com\/wp-content\/uploads\/2020\/02\/logo-sinapse-neurologia-formacion.png","width":600,"height":260,"caption":"Sinapse Formaci\u00f3n"},"image":{"@id":"https:\/\/sinapseformacion.com\/#\/schema\/logo\/image\/"},"sameAs":["https:\/\/www.facebook.com\/sinapseneuro.formacion","https:\/\/x.com\/SINAPSE_Cursos"]}]}},"_links":{"self":[{"href":"https:\/\/sinapseformacion.com\/gl\/wp-json\/wp\/v2\/pages\/241","targetHints":{"allow":["GET"]}}],"collection":[{"href":"https:\/\/sinapseformacion.com\/gl\/wp-json\/wp\/v2\/pages"}],"about":[{"href":"https:\/\/sinapseformacion.com\/gl\/wp-json\/wp\/v2\/types\/page"}],"author":[{"embeddable":true,"href":"https:\/\/sinapseformacion.com\/gl\/wp-json\/wp\/v2\/users\/2"}],"replies":[{"embeddable":true,"href":"https:\/\/sinapseformacion.com\/gl\/wp-json\/wp\/v2\/comments?post=241"}],"version-history":[{"count":5,"href":"https:\/\/sinapseformacion.com\/gl\/wp-json\/wp\/v2\/pages\/241\/revisions"}],"predecessor-version":[{"id":2075,"href":"https:\/\/sinapseformacion.com\/gl\/wp-json\/wp\/v2\/pages\/241\/revisions\/2075"}],"wp:attachment":[{"href":"https:\/\/sinapseformacion.com\/gl\/wp-json\/wp\/v2\/media?parent=241"}],"curies":[{"name":"wp","href":"https:\/\/api.w.org\/{rel}","templated":true}]}}