{"id":530,"date":"2020-12-11T12:24:37","date_gmt":"2020-12-11T11:24:37","guid":{"rendered":"https:\/\/sinapseformacion.com\/?page_id=530"},"modified":"2026-02-20T10:01:29","modified_gmt":"2026-02-20T09:01:29","slug":"cursos","status":"publish","type":"page","link":"https:\/\/sinapseformacion.com\/gl\/cursos\/","title":{"rendered":"Cursos"},"content":{"rendered":"<p>Llevamos muchos a\u00f1os de experiencia cl\u00ednica, profesional, docente e investigadora. Nuestro af\u00e1n es buscar la excelencia en la formaci\u00f3n para todos los profesionales de la salud, especialmente en el campo de la Neurorrehabilitaci\u00f3n, atenci\u00f3n temprana y Neurodesarrollo,<\/p>\n\n\n\n<p>Si estas interesado en alguna formaci\u00f3n o quieres que te asesoremos para tu centro, no dudes en contactar con nosotros.<\/p>\n\n\n\n<div class=\"wp-block-buttons is-content-justification-center is-layout-flex wp-container-core-buttons-is-layout-a89b3969 wp-block-buttons-is-layout-flex\">\n<div class=\"wp-block-button\"><a class=\"wp-block-button__link has-background-2-background-color has-background has-text-align-center wp-element-button\" href=\"https:\/\/sinapseformacion.com\/gl\/contacto\/\">Contacta<\/a><\/div>\n<\/div>\n\n\n<form role=\"search\" method=\"get\" action=\"https:\/\/sinapseformacion.com\/gl\/\" class=\"wp-block-search__button-outside wp-block-search__text-button wp-block-search\" data-trp-original-action=\"https:\/\/sinapseformacion.com\/gl\/\"    ><label class=\"wp-block-search__label\" for=\"wp-block-search__input-1\" >Hist\u00f3rico de cursos <\/label><div class=\"wp-block-search__inside-wrapper\"  style=\"width: 100%\"><input class=\"wp-block-search__input\" id=\"wp-block-search__input-1\" placeholder=\"Buscar productos...\" value=\"\" type=\"search\" name=\"s\" required \/><input type=\"hidden\" name=\"post_type\" value=\"product\" \/><button aria-label=\"Buscar\" class=\"wp-block-search__button has-text-color has-paragraph-color wp-element-button\" type=\"submit\" >Buscar<\/button><\/div><input type=\"hidden\" name=\"trp-form-language\" value=\"gl\"\/><\/form>\n\n\n<h2 class=\"wp-block-heading has-text-align-center has-background-2-color has-text-color has-link-color wp-elements-0b59afb24380e23a3ee921e68c8bf9f0\">Curso presencial<\/h2>\n\n\n\n<hr class=\"wp-block-separator has-text-color has-background-2-color has-alpha-channel-opacity has-background-2-background-color has-background is-style-wide is-style-wide--2\" style=\"margin-top:var(--wp--preset--spacing--30);margin-bottom:var(--wp--preset--spacing--30)\"\/>\n\n\n\n<figure class=\"wp-block-image aligncenter size-large is-resized\"><img loading=\"lazy\" decoding=\"async\" width=\"724\" height=\"1024\" src=\"https:\/\/sinapseformacion.com\/wp-content\/uploads\/2026\/01\/alimentatea-724x1024.jpg\" alt=\"\" class=\"wp-image-1943\" style=\"aspect-ratio:1.3333333333333333;object-fit:contain;width:305px;height:auto\" srcset=\"https:\/\/sinapseformacion.com\/wp-content\/uploads\/2026\/01\/alimentatea-724x1024.jpg 724w, https:\/\/sinapseformacion.com\/wp-content\/uploads\/2026\/01\/alimentatea-300x424.jpg 300w, https:\/\/sinapseformacion.com\/wp-content\/uploads\/2026\/01\/alimentatea-700x991.jpg 700w, https:\/\/sinapseformacion.com\/wp-content\/uploads\/2026\/01\/alimentatea-212x300.jpg 212w, https:\/\/sinapseformacion.com\/wp-content\/uploads\/2026\/01\/alimentatea-768x1087.jpg 768w, https:\/\/sinapseformacion.com\/wp-content\/uploads\/2026\/01\/alimentatea-1085x1536.jpg 1085w, https:\/\/sinapseformacion.com\/wp-content\/uploads\/2026\/01\/alimentatea-8x12.jpg 8w, https:\/\/sinapseformacion.com\/wp-content\/uploads\/2026\/01\/alimentatea-600x849.jpg 600w, https:\/\/sinapseformacion.com\/wp-content\/uploads\/2026\/01\/alimentatea.jpg 1447w\" sizes=\"auto, (max-width: 724px) 100vw, 724px\" \/><\/figure>\n\n\n\n<p class=\"has-text-align-center has-paragraph-color has-text-color has-link-color wp-elements-e036d3f12d471042a5104e0ff88a4729\"><a href=\"https:\/\/sinapseformacion.com\/gl\/produto\/curso-alimentacion-coruna\/\">Selectividad alimentaria en Autismo, Elena Yag\u00fce (A Coru\u00f1a)<\/a> 2026<\/p>\n\n\n\n<figure class=\"wp-block-image aligncenter size-large is-resized\"><img loading=\"lazy\" decoding=\"async\" width=\"1024\" height=\"1024\" src=\"https:\/\/sinapseformacion.com\/wp-content\/uploads\/2025\/02\/dolor-neurologico-1024x1024.jpg\" alt=\"\" class=\"wp-image-1932\" style=\"width:179px;height:auto\" srcset=\"https:\/\/sinapseformacion.com\/wp-content\/uploads\/2025\/02\/dolor-neurologico.jpg 1024w, https:\/\/sinapseformacion.com\/wp-content\/uploads\/2025\/02\/dolor-neurologico-300x300.jpg 300w, https:\/\/sinapseformacion.com\/wp-content\/uploads\/2025\/02\/dolor-neurologico-100x100.jpg 100w, https:\/\/sinapseformacion.com\/wp-content\/uploads\/2025\/02\/dolor-neurologico-700x700.jpg 700w, https:\/\/sinapseformacion.com\/wp-content\/uploads\/2025\/02\/dolor-neurologico-150x150.jpg 150w, https:\/\/sinapseformacion.com\/wp-content\/uploads\/2025\/02\/dolor-neurologico-768x768.jpg 768w, https:\/\/sinapseformacion.com\/wp-content\/uploads\/2025\/02\/dolor-neurologico-12x12.jpg 12w, https:\/\/sinapseformacion.com\/wp-content\/uploads\/2025\/02\/dolor-neurologico-85x85.jpg 85w, https:\/\/sinapseformacion.com\/wp-content\/uploads\/2025\/02\/dolor-neurologico-266x266.jpg 266w, https:\/\/sinapseformacion.com\/wp-content\/uploads\/2025\/02\/dolor-neurologico-32x32.jpg 32w, https:\/\/sinapseformacion.com\/wp-content\/uploads\/2025\/02\/dolor-neurologico-600x600.jpg 600w\" sizes=\"auto, (max-width: 1024px) 100vw, 1024px\" \/><\/figure>\n\n\n\n<p class=\"has-text-align-center has-paragraph-color has-text-color has-link-color wp-elements-857220136112ffa92b23a77881999389\"><a href=\"https:\/\/sinapseformacion.com\/gl\/produto\/manejo-del-dolor-en-el-paciente-neurologico\/\">Manejo del dolor en el paciente neurol\u00f3gico (A Coru\u00f1a)<\/a> 2026<\/p>\n\n\n\n<p class=\"has-text-align-center has-paragraph-color has-text-color has-link-color wp-elements-e45c9808b837884b3a03401521936fb8\"><a href=\"https:\/\/sinapseformacion.com\/gl\/produto\/manejo-del-dolor-en-el-paciente-neurologico-2\/\">Manejo del dolor en el paciente neurol\u00f3gico (Talavera)<\/a> 2026<\/p>\n\n\n\n<figure class=\"wp-block-image aligncenter size-large is-resized is-style-default\"><img loading=\"lazy\" decoding=\"async\" width=\"1024\" height=\"1024\" src=\"https:\/\/sinapseformacion.com\/wp-content\/uploads\/2023\/07\/et-1-1024x1024.png\" alt=\"\" class=\"wp-image-1701\" style=\"aspect-ratio:1.3333333333333333;object-fit:cover;width:275px;height:auto\" srcset=\"https:\/\/sinapseformacion.com\/wp-content\/uploads\/2023\/07\/et-1-1024x1024.png 1024w, https:\/\/sinapseformacion.com\/wp-content\/uploads\/2023\/07\/et-1-100x100.png 100w, https:\/\/sinapseformacion.com\/wp-content\/uploads\/2023\/07\/et-1-150x150.png 150w, https:\/\/sinapseformacion.com\/wp-content\/uploads\/2023\/07\/et-1-300x300.png 300w, https:\/\/sinapseformacion.com\/wp-content\/uploads\/2023\/07\/et-1-85x85.png 85w, https:\/\/sinapseformacion.com\/wp-content\/uploads\/2023\/07\/et-1-266x266.png 266w, https:\/\/sinapseformacion.com\/wp-content\/uploads\/2023\/07\/et-1-32x32.png 32w\" sizes=\"auto, (max-width: 1024px) 100vw, 1024px\" \/><\/figure>\n\n\n\n<p class=\"has-text-align-center has-paragraph-color has-text-color has-link-color wp-elements-54d55f14f9853cefa8396ba9ea8345af\"><a href=\"https:\/\/sinapseformacion.com\/gl\/produto\/curso-alimentacion-coruna\/\"><\/a><a href=\"https:\/\/sinapseformacion.com\/gl\/produto\/ejercicio-terapeutico-funcional\/\">EJERCICIO TERAP\u00c9UTICO FUNCIONAL Y LONGEVIDAD EN NEURORREHABILITACI\u00d3N (A Coru\u00f1a)<\/a> 2026<\/p>\n\n\n\n<p class=\"has-text-align-center has-paragraph-color has-text-color has-link-color wp-elements-00634cfcce624b407c127023e1ce7333\"><a href=\"https:\/\/sinapseformacion.com\/gl\/produto\/curso-alimentacion-coruna\/\"><\/a><a href=\"https:\/\/sinapseformacion.com\/gl\/produto\/ejercicio-terapeutico-funcional-y-longevidad-en-neurorrehabilitacion-talavera\/\">EJERCICIO TERAP\u00c9UTICO FUNCIONAL Y LONGEVIDAD EN NEURORREHABILITACI\u00d3N (Talavera)<\/a> 2026<\/p>\n\n\n\n<hr class=\"wp-block-separator has-text-color has-background-2-color has-alpha-channel-opacity has-background-2-background-color has-background is-style-wide is-style-wide--3\" style=\"margin-top:var(--wp--preset--spacing--40);margin-bottom:var(--wp--preset--spacing--40)\"\/>\n\n\n\n<h2 class=\"wp-block-heading has-text-align-center has-background-2-color has-text-color has-link-color wp-elements-95d9b60b235c81a7b2b6248d1a1487d1\">Curso Mixto<\/h2>\n\n\n\n<hr class=\"wp-block-separator has-text-color has-background-2-color has-alpha-channel-opacity has-background-2-background-color has-background is-style-wide is-style-wide--4\" style=\"margin-top:var(--wp--preset--spacing--40);margin-bottom:var(--wp--preset--spacing--40)\"\/>\n\n\n\n<figure class=\"wp-block-image aligncenter size-large is-resized\"><img loading=\"lazy\" decoding=\"async\" width=\"1024\" height=\"1024\" src=\"https:\/\/sinapseformacion.com\/wp-content\/uploads\/2025\/02\/dolor-neurologico-1024x1024.jpg\" alt=\"\" class=\"wp-image-1932\" style=\"width:179px;height:auto\" srcset=\"https:\/\/sinapseformacion.com\/wp-content\/uploads\/2025\/02\/dolor-neurologico.jpg 1024w, https:\/\/sinapseformacion.com\/wp-content\/uploads\/2025\/02\/dolor-neurologico-300x300.jpg 300w, https:\/\/sinapseformacion.com\/wp-content\/uploads\/2025\/02\/dolor-neurologico-100x100.jpg 100w, https:\/\/sinapseformacion.com\/wp-content\/uploads\/2025\/02\/dolor-neurologico-700x700.jpg 700w, https:\/\/sinapseformacion.com\/wp-content\/uploads\/2025\/02\/dolor-neurologico-150x150.jpg 150w, https:\/\/sinapseformacion.com\/wp-content\/uploads\/2025\/02\/dolor-neurologico-768x768.jpg 768w, https:\/\/sinapseformacion.com\/wp-content\/uploads\/2025\/02\/dolor-neurologico-12x12.jpg 12w, https:\/\/sinapseformacion.com\/wp-content\/uploads\/2025\/02\/dolor-neurologico-85x85.jpg 85w, https:\/\/sinapseformacion.com\/wp-content\/uploads\/2025\/02\/dolor-neurologico-266x266.jpg 266w, https:\/\/sinapseformacion.com\/wp-content\/uploads\/2025\/02\/dolor-neurologico-32x32.jpg 32w, https:\/\/sinapseformacion.com\/wp-content\/uploads\/2025\/02\/dolor-neurologico-600x600.jpg 600w\" sizes=\"auto, (max-width: 1024px) 100vw, 1024px\" \/><\/figure>\n\n\n\n<p class=\"has-text-align-center has-paragraph-color has-text-color has-link-color wp-elements-e02561034380bea7eafadef1c5df02b6\"><a href=\"https:\/\/sinapseformacion.com\/gl\/produto\/curso-alimentacion-coruna\/\"><\/a><a href=\"https:\/\/sinapseformacion.com\/gl\/produto\/manejo-del-dolor-en-el-paciente-neurologico-2\/\">Protegido: Manejo del dolor en el paciente neurol\u00f3gico (Talavera)<\/a> 2026<\/p>\n\n\n\n<p><\/p>\n\n\n\n<hr class=\"wp-block-separator has-text-color has-background-2-color has-alpha-channel-opacity has-background-2-background-color has-background is-style-wide is-style-wide--5\" style=\"margin-top:var(--wp--preset--spacing--40);margin-bottom:var(--wp--preset--spacing--40)\"\/>\n\n\n\n<h2 class=\"wp-block-heading has-text-align-center has-background-2-color has-text-color has-link-color wp-elements-b251c9be560da8cbeff6467cbdbe5ccd\">Curso Online<\/h2>\n\n\n\n<hr class=\"wp-block-separator has-text-color has-background-2-color has-alpha-channel-opacity has-background-2-background-color has-background is-style-wide is-style-wide--6\"\/>\n\n\n\n<figure class=\"wp-block-image aligncenter size-large is-resized\"><img loading=\"lazy\" decoding=\"async\" width=\"1024\" height=\"775\" src=\"https:\/\/sinapseformacion.com\/wp-content\/uploads\/2020\/06\/is-1024x775.png\" alt=\"\" class=\"wp-image-727\" style=\"aspect-ratio:1.321326597847573;width:521px;height:auto\" srcset=\"https:\/\/sinapseformacion.com\/wp-content\/uploads\/2020\/06\/is-1024x775.png 1024w, https:\/\/sinapseformacion.com\/wp-content\/uploads\/2020\/06\/is-300x227.png 300w, https:\/\/sinapseformacion.com\/wp-content\/uploads\/2020\/06\/is-700x530.png 700w, https:\/\/sinapseformacion.com\/wp-content\/uploads\/2020\/06\/is-768x581.png 768w, https:\/\/sinapseformacion.com\/wp-content\/uploads\/2020\/06\/is-600x453.png 600w, https:\/\/sinapseformacion.com\/wp-content\/uploads\/2020\/06\/is.png 1080w\" sizes=\"auto, (max-width: 1024px) 100vw, 1024px\" \/><\/figure>\n\n\n\n<p class=\"has-text-align-center\"><a href=\"https:\/\/sinapseformacion.com\/gl\/produto\/certificacion-internacional-integracion-sensorial-universidad-sur-california\/\" data-type=\"link\" data-id=\"https:\/\/sinapseformacion.com\/producto\/certificacion-internacional-integracion-sensorial-universidad-sur-california\/\">Certificaci\u00f3n internacional integraci\u00f3n sensorial universidad sur de california (USC)<\/a> Inf\u00f3rmate <\/p>\n\n\n\n<p class=\"has-text-align-center\"><a href=\"https:\/\/sinapseformacion.com\/gl\/produto\/taller-introductorio-esdm\/\" data-type=\"link\" data-id=\"https:\/\/sinapseformacion.com\/producto\/certificacion-internacional-integracion-sensorial-universidad-sur-california\/\">Taller introductorio ESDM (Modelo Denver de Atenci\u00f3n Temprana)<\/a> Inf\u00f3rmate<\/p>\n\n\n\n<hr class=\"wp-block-separator has-text-color has-background-2-color has-alpha-channel-opacity has-background-2-background-color has-background is-style-wide is-style-wide--7\"\/>","protected":false},"excerpt":{"rendered":"<p>Llevamos muchos a\u00f1os de experiencia cl\u00ednica, profesional, docente e investigadora. Nuestro af\u00e1n es buscar la excelencia en la formaci\u00f3n para todos los profesionales de la salud, especialmente en el campo de la Neurorrehabilitaci\u00f3n, atenci\u00f3n temprana y Neurodesarrollo, Si estas interesado en alguna formaci\u00f3n o quieres que te asesoremos para tu centro, no dudes en contactar [&hellip;]<\/p>\n","protected":false},"author":2,"featured_media":0,"parent":0,"menu_order":0,"comment_status":"closed","ping_status":"closed","template":"","meta":{"footnotes":""},"class_list":["post-530","page","type-page","status-publish","hentry"],"yoast_head":"<!-- This site is optimized with the Yoast SEO plugin v27.0 - https:\/\/yoast.com\/product\/yoast-seo-wordpress\/ -->\n<title>Cursos &#8226; Formaci\u00f3n Sinapse<\/title>\n<meta name=\"robots\" content=\"index, follow, max-snippet:-1, max-image-preview:large, max-video-preview:-1\" \/>\n<link rel=\"canonical\" href=\"https:\/\/sinapseformacion.com\/gl\/cursos\/\" \/>\n<meta property=\"og:locale\" content=\"gl_ES\" \/>\n<meta property=\"og:type\" content=\"article\" \/>\n<meta property=\"og:title\" content=\"Cursos &#8226; Formaci\u00f3n Sinapse\" \/>\n<meta property=\"og:description\" content=\"Llevamos muchos a\u00f1os de experiencia cl\u00ednica, profesional, docente e investigadora. Nuestro af\u00e1n es buscar la excelencia en la formaci\u00f3n para todos los profesionales de la salud, especialmente en el campo de la Neurorrehabilitaci\u00f3n, atenci\u00f3n temprana y Neurodesarrollo, Si estas interesado en alguna formaci\u00f3n o quieres que te asesoremos para tu centro, no dudes en contactar [&hellip;]\" \/>\n<meta property=\"og:url\" content=\"https:\/\/sinapseformacion.com\/gl\/cursos\/\" \/>\n<meta property=\"og:site_name\" content=\"Formaci\u00f3n Sinapse\" \/>\n<meta property=\"article:publisher\" content=\"https:\/\/www.facebook.com\/sinapseneuro.formacion\" \/>\n<meta property=\"article:modified_time\" content=\"2026-02-20T09:01:29+00:00\" \/>\n<meta property=\"og:image\" content=\"https:\/\/sinapseformacion.com\/wp-content\/uploads\/2026\/01\/alimentatea.jpg\" \/>\n\t<meta property=\"og:image:width\" content=\"1447\" \/>\n\t<meta property=\"og:image:height\" content=\"2048\" \/>\n\t<meta property=\"og:image:type\" content=\"image\/jpeg\" \/>\n<meta name=\"twitter:card\" content=\"summary_large_image\" \/>\n<meta name=\"twitter:site\" content=\"@SINAPSE_Cursos\" \/>\n<meta name=\"twitter:label1\" content=\"Tempo de lectura\" \/>\n\t<meta name=\"twitter:data1\" content=\"1 minuto\" \/>\n<script type=\"application\/ld+json\" class=\"yoast-schema-graph\">{\"@context\":\"https:\/\/schema.org\",\"@graph\":[{\"@type\":\"WebPage\",\"@id\":\"https:\/\/sinapseformacion.com\/cursos\/\",\"url\":\"https:\/\/sinapseformacion.com\/cursos\/\",\"name\":\"Cursos &#8226; Formaci\u00f3n Sinapse\",\"isPartOf\":{\"@id\":\"https:\/\/sinapseformacion.com\/#website\"},\"primaryImageOfPage\":{\"@id\":\"https:\/\/sinapseformacion.com\/cursos\/#primaryimage\"},\"image\":{\"@id\":\"https:\/\/sinapseformacion.com\/cursos\/#primaryimage\"},\"thumbnailUrl\":\"https:\/\/sinapseformacion.com\/wp-content\/uploads\/2026\/01\/alimentatea-724x1024.jpg\",\"datePublished\":\"2020-12-11T11:24:37+00:00\",\"dateModified\":\"2026-02-20T09:01:29+00:00\",\"breadcrumb\":{\"@id\":\"https:\/\/sinapseformacion.com\/cursos\/#breadcrumb\"},\"inLanguage\":\"gl-ES\",\"potentialAction\":[{\"@type\":\"ReadAction\",\"target\":[\"https:\/\/sinapseformacion.com\/cursos\/\"]}]},{\"@type\":\"ImageObject\",\"inLanguage\":\"gl-ES\",\"@id\":\"https:\/\/sinapseformacion.com\/cursos\/#primaryimage\",\"url\":\"https:\/\/sinapseformacion.com\/wp-content\/uploads\/2026\/01\/alimentatea-724x1024.jpg\",\"contentUrl\":\"https:\/\/sinapseformacion.com\/wp-content\/uploads\/2026\/01\/alimentatea-724x1024.jpg\"},{\"@type\":\"BreadcrumbList\",\"@id\":\"https:\/\/sinapseformacion.com\/cursos\/#breadcrumb\",\"itemListElement\":[{\"@type\":\"ListItem\",\"position\":1,\"name\":\"Portada\",\"item\":\"https:\/\/sinapseformacion.com\/\"},{\"@type\":\"ListItem\",\"position\":2,\"name\":\"Cursos\"}]},{\"@type\":\"WebSite\",\"@id\":\"https:\/\/sinapseformacion.com\/#website\",\"url\":\"https:\/\/sinapseformacion.com\/\",\"name\":\"Formaci\u00f3n Sinapse\",\"description\":\"SINAPSE NEUROLOG\u00cdA SL - FORMACI\u00d3N \",\"publisher\":{\"@id\":\"https:\/\/sinapseformacion.com\/#organization\"},\"potentialAction\":[{\"@type\":\"SearchAction\",\"target\":{\"@type\":\"EntryPoint\",\"urlTemplate\":\"https:\/\/sinapseformacion.com\/?s={search_term_string}\"},\"query-input\":{\"@type\":\"PropertyValueSpecification\",\"valueRequired\":true,\"valueName\":\"search_term_string\"}}],\"inLanguage\":\"gl-ES\"},{\"@type\":\"Organization\",\"@id\":\"https:\/\/sinapseformacion.com\/#organization\",\"name\":\"Sinapse Formaci\u00f3n\",\"url\":\"https:\/\/sinapseformacion.com\/\",\"logo\":{\"@type\":\"ImageObject\",\"inLanguage\":\"gl-ES\",\"@id\":\"https:\/\/sinapseformacion.com\/#\/schema\/logo\/image\/\",\"url\":\"https:\/\/sinapseformacion.com\/wp-content\/uploads\/2020\/02\/logo-sinapse-neurologia-formacion.png\",\"contentUrl\":\"https:\/\/sinapseformacion.com\/wp-content\/uploads\/2020\/02\/logo-sinapse-neurologia-formacion.png\",\"width\":600,\"height\":260,\"caption\":\"Sinapse Formaci\u00f3n\"},\"image\":{\"@id\":\"https:\/\/sinapseformacion.com\/#\/schema\/logo\/image\/\"},\"sameAs\":[\"https:\/\/www.facebook.com\/sinapseneuro.formacion\",\"https:\/\/x.com\/SINAPSE_Cursos\"]}]}<\/script>\n<!-- \/ Yoast SEO plugin. -->","yoast_head_json":{"title":"Cursos &#8226; Formaci\u00f3n Sinapse","robots":{"index":"index","follow":"follow","max-snippet":"max-snippet:-1","max-image-preview":"max-image-preview:large","max-video-preview":"max-video-preview:-1"},"canonical":"https:\/\/sinapseformacion.com\/gl\/cursos\/","og_locale":"gl_ES","og_type":"article","og_title":"Cursos &#8226; Formaci\u00f3n Sinapse","og_description":"Llevamos muchos a\u00f1os de experiencia cl\u00ednica, profesional, docente e investigadora. Nuestro af\u00e1n es buscar la excelencia en la formaci\u00f3n para todos los profesionales de la salud, especialmente en el campo de la Neurorrehabilitaci\u00f3n, atenci\u00f3n temprana y Neurodesarrollo, Si estas interesado en alguna formaci\u00f3n o quieres que te asesoremos para tu centro, no dudes en contactar [&hellip;]","og_url":"https:\/\/sinapseformacion.com\/gl\/cursos\/","og_site_name":"Formaci\u00f3n Sinapse","article_publisher":"https:\/\/www.facebook.com\/sinapseneuro.formacion","article_modified_time":"2026-02-20T09:01:29+00:00","og_image":[{"width":1447,"height":2048,"url":"https:\/\/sinapseformacion.com\/wp-content\/uploads\/2026\/01\/alimentatea.jpg","type":"image\/jpeg"}],"twitter_card":"summary_large_image","twitter_site":"@SINAPSE_Cursos","twitter_misc":{"Tempo de lectura":"1 minuto"},"schema":{"@context":"https:\/\/schema.org","@graph":[{"@type":"WebPage","@id":"https:\/\/sinapseformacion.com\/cursos\/","url":"https:\/\/sinapseformacion.com\/cursos\/","name":"Cursos &#8226; Formaci\u00f3n Sinapse","isPartOf":{"@id":"https:\/\/sinapseformacion.com\/#website"},"primaryImageOfPage":{"@id":"https:\/\/sinapseformacion.com\/cursos\/#primaryimage"},"image":{"@id":"https:\/\/sinapseformacion.com\/cursos\/#primaryimage"},"thumbnailUrl":"https:\/\/sinapseformacion.com\/wp-content\/uploads\/2026\/01\/alimentatea-724x1024.jpg","datePublished":"2020-12-11T11:24:37+00:00","dateModified":"2026-02-20T09:01:29+00:00","breadcrumb":{"@id":"https:\/\/sinapseformacion.com\/cursos\/#breadcrumb"},"inLanguage":"gl-ES","potentialAction":[{"@type":"ReadAction","target":["https:\/\/sinapseformacion.com\/cursos\/"]}]},{"@type":"ImageObject","inLanguage":"gl-ES","@id":"https:\/\/sinapseformacion.com\/cursos\/#primaryimage","url":"https:\/\/sinapseformacion.com\/wp-content\/uploads\/2026\/01\/alimentatea-724x1024.jpg","contentUrl":"https:\/\/sinapseformacion.com\/wp-content\/uploads\/2026\/01\/alimentatea-724x1024.jpg"},{"@type":"BreadcrumbList","@id":"https:\/\/sinapseformacion.com\/cursos\/#breadcrumb","itemListElement":[{"@type":"ListItem","position":1,"name":"Portada","item":"https:\/\/sinapseformacion.com\/"},{"@type":"ListItem","position":2,"name":"Cursos"}]},{"@type":"WebSite","@id":"https:\/\/sinapseformacion.com\/#website","url":"https:\/\/sinapseformacion.com\/","name":"Formaci\u00f3n Sinapse","description":"SINAPSE NEUROLOG\u00cdA SL - FORMACI\u00d3N","publisher":{"@id":"https:\/\/sinapseformacion.com\/#organization"},"potentialAction":[{"@type":"SearchAction","target":{"@type":"EntryPoint","urlTemplate":"https:\/\/sinapseformacion.com\/?s={search_term_string}"},"query-input":{"@type":"PropertyValueSpecification","valueRequired":true,"valueName":"search_term_string"}}],"inLanguage":"gl-ES"},{"@type":"Organization","@id":"https:\/\/sinapseformacion.com\/#organization","name":"Sinapse Formaci\u00f3n","url":"https:\/\/sinapseformacion.com\/","logo":{"@type":"ImageObject","inLanguage":"gl-ES","@id":"https:\/\/sinapseformacion.com\/#\/schema\/logo\/image\/","url":"https:\/\/sinapseformacion.com\/wp-content\/uploads\/2020\/02\/logo-sinapse-neurologia-formacion.png","contentUrl":"https:\/\/sinapseformacion.com\/wp-content\/uploads\/2020\/02\/logo-sinapse-neurologia-formacion.png","width":600,"height":260,"caption":"Sinapse Formaci\u00f3n"},"image":{"@id":"https:\/\/sinapseformacion.com\/#\/schema\/logo\/image\/"},"sameAs":["https:\/\/www.facebook.com\/sinapseneuro.formacion","https:\/\/x.com\/SINAPSE_Cursos"]}]}},"_links":{"self":[{"href":"https:\/\/sinapseformacion.com\/gl\/wp-json\/wp\/v2\/pages\/530","targetHints":{"allow":["GET"]}}],"collection":[{"href":"https:\/\/sinapseformacion.com\/gl\/wp-json\/wp\/v2\/pages"}],"about":[{"href":"https:\/\/sinapseformacion.com\/gl\/wp-json\/wp\/v2\/types\/page"}],"author":[{"embeddable":true,"href":"https:\/\/sinapseformacion.com\/gl\/wp-json\/wp\/v2\/users\/2"}],"replies":[{"embeddable":true,"href":"https:\/\/sinapseformacion.com\/gl\/wp-json\/wp\/v2\/comments?post=530"}],"version-history":[{"count":37,"href":"https:\/\/sinapseformacion.com\/gl\/wp-json\/wp\/v2\/pages\/530\/revisions"}],"predecessor-version":[{"id":2079,"href":"https:\/\/sinapseformacion.com\/gl\/wp-json\/wp\/v2\/pages\/530\/revisions\/2079"}],"wp:attachment":[{"href":"https:\/\/sinapseformacion.com\/gl\/wp-json\/wp\/v2\/media?parent=530"}],"curies":[{"name":"wp","href":"https:\/\/api.w.org\/{rel}","templated":true}]}}