{"id":1123,"date":"2020-08-03T10:52:27","date_gmt":"2020-08-03T09:52:27","guid":{"rendered":"https:\/\/sinapseformacion.com\/?post_type=product&amp;p=444"},"modified":"2020-08-03T10:52:27","modified_gmt":"2020-08-03T09:52:27","slug":"curso-de-suelo-pelvico-y-maternidad-3","status":"publish","type":"product","link":"https:\/\/sinapseformacion.com\/gl\/produto\/curso-de-suelo-pelvico-y-maternidad-3\/","title":{"rendered":"Suelo P\u00e9lvico y Maternidad"},"content":{"rendered":"","protected":false},"excerpt":{"rendered":"","protected":false},"featured_media":445,"template":"","meta":[],"product_brand":[],"product_cat":[17],"product_tag":[],"class_list":{"0":"post-1123","1":"product","2":"type-product","3":"status-publish","4":"has-post-thumbnail","6":"product_cat-presencial","8":"first","9":"instock","10":"sold-individually","11":"shipping-taxable","12":"product-type-external"},"yoast_head":"<!-- This site is optimized with the Yoast SEO plugin v27.0 - https:\/\/yoast.com\/product\/yoast-seo-wordpress\/ -->\n<title>Suelo P\u00e9lvico y Maternidad &#8226; Formaci\u00f3n Sinapse<\/title>\n<meta name=\"description\" content=\"El Curso tratar\u00e1 a nivel introductorio, los aspectos m\u00e1s relevantes y a tener en cuenta de la Alimentaci\u00f3n en la Infancia, desde un enfoque de Integraci\u00f3n Sensorial.\" \/>\n<meta name=\"robots\" content=\"index, follow, max-snippet:-1, max-image-preview:large, max-video-preview:-1\" \/>\n<link rel=\"canonical\" href=\"https:\/\/sinapseformacion.com\/gl\/produto\/curso-de-suelo-pelvico-y-maternidad-3\/\" \/>\n<meta property=\"og:locale\" content=\"gl_ES\" \/>\n<meta property=\"og:type\" content=\"article\" \/>\n<meta property=\"og:title\" content=\"Suelo P\u00e9lvico y Maternidad &#8226; Formaci\u00f3n Sinapse\" \/>\n<meta property=\"og:description\" content=\"El Curso tratar\u00e1 a nivel introductorio, los aspectos m\u00e1s relevantes y a tener en cuenta de la Alimentaci\u00f3n en la Infancia, desde un enfoque de Integraci\u00f3n Sensorial.\" \/>\n<meta property=\"og:url\" content=\"https:\/\/sinapseformacion.com\/gl\/produto\/curso-de-suelo-pelvico-y-maternidad-3\/\" \/>\n<meta property=\"og:site_name\" content=\"Formaci\u00f3n Sinapse\" \/>\n<meta property=\"article:publisher\" content=\"https:\/\/www.facebook.com\/sinapseneuro.formacion\" \/>\n<meta property=\"og:image\" content=\"https:\/\/sinapseformacion.com\/wp-content\/uploads\/2020\/08\/suelo_pelvico.jpg\" \/>\n\t<meta property=\"og:image:width\" content=\"1024\" \/>\n\t<meta property=\"og:image:height\" content=\"680\" \/>\n\t<meta property=\"og:image:type\" content=\"image\/jpeg\" \/>\n<meta name=\"twitter:card\" content=\"summary_large_image\" \/>\n<meta name=\"twitter:site\" content=\"@SINAPSE_Cursos\" \/>\n<script type=\"application\/ld+json\" class=\"yoast-schema-graph\">{\"@context\":\"https:\/\/schema.org\",\"@graph\":[{\"@type\":\"WebPage\",\"@id\":\"https:\/\/sinapseformacion.com\/producto\/curso-de-suelo-pelvico-y-maternidad-3\/\",\"url\":\"https:\/\/sinapseformacion.com\/producto\/curso-de-suelo-pelvico-y-maternidad-3\/\",\"name\":\"Suelo P\u00e9lvico y Maternidad &#8226; Formaci\u00f3n Sinapse\",\"isPartOf\":{\"@id\":\"https:\/\/sinapseformacion.com\/#website\"},\"primaryImageOfPage\":{\"@id\":\"https:\/\/sinapseformacion.com\/producto\/curso-de-suelo-pelvico-y-maternidad-3\/#primaryimage\"},\"image\":{\"@id\":\"https:\/\/sinapseformacion.com\/producto\/curso-de-suelo-pelvico-y-maternidad-3\/#primaryimage\"},\"thumbnailUrl\":\"https:\/\/sinapseformacion.com\/wp-content\/uploads\/2020\/08\/suelo_pelvico.jpg\",\"datePublished\":\"2020-08-03T09:52:27+00:00\",\"description\":\"El Curso tratar\u00e1 a nivel introductorio, los aspectos m\u00e1s relevantes y a tener en cuenta de la Alimentaci\u00f3n en la Infancia, desde un enfoque de Integraci\u00f3n Sensorial.\",\"breadcrumb\":{\"@id\":\"https:\/\/sinapseformacion.com\/producto\/curso-de-suelo-pelvico-y-maternidad-3\/#breadcrumb\"},\"inLanguage\":\"gl-ES\",\"potentialAction\":[{\"@type\":\"ReadAction\",\"target\":[\"https:\/\/sinapseformacion.com\/producto\/curso-de-suelo-pelvico-y-maternidad-3\/\"]}]},{\"@type\":\"ImageObject\",\"inLanguage\":\"gl-ES\",\"@id\":\"https:\/\/sinapseformacion.com\/producto\/curso-de-suelo-pelvico-y-maternidad-3\/#primaryimage\",\"url\":\"https:\/\/sinapseformacion.com\/wp-content\/uploads\/2020\/08\/suelo_pelvico.jpg\",\"contentUrl\":\"https:\/\/sinapseformacion.com\/wp-content\/uploads\/2020\/08\/suelo_pelvico.jpg\",\"width\":1024,\"height\":680},{\"@type\":\"BreadcrumbList\",\"@id\":\"https:\/\/sinapseformacion.com\/producto\/curso-de-suelo-pelvico-y-maternidad-3\/#breadcrumb\",\"itemListElement\":[{\"@type\":\"ListItem\",\"position\":1,\"name\":\"Portada\",\"item\":\"https:\/\/sinapseformacion.com\/\"},{\"@type\":\"ListItem\",\"position\":2,\"name\":\"Tienda\",\"item\":\"https:\/\/sinapseformacion.com\/tienda\/\"},{\"@type\":\"ListItem\",\"position\":3,\"name\":\"Suelo P\u00e9lvico y Maternidad\"}]},{\"@type\":\"WebSite\",\"@id\":\"https:\/\/sinapseformacion.com\/#website\",\"url\":\"https:\/\/sinapseformacion.com\/\",\"name\":\"Formaci\u00f3n Sinapse\",\"description\":\"SINAPSE NEUROLOG\u00cdA SL - FORMACI\u00d3N \",\"publisher\":{\"@id\":\"https:\/\/sinapseformacion.com\/#organization\"},\"potentialAction\":[{\"@type\":\"SearchAction\",\"target\":{\"@type\":\"EntryPoint\",\"urlTemplate\":\"https:\/\/sinapseformacion.com\/?s={search_term_string}\"},\"query-input\":{\"@type\":\"PropertyValueSpecification\",\"valueRequired\":true,\"valueName\":\"search_term_string\"}}],\"inLanguage\":\"gl-ES\"},{\"@type\":\"Organization\",\"@id\":\"https:\/\/sinapseformacion.com\/#organization\",\"name\":\"Sinapse Formaci\u00f3n\",\"url\":\"https:\/\/sinapseformacion.com\/\",\"logo\":{\"@type\":\"ImageObject\",\"inLanguage\":\"gl-ES\",\"@id\":\"https:\/\/sinapseformacion.com\/#\/schema\/logo\/image\/\",\"url\":\"https:\/\/sinapseformacion.com\/wp-content\/uploads\/2020\/02\/logo-sinapse-neurologia-formacion.png\",\"contentUrl\":\"https:\/\/sinapseformacion.com\/wp-content\/uploads\/2020\/02\/logo-sinapse-neurologia-formacion.png\",\"width\":600,\"height\":260,\"caption\":\"Sinapse Formaci\u00f3n\"},\"image\":{\"@id\":\"https:\/\/sinapseformacion.com\/#\/schema\/logo\/image\/\"},\"sameAs\":[\"https:\/\/www.facebook.com\/sinapseneuro.formacion\",\"https:\/\/x.com\/SINAPSE_Cursos\"]}]}<\/script>\n<!-- \/ Yoast SEO plugin. -->","yoast_head_json":{"title":"Suelo P\u00e9lvico y Maternidad &#8226; Formaci\u00f3n Sinapse","description":"El Curso tratar\u00e1 a nivel introductorio, los aspectos m\u00e1s relevantes y a tener en cuenta de la Alimentaci\u00f3n en la Infancia, desde un enfoque de Integraci\u00f3n Sensorial.","robots":{"index":"index","follow":"follow","max-snippet":"max-snippet:-1","max-image-preview":"max-image-preview:large","max-video-preview":"max-video-preview:-1"},"canonical":"https:\/\/sinapseformacion.com\/gl\/produto\/curso-de-suelo-pelvico-y-maternidad-3\/","og_locale":"gl_ES","og_type":"article","og_title":"Suelo P\u00e9lvico y Maternidad &#8226; Formaci\u00f3n Sinapse","og_description":"El Curso tratar\u00e1 a nivel introductorio, los aspectos m\u00e1s relevantes y a tener en cuenta de la Alimentaci\u00f3n en la Infancia, desde un enfoque de Integraci\u00f3n Sensorial.","og_url":"https:\/\/sinapseformacion.com\/gl\/produto\/curso-de-suelo-pelvico-y-maternidad-3\/","og_site_name":"Formaci\u00f3n Sinapse","article_publisher":"https:\/\/www.facebook.com\/sinapseneuro.formacion","og_image":[{"width":1024,"height":680,"url":"https:\/\/sinapseformacion.com\/wp-content\/uploads\/2020\/08\/suelo_pelvico.jpg","type":"image\/jpeg"}],"twitter_card":"summary_large_image","twitter_site":"@SINAPSE_Cursos","schema":{"@context":"https:\/\/schema.org","@graph":[{"@type":"WebPage","@id":"https:\/\/sinapseformacion.com\/producto\/curso-de-suelo-pelvico-y-maternidad-3\/","url":"https:\/\/sinapseformacion.com\/producto\/curso-de-suelo-pelvico-y-maternidad-3\/","name":"Suelo P\u00e9lvico y Maternidad &#8226; Formaci\u00f3n Sinapse","isPartOf":{"@id":"https:\/\/sinapseformacion.com\/#website"},"primaryImageOfPage":{"@id":"https:\/\/sinapseformacion.com\/producto\/curso-de-suelo-pelvico-y-maternidad-3\/#primaryimage"},"image":{"@id":"https:\/\/sinapseformacion.com\/producto\/curso-de-suelo-pelvico-y-maternidad-3\/#primaryimage"},"thumbnailUrl":"https:\/\/sinapseformacion.com\/wp-content\/uploads\/2020\/08\/suelo_pelvico.jpg","datePublished":"2020-08-03T09:52:27+00:00","description":"El Curso tratar\u00e1 a nivel introductorio, los aspectos m\u00e1s relevantes y a tener en cuenta de la Alimentaci\u00f3n en la Infancia, desde un enfoque de Integraci\u00f3n Sensorial.","breadcrumb":{"@id":"https:\/\/sinapseformacion.com\/producto\/curso-de-suelo-pelvico-y-maternidad-3\/#breadcrumb"},"inLanguage":"gl-ES","potentialAction":[{"@type":"ReadAction","target":["https:\/\/sinapseformacion.com\/producto\/curso-de-suelo-pelvico-y-maternidad-3\/"]}]},{"@type":"ImageObject","inLanguage":"gl-ES","@id":"https:\/\/sinapseformacion.com\/producto\/curso-de-suelo-pelvico-y-maternidad-3\/#primaryimage","url":"https:\/\/sinapseformacion.com\/wp-content\/uploads\/2020\/08\/suelo_pelvico.jpg","contentUrl":"https:\/\/sinapseformacion.com\/wp-content\/uploads\/2020\/08\/suelo_pelvico.jpg","width":1024,"height":680},{"@type":"BreadcrumbList","@id":"https:\/\/sinapseformacion.com\/producto\/curso-de-suelo-pelvico-y-maternidad-3\/#breadcrumb","itemListElement":[{"@type":"ListItem","position":1,"name":"Portada","item":"https:\/\/sinapseformacion.com\/"},{"@type":"ListItem","position":2,"name":"Tienda","item":"https:\/\/sinapseformacion.com\/tienda\/"},{"@type":"ListItem","position":3,"name":"Suelo P\u00e9lvico y Maternidad"}]},{"@type":"WebSite","@id":"https:\/\/sinapseformacion.com\/#website","url":"https:\/\/sinapseformacion.com\/","name":"Formaci\u00f3n Sinapse","description":"SINAPSE NEUROLOG\u00cdA SL - FORMACI\u00d3N","publisher":{"@id":"https:\/\/sinapseformacion.com\/#organization"},"potentialAction":[{"@type":"SearchAction","target":{"@type":"EntryPoint","urlTemplate":"https:\/\/sinapseformacion.com\/?s={search_term_string}"},"query-input":{"@type":"PropertyValueSpecification","valueRequired":true,"valueName":"search_term_string"}}],"inLanguage":"gl-ES"},{"@type":"Organization","@id":"https:\/\/sinapseformacion.com\/#organization","name":"Sinapse Formaci\u00f3n","url":"https:\/\/sinapseformacion.com\/","logo":{"@type":"ImageObject","inLanguage":"gl-ES","@id":"https:\/\/sinapseformacion.com\/#\/schema\/logo\/image\/","url":"https:\/\/sinapseformacion.com\/wp-content\/uploads\/2020\/02\/logo-sinapse-neurologia-formacion.png","contentUrl":"https:\/\/sinapseformacion.com\/wp-content\/uploads\/2020\/02\/logo-sinapse-neurologia-formacion.png","width":600,"height":260,"caption":"Sinapse Formaci\u00f3n"},"image":{"@id":"https:\/\/sinapseformacion.com\/#\/schema\/logo\/image\/"},"sameAs":["https:\/\/www.facebook.com\/sinapseneuro.formacion","https:\/\/x.com\/SINAPSE_Cursos"]}]}},"_links":{"self":[{"href":"https:\/\/sinapseformacion.com\/gl\/wp-json\/wp\/v2\/product\/1123","targetHints":{"allow":["GET"]}}],"collection":[{"href":"https:\/\/sinapseformacion.com\/gl\/wp-json\/wp\/v2\/product"}],"about":[{"href":"https:\/\/sinapseformacion.com\/gl\/wp-json\/wp\/v2\/types\/product"}],"wp:featuredmedia":[{"embeddable":true,"href":"https:\/\/sinapseformacion.com\/gl\/wp-json\/wp\/v2\/media\/445"}],"wp:attachment":[{"href":"https:\/\/sinapseformacion.com\/gl\/wp-json\/wp\/v2\/media?parent=1123"}],"wp:term":[{"taxonomy":"product_brand","embeddable":true,"href":"https:\/\/sinapseformacion.com\/gl\/wp-json\/wp\/v2\/product_brand?post=1123"},{"taxonomy":"product_cat","embeddable":true,"href":"https:\/\/sinapseformacion.com\/gl\/wp-json\/wp\/v2\/product_cat?post=1123"},{"taxonomy":"product_tag","embeddable":true,"href":"https:\/\/sinapseformacion.com\/gl\/wp-json\/wp\/v2\/product_tag?post=1123"}],"curies":[{"name":"wp","href":"https:\/\/api.w.org\/{rel}","templated":true}]}}