{"id":1357,"date":"2021-10-27T18:05:12","date_gmt":"2021-10-27T17:05:12","guid":{"rendered":"https:\/\/sinapseformacion.com\/?post_type=product&#038;p=1357"},"modified":"2022-05-09T22:16:16","modified_gmt":"2022-05-09T21:16:16","slug":"curso-basico-f-o-t-t-rehabilitacion-del-tracto-oro-facial-en-pacientes-con-una-lesion-central","status":"publish","type":"product","link":"https:\/\/sinapseformacion.com\/gl\/produto\/curso-basico-f-o-t-t-rehabilitacion-del-tracto-oro-facial-en-pacientes-con-una-lesion-central\/","title":{"rendered":"Curso B\u00e1sico F.O.T.T.\u00ae \u00abRehabilitaci\u00f3n do Tracto Oro-Facial en Pacientes cunha lesi\u00f3n central\u00bb"},"content":{"rendered":"","protected":false},"excerpt":{"rendered":"","protected":false},"featured_media":766,"template":"","meta":[],"product_brand":[],"product_cat":[17],"product_tag":[],"class_list":{"0":"post-1357","1":"product","2":"type-product","3":"status-publish","4":"has-post-thumbnail","6":"product_cat-presencial","8":"first","9":"instock","10":"sold-individually","11":"shipping-taxable","12":"purchasable","13":"product-type-variable"},"yoast_head":"<!-- This site is optimized with the Yoast SEO plugin v27.0 - https:\/\/yoast.com\/product\/yoast-seo-wordpress\/ -->\n<title>Curso B\u00e1sico F.O.T.T.\u00ae &quot;Rehabilitaci\u00f3n del Tracto Oro-Facial en Pacientes con una lesi\u00f3n central&quot; &#8226; Formaci\u00f3n Sinapse<\/title>\n<meta name=\"description\" content=\"Despu\u00e9s del da\u00f1o cerebral adquirido severo aparecen dificultades m\u00e1s o menos pronunciadas en relaci\u00f3n a la degluci\u00f3n, alimentaci\u00f3n s\u00f3lida y l\u00edquida, as\u00ed como dificultades en la higiene oral.El Concepto F.O.T.T. creado por Kay Combes, y concretamente el curso B\u00e1sico (\u201cRehabilitaci\u00f3n del tracto oro-facial en pacientes con una lesi\u00f3n central\u201d) est\u00e1 dise\u00f1ado para proporcionar una base de conocimientos sobre el tratamiento rehabilitador del Tracto Oro-Facial, involucrado en el funcionamiento de la degluci\u00f3n y la alimentaci\u00f3n de pacientes con lesiones de origen central, y est\u00e1 basado en el Concepto Bobath de rehabilitaci\u00f3n neurol\u00f3gica.\" \/>\n<meta name=\"robots\" content=\"index, follow, max-snippet:-1, max-image-preview:large, max-video-preview:-1\" \/>\n<link rel=\"canonical\" href=\"https:\/\/sinapseformacion.com\/gl\/produto\/curso-basico-f-o-t-t-rehabilitacion-del-tracto-oro-facial-en-pacientes-con-una-lesion-central\/\" \/>\n<meta property=\"og:locale\" content=\"gl_ES\" \/>\n<meta property=\"og:type\" content=\"article\" \/>\n<meta property=\"og:title\" content=\"Curso B\u00e1sico F.O.T.T.\u00ae &quot;Rehabilitaci\u00f3n del Tracto Oro-Facial en Pacientes con una lesi\u00f3n central&quot; &#8226; Formaci\u00f3n Sinapse\" \/>\n<meta property=\"og:description\" content=\"Despu\u00e9s del da\u00f1o cerebral adquirido severo aparecen dificultades m\u00e1s o menos pronunciadas en relaci\u00f3n a la degluci\u00f3n, alimentaci\u00f3n s\u00f3lida y l\u00edquida, as\u00ed como dificultades en la higiene oral.El Concepto F.O.T.T. creado por Kay Combes, y concretamente el curso B\u00e1sico (\u201cRehabilitaci\u00f3n del tracto oro-facial en pacientes con una lesi\u00f3n central\u201d) est\u00e1 dise\u00f1ado para proporcionar una base de conocimientos sobre el tratamiento rehabilitador del Tracto Oro-Facial, involucrado en el funcionamiento de la degluci\u00f3n y la alimentaci\u00f3n de pacientes con lesiones de origen central, y est\u00e1 basado en el Concepto Bobath de rehabilitaci\u00f3n neurol\u00f3gica.\" \/>\n<meta property=\"og:url\" content=\"https:\/\/sinapseformacion.com\/gl\/produto\/curso-basico-f-o-t-t-rehabilitacion-del-tracto-oro-facial-en-pacientes-con-una-lesion-central\/\" \/>\n<meta property=\"og:site_name\" content=\"Formaci\u00f3n Sinapse\" \/>\n<meta property=\"article:publisher\" content=\"https:\/\/www.facebook.com\/sinapseneuro.formacion\" \/>\n<meta property=\"article:modified_time\" content=\"2022-05-09T21:16:16+00:00\" \/>\n<meta property=\"og:image\" content=\"https:\/\/sinapseformacion.com\/wp-content\/uploads\/2021\/06\/f.o.t.t..png\" \/>\n\t<meta property=\"og:image:width\" content=\"700\" \/>\n\t<meta property=\"og:image:height\" content=\"467\" \/>\n\t<meta property=\"og:image:type\" content=\"image\/png\" \/>\n<meta name=\"twitter:card\" content=\"summary_large_image\" \/>\n<meta name=\"twitter:site\" content=\"@SINAPSE_Cursos\" \/>\n<script type=\"application\/ld+json\" class=\"yoast-schema-graph\">{\"@context\":\"https:\/\/schema.org\",\"@graph\":[{\"@type\":\"WebPage\",\"@id\":\"https:\/\/sinapseformacion.com\/producto\/curso-basico-f-o-t-t-rehabilitacion-del-tracto-oro-facial-en-pacientes-con-una-lesion-central\/\",\"url\":\"https:\/\/sinapseformacion.com\/producto\/curso-basico-f-o-t-t-rehabilitacion-del-tracto-oro-facial-en-pacientes-con-una-lesion-central\/\",\"name\":\"Curso B\u00e1sico F.O.T.T.\u00ae \\\"Rehabilitaci\u00f3n del Tracto Oro-Facial en Pacientes con una lesi\u00f3n central\\\" &#8226; Formaci\u00f3n Sinapse\",\"isPartOf\":{\"@id\":\"https:\/\/sinapseformacion.com\/#website\"},\"primaryImageOfPage\":{\"@id\":\"https:\/\/sinapseformacion.com\/producto\/curso-basico-f-o-t-t-rehabilitacion-del-tracto-oro-facial-en-pacientes-con-una-lesion-central\/#primaryimage\"},\"image\":{\"@id\":\"https:\/\/sinapseformacion.com\/producto\/curso-basico-f-o-t-t-rehabilitacion-del-tracto-oro-facial-en-pacientes-con-una-lesion-central\/#primaryimage\"},\"thumbnailUrl\":\"https:\/\/sinapseformacion.com\/wp-content\/uploads\/2021\/06\/f.o.t.t..png\",\"datePublished\":\"2021-10-27T17:05:12+00:00\",\"dateModified\":\"2022-05-09T21:16:16+00:00\",\"description\":\"Despu\u00e9s del da\u00f1o cerebral adquirido severo aparecen dificultades m\u00e1s o menos pronunciadas en relaci\u00f3n a la degluci\u00f3n, alimentaci\u00f3n s\u00f3lida y l\u00edquida, as\u00ed como dificultades en la higiene oral.El Concepto F.O.T.T. creado por Kay Combes, y concretamente el curso B\u00e1sico (\u201cRehabilitaci\u00f3n del tracto oro-facial en pacientes con una lesi\u00f3n central\u201d) est\u00e1 dise\u00f1ado para proporcionar una base de conocimientos sobre el tratamiento rehabilitador del Tracto Oro-Facial, involucrado en el funcionamiento de la degluci\u00f3n y la alimentaci\u00f3n de pacientes con lesiones de origen central, y est\u00e1 basado en el Concepto Bobath de rehabilitaci\u00f3n neurol\u00f3gica.\",\"breadcrumb\":{\"@id\":\"https:\/\/sinapseformacion.com\/producto\/curso-basico-f-o-t-t-rehabilitacion-del-tracto-oro-facial-en-pacientes-con-una-lesion-central\/#breadcrumb\"},\"inLanguage\":\"gl-ES\",\"potentialAction\":[{\"@type\":\"ReadAction\",\"target\":[\"https:\/\/sinapseformacion.com\/producto\/curso-basico-f-o-t-t-rehabilitacion-del-tracto-oro-facial-en-pacientes-con-una-lesion-central\/\"]}]},{\"@type\":\"ImageObject\",\"inLanguage\":\"gl-ES\",\"@id\":\"https:\/\/sinapseformacion.com\/producto\/curso-basico-f-o-t-t-rehabilitacion-del-tracto-oro-facial-en-pacientes-con-una-lesion-central\/#primaryimage\",\"url\":\"https:\/\/sinapseformacion.com\/wp-content\/uploads\/2021\/06\/f.o.t.t..png\",\"contentUrl\":\"https:\/\/sinapseformacion.com\/wp-content\/uploads\/2021\/06\/f.o.t.t..png\",\"width\":700,\"height\":467},{\"@type\":\"BreadcrumbList\",\"@id\":\"https:\/\/sinapseformacion.com\/producto\/curso-basico-f-o-t-t-rehabilitacion-del-tracto-oro-facial-en-pacientes-con-una-lesion-central\/#breadcrumb\",\"itemListElement\":[{\"@type\":\"ListItem\",\"position\":1,\"name\":\"Portada\",\"item\":\"https:\/\/sinapseformacion.com\/\"},{\"@type\":\"ListItem\",\"position\":2,\"name\":\"Tienda\",\"item\":\"https:\/\/sinapseformacion.com\/tienda\/\"},{\"@type\":\"ListItem\",\"position\":3,\"name\":\"Curso B\u00e1sico F.O.T.T.\u00ae \u00abRehabilitaci\u00f3n del Tracto Oro-Facial en Pacientes con una lesi\u00f3n central\u00bb\"}]},{\"@type\":\"WebSite\",\"@id\":\"https:\/\/sinapseformacion.com\/#website\",\"url\":\"https:\/\/sinapseformacion.com\/\",\"name\":\"Formaci\u00f3n Sinapse\",\"description\":\"SINAPSE NEUROLOG\u00cdA SL - FORMACI\u00d3N \",\"publisher\":{\"@id\":\"https:\/\/sinapseformacion.com\/#organization\"},\"potentialAction\":[{\"@type\":\"SearchAction\",\"target\":{\"@type\":\"EntryPoint\",\"urlTemplate\":\"https:\/\/sinapseformacion.com\/?s={search_term_string}\"},\"query-input\":{\"@type\":\"PropertyValueSpecification\",\"valueRequired\":true,\"valueName\":\"search_term_string\"}}],\"inLanguage\":\"gl-ES\"},{\"@type\":\"Organization\",\"@id\":\"https:\/\/sinapseformacion.com\/#organization\",\"name\":\"Sinapse Formaci\u00f3n\",\"url\":\"https:\/\/sinapseformacion.com\/\",\"logo\":{\"@type\":\"ImageObject\",\"inLanguage\":\"gl-ES\",\"@id\":\"https:\/\/sinapseformacion.com\/#\/schema\/logo\/image\/\",\"url\":\"https:\/\/sinapseformacion.com\/wp-content\/uploads\/2020\/02\/logo-sinapse-neurologia-formacion.png\",\"contentUrl\":\"https:\/\/sinapseformacion.com\/wp-content\/uploads\/2020\/02\/logo-sinapse-neurologia-formacion.png\",\"width\":600,\"height\":260,\"caption\":\"Sinapse Formaci\u00f3n\"},\"image\":{\"@id\":\"https:\/\/sinapseformacion.com\/#\/schema\/logo\/image\/\"},\"sameAs\":[\"https:\/\/www.facebook.com\/sinapseneuro.formacion\",\"https:\/\/x.com\/SINAPSE_Cursos\"]}]}<\/script>\n<!-- \/ Yoast SEO plugin. -->","yoast_head_json":{"title":"Curso B\u00e1sico F.O.T.T.\u00ae \"Rehabilitaci\u00f3n del Tracto Oro-Facial en Pacientes con una lesi\u00f3n central\" &#8226; Formaci\u00f3n Sinapse","description":"Despu\u00e9s del da\u00f1o cerebral adquirido severo aparecen dificultades m\u00e1s o menos pronunciadas en relaci\u00f3n a la degluci\u00f3n, alimentaci\u00f3n s\u00f3lida y l\u00edquida, as\u00ed como dificultades en la higiene oral.El Concepto F.O.T.T. creado por Kay Combes, y concretamente el curso B\u00e1sico (\u201cRehabilitaci\u00f3n del tracto oro-facial en pacientes con una lesi\u00f3n central\u201d) est\u00e1 dise\u00f1ado para proporcionar una base de conocimientos sobre el tratamiento rehabilitador del Tracto Oro-Facial, involucrado en el funcionamiento de la degluci\u00f3n y la alimentaci\u00f3n de pacientes con lesiones de origen central, y est\u00e1 basado en el Concepto Bobath de rehabilitaci\u00f3n neurol\u00f3gica.","robots":{"index":"index","follow":"follow","max-snippet":"max-snippet:-1","max-image-preview":"max-image-preview:large","max-video-preview":"max-video-preview:-1"},"canonical":"https:\/\/sinapseformacion.com\/gl\/produto\/curso-basico-f-o-t-t-rehabilitacion-del-tracto-oro-facial-en-pacientes-con-una-lesion-central\/","og_locale":"gl_ES","og_type":"article","og_title":"Curso B\u00e1sico F.O.T.T.\u00ae \"Rehabilitaci\u00f3n del Tracto Oro-Facial en Pacientes con una lesi\u00f3n central\" &#8226; Formaci\u00f3n Sinapse","og_description":"Despu\u00e9s del da\u00f1o cerebral adquirido severo aparecen dificultades m\u00e1s o menos pronunciadas en relaci\u00f3n a la degluci\u00f3n, alimentaci\u00f3n s\u00f3lida y l\u00edquida, as\u00ed como dificultades en la higiene oral.El Concepto F.O.T.T. creado por Kay Combes, y concretamente el curso B\u00e1sico (\u201cRehabilitaci\u00f3n del tracto oro-facial en pacientes con una lesi\u00f3n central\u201d) est\u00e1 dise\u00f1ado para proporcionar una base de conocimientos sobre el tratamiento rehabilitador del Tracto Oro-Facial, involucrado en el funcionamiento de la degluci\u00f3n y la alimentaci\u00f3n de pacientes con lesiones de origen central, y est\u00e1 basado en el Concepto Bobath de rehabilitaci\u00f3n neurol\u00f3gica.","og_url":"https:\/\/sinapseformacion.com\/gl\/produto\/curso-basico-f-o-t-t-rehabilitacion-del-tracto-oro-facial-en-pacientes-con-una-lesion-central\/","og_site_name":"Formaci\u00f3n Sinapse","article_publisher":"https:\/\/www.facebook.com\/sinapseneuro.formacion","article_modified_time":"2022-05-09T21:16:16+00:00","og_image":[{"width":700,"height":467,"url":"https:\/\/sinapseformacion.com\/wp-content\/uploads\/2021\/06\/f.o.t.t..png","type":"image\/png"}],"twitter_card":"summary_large_image","twitter_site":"@SINAPSE_Cursos","schema":{"@context":"https:\/\/schema.org","@graph":[{"@type":"WebPage","@id":"https:\/\/sinapseformacion.com\/producto\/curso-basico-f-o-t-t-rehabilitacion-del-tracto-oro-facial-en-pacientes-con-una-lesion-central\/","url":"https:\/\/sinapseformacion.com\/producto\/curso-basico-f-o-t-t-rehabilitacion-del-tracto-oro-facial-en-pacientes-con-una-lesion-central\/","name":"Curso B\u00e1sico F.O.T.T.\u00ae \"Rehabilitaci\u00f3n del Tracto Oro-Facial en Pacientes con una lesi\u00f3n central\" &#8226; Formaci\u00f3n Sinapse","isPartOf":{"@id":"https:\/\/sinapseformacion.com\/#website"},"primaryImageOfPage":{"@id":"https:\/\/sinapseformacion.com\/producto\/curso-basico-f-o-t-t-rehabilitacion-del-tracto-oro-facial-en-pacientes-con-una-lesion-central\/#primaryimage"},"image":{"@id":"https:\/\/sinapseformacion.com\/producto\/curso-basico-f-o-t-t-rehabilitacion-del-tracto-oro-facial-en-pacientes-con-una-lesion-central\/#primaryimage"},"thumbnailUrl":"https:\/\/sinapseformacion.com\/wp-content\/uploads\/2021\/06\/f.o.t.t..png","datePublished":"2021-10-27T17:05:12+00:00","dateModified":"2022-05-09T21:16:16+00:00","description":"Despu\u00e9s del da\u00f1o cerebral adquirido severo aparecen dificultades m\u00e1s o menos pronunciadas en relaci\u00f3n a la degluci\u00f3n, alimentaci\u00f3n s\u00f3lida y l\u00edquida, as\u00ed como dificultades en la higiene oral.El Concepto F.O.T.T. creado por Kay Combes, y concretamente el curso B\u00e1sico (\u201cRehabilitaci\u00f3n del tracto oro-facial en pacientes con una lesi\u00f3n central\u201d) est\u00e1 dise\u00f1ado para proporcionar una base de conocimientos sobre el tratamiento rehabilitador del Tracto Oro-Facial, involucrado en el funcionamiento de la degluci\u00f3n y la alimentaci\u00f3n de pacientes con lesiones de origen central, y est\u00e1 basado en el Concepto Bobath de rehabilitaci\u00f3n neurol\u00f3gica.","breadcrumb":{"@id":"https:\/\/sinapseformacion.com\/producto\/curso-basico-f-o-t-t-rehabilitacion-del-tracto-oro-facial-en-pacientes-con-una-lesion-central\/#breadcrumb"},"inLanguage":"gl-ES","potentialAction":[{"@type":"ReadAction","target":["https:\/\/sinapseformacion.com\/producto\/curso-basico-f-o-t-t-rehabilitacion-del-tracto-oro-facial-en-pacientes-con-una-lesion-central\/"]}]},{"@type":"ImageObject","inLanguage":"gl-ES","@id":"https:\/\/sinapseformacion.com\/producto\/curso-basico-f-o-t-t-rehabilitacion-del-tracto-oro-facial-en-pacientes-con-una-lesion-central\/#primaryimage","url":"https:\/\/sinapseformacion.com\/wp-content\/uploads\/2021\/06\/f.o.t.t..png","contentUrl":"https:\/\/sinapseformacion.com\/wp-content\/uploads\/2021\/06\/f.o.t.t..png","width":700,"height":467},{"@type":"BreadcrumbList","@id":"https:\/\/sinapseformacion.com\/producto\/curso-basico-f-o-t-t-rehabilitacion-del-tracto-oro-facial-en-pacientes-con-una-lesion-central\/#breadcrumb","itemListElement":[{"@type":"ListItem","position":1,"name":"Portada","item":"https:\/\/sinapseformacion.com\/"},{"@type":"ListItem","position":2,"name":"Tienda","item":"https:\/\/sinapseformacion.com\/tienda\/"},{"@type":"ListItem","position":3,"name":"Curso B\u00e1sico F.O.T.T.\u00ae \u00abRehabilitaci\u00f3n del Tracto Oro-Facial en Pacientes con una lesi\u00f3n central\u00bb"}]},{"@type":"WebSite","@id":"https:\/\/sinapseformacion.com\/#website","url":"https:\/\/sinapseformacion.com\/","name":"Formaci\u00f3n Sinapse","description":"SINAPSE NEUROLOG\u00cdA SL - FORMACI\u00d3N","publisher":{"@id":"https:\/\/sinapseformacion.com\/#organization"},"potentialAction":[{"@type":"SearchAction","target":{"@type":"EntryPoint","urlTemplate":"https:\/\/sinapseformacion.com\/?s={search_term_string}"},"query-input":{"@type":"PropertyValueSpecification","valueRequired":true,"valueName":"search_term_string"}}],"inLanguage":"gl-ES"},{"@type":"Organization","@id":"https:\/\/sinapseformacion.com\/#organization","name":"Sinapse Formaci\u00f3n","url":"https:\/\/sinapseformacion.com\/","logo":{"@type":"ImageObject","inLanguage":"gl-ES","@id":"https:\/\/sinapseformacion.com\/#\/schema\/logo\/image\/","url":"https:\/\/sinapseformacion.com\/wp-content\/uploads\/2020\/02\/logo-sinapse-neurologia-formacion.png","contentUrl":"https:\/\/sinapseformacion.com\/wp-content\/uploads\/2020\/02\/logo-sinapse-neurologia-formacion.png","width":600,"height":260,"caption":"Sinapse Formaci\u00f3n"},"image":{"@id":"https:\/\/sinapseformacion.com\/#\/schema\/logo\/image\/"},"sameAs":["https:\/\/www.facebook.com\/sinapseneuro.formacion","https:\/\/x.com\/SINAPSE_Cursos"]}]}},"_links":{"self":[{"href":"https:\/\/sinapseformacion.com\/gl\/wp-json\/wp\/v2\/product\/1357","targetHints":{"allow":["GET"]}}],"collection":[{"href":"https:\/\/sinapseformacion.com\/gl\/wp-json\/wp\/v2\/product"}],"about":[{"href":"https:\/\/sinapseformacion.com\/gl\/wp-json\/wp\/v2\/types\/product"}],"wp:featuredmedia":[{"embeddable":true,"href":"https:\/\/sinapseformacion.com\/gl\/wp-json\/wp\/v2\/media\/766"}],"wp:attachment":[{"href":"https:\/\/sinapseformacion.com\/gl\/wp-json\/wp\/v2\/media?parent=1357"}],"wp:term":[{"taxonomy":"product_brand","embeddable":true,"href":"https:\/\/sinapseformacion.com\/gl\/wp-json\/wp\/v2\/product_brand?post=1357"},{"taxonomy":"product_cat","embeddable":true,"href":"https:\/\/sinapseformacion.com\/gl\/wp-json\/wp\/v2\/product_cat?post=1357"},{"taxonomy":"product_tag","embeddable":true,"href":"https:\/\/sinapseformacion.com\/gl\/wp-json\/wp\/v2\/product_tag?post=1357"}],"curies":[{"name":"wp","href":"https:\/\/api.w.org\/{rel}","templated":true}]}}