{"id":1379,"date":"2021-12-03T14:30:51","date_gmt":"2021-12-03T13:30:51","guid":{"rendered":"https:\/\/sinapseformacion.com\/?post_type=product&#038;p=1379"},"modified":"2022-04-13T13:12:17","modified_gmt":"2022-04-13T12:12:17","slug":"fibrolisis-instrumental-ganchos-tratamiento-muscular-miofascial-tendinoso-ligamentoso-articular","status":"publish","type":"product","link":"https:\/\/sinapseformacion.com\/gl\/produto\/fibrolisis-instrumental-ganchos-tratamiento-muscular-miofascial-tendinoso-ligamentoso-articular\/","title":{"rendered":"Fibrolisis instrumental (ganchos): tratamiento muscular, miofascial, tendinoso, ligamentoso y articular"},"content":{"rendered":"","protected":false},"excerpt":{"rendered":"","protected":false},"featured_media":1449,"template":"","meta":[],"product_brand":[],"product_cat":[17],"product_tag":[],"class_list":{"0":"post-1379","1":"product","2":"type-product","3":"status-publish","4":"has-post-thumbnail","6":"product_cat-presencial","8":"first","9":"instock","10":"sold-individually","11":"shipping-taxable","12":"product-type-external"},"yoast_head":"<!-- This site is optimized with the Yoast SEO plugin v27.0 - https:\/\/yoast.com\/product\/yoast-seo-wordpress\/ -->\n<title>Fibrolisis instrumental (ganchos): tratamiento muscular, miofascial, tendinoso, ligamentoso y articular &#8226; Formaci\u00f3n Sinapse<\/title>\n<meta name=\"description\" content=\"La Fibrolisis Instrumental consiste en dar libertad de movimiento a estructuras miofasciales que la hab\u00edan perdido. Se realiza un abordaje manual e instrumental a la vez. Para poder llegar y liberar los tabiques interaponeur\u00f3ticos y mioaponeur\u00f3ticos se usa un gancho (ideado por K. Ekman, fisioterapeuta sueco). Al tratar el tejido miofascial estamos tratando el tejido conjuntivo.\" \/>\n<meta name=\"robots\" content=\"index, follow, max-snippet:-1, max-image-preview:large, max-video-preview:-1\" \/>\n<link rel=\"canonical\" href=\"https:\/\/sinapseformacion.com\/gl\/produto\/fibrolisis-instrumental-ganchos-tratamiento-muscular-miofascial-tendinoso-ligamentoso-articular\/\" \/>\n<meta property=\"og:locale\" content=\"gl_ES\" \/>\n<meta property=\"og:type\" content=\"article\" \/>\n<meta property=\"og:title\" content=\"Fibrolisis instrumental (ganchos): tratamiento muscular, miofascial, tendinoso, ligamentoso y articular &#8226; Formaci\u00f3n Sinapse\" \/>\n<meta property=\"og:description\" content=\"La Fibrolisis Instrumental consiste en dar libertad de movimiento a estructuras miofasciales que la hab\u00edan perdido. Se realiza un abordaje manual e instrumental a la vez. Para poder llegar y liberar los tabiques interaponeur\u00f3ticos y mioaponeur\u00f3ticos se usa un gancho (ideado por K. Ekman, fisioterapeuta sueco). Al tratar el tejido miofascial estamos tratando el tejido conjuntivo.\" \/>\n<meta property=\"og:url\" content=\"https:\/\/sinapseformacion.com\/gl\/produto\/fibrolisis-instrumental-ganchos-tratamiento-muscular-miofascial-tendinoso-ligamentoso-articular\/\" \/>\n<meta property=\"og:site_name\" content=\"Formaci\u00f3n Sinapse\" \/>\n<meta property=\"article:publisher\" content=\"https:\/\/www.facebook.com\/sinapseneuro.formacion\" \/>\n<meta property=\"article:modified_time\" content=\"2022-04-13T12:12:17+00:00\" \/>\n<meta property=\"og:image\" content=\"https:\/\/sinapseformacion.com\/wp-content\/uploads\/2021\/12\/diseno-sin-titulo-3.png\" \/>\n\t<meta property=\"og:image:width\" content=\"295\" \/>\n\t<meta property=\"og:image:height\" content=\"221\" \/>\n\t<meta property=\"og:image:type\" content=\"image\/png\" \/>\n<meta name=\"twitter:card\" content=\"summary_large_image\" \/>\n<meta name=\"twitter:site\" content=\"@SINAPSE_Cursos\" \/>\n<script type=\"application\/ld+json\" class=\"yoast-schema-graph\">{\"@context\":\"https:\/\/schema.org\",\"@graph\":[{\"@type\":\"WebPage\",\"@id\":\"https:\/\/sinapseformacion.com\/producto\/fibrolisis-instrumental-ganchos-tratamiento-muscular-miofascial-tendinoso-ligamentoso-articular\/\",\"url\":\"https:\/\/sinapseformacion.com\/producto\/fibrolisis-instrumental-ganchos-tratamiento-muscular-miofascial-tendinoso-ligamentoso-articular\/\",\"name\":\"Fibrolisis instrumental (ganchos): tratamiento muscular, miofascial, tendinoso, ligamentoso y articular &#8226; Formaci\u00f3n Sinapse\",\"isPartOf\":{\"@id\":\"https:\/\/sinapseformacion.com\/#website\"},\"primaryImageOfPage\":{\"@id\":\"https:\/\/sinapseformacion.com\/producto\/fibrolisis-instrumental-ganchos-tratamiento-muscular-miofascial-tendinoso-ligamentoso-articular\/#primaryimage\"},\"image\":{\"@id\":\"https:\/\/sinapseformacion.com\/producto\/fibrolisis-instrumental-ganchos-tratamiento-muscular-miofascial-tendinoso-ligamentoso-articular\/#primaryimage\"},\"thumbnailUrl\":\"https:\/\/sinapseformacion.com\/wp-content\/uploads\/2021\/12\/diseno-sin-titulo-3.png\",\"datePublished\":\"2021-12-03T13:30:51+00:00\",\"dateModified\":\"2022-04-13T12:12:17+00:00\",\"description\":\"La Fibrolisis Instrumental consiste en dar libertad de movimiento a estructuras miofasciales que la hab\u00edan perdido. Se realiza un abordaje manual e instrumental a la vez. Para poder llegar y liberar los tabiques interaponeur\u00f3ticos y mioaponeur\u00f3ticos se usa un gancho (ideado por K. Ekman, fisioterapeuta sueco). Al tratar el tejido miofascial estamos tratando el tejido conjuntivo.\",\"breadcrumb\":{\"@id\":\"https:\/\/sinapseformacion.com\/producto\/fibrolisis-instrumental-ganchos-tratamiento-muscular-miofascial-tendinoso-ligamentoso-articular\/#breadcrumb\"},\"inLanguage\":\"gl-ES\",\"potentialAction\":[{\"@type\":\"ReadAction\",\"target\":[\"https:\/\/sinapseformacion.com\/producto\/fibrolisis-instrumental-ganchos-tratamiento-muscular-miofascial-tendinoso-ligamentoso-articular\/\"]}]},{\"@type\":\"ImageObject\",\"inLanguage\":\"gl-ES\",\"@id\":\"https:\/\/sinapseformacion.com\/producto\/fibrolisis-instrumental-ganchos-tratamiento-muscular-miofascial-tendinoso-ligamentoso-articular\/#primaryimage\",\"url\":\"https:\/\/sinapseformacion.com\/wp-content\/uploads\/2021\/12\/diseno-sin-titulo-3.png\",\"contentUrl\":\"https:\/\/sinapseformacion.com\/wp-content\/uploads\/2021\/12\/diseno-sin-titulo-3.png\",\"width\":295,\"height\":221},{\"@type\":\"BreadcrumbList\",\"@id\":\"https:\/\/sinapseformacion.com\/producto\/fibrolisis-instrumental-ganchos-tratamiento-muscular-miofascial-tendinoso-ligamentoso-articular\/#breadcrumb\",\"itemListElement\":[{\"@type\":\"ListItem\",\"position\":1,\"name\":\"Portada\",\"item\":\"https:\/\/sinapseformacion.com\/\"},{\"@type\":\"ListItem\",\"position\":2,\"name\":\"Tienda\",\"item\":\"https:\/\/sinapseformacion.com\/tienda\/\"},{\"@type\":\"ListItem\",\"position\":3,\"name\":\"Fibrolisis instrumental (ganchos): tratamiento muscular, miofascial, tendinoso, ligamentoso y articular\"}]},{\"@type\":\"WebSite\",\"@id\":\"https:\/\/sinapseformacion.com\/#website\",\"url\":\"https:\/\/sinapseformacion.com\/\",\"name\":\"Formaci\u00f3n Sinapse\",\"description\":\"SINAPSE NEUROLOG\u00cdA SL - FORMACI\u00d3N \",\"publisher\":{\"@id\":\"https:\/\/sinapseformacion.com\/#organization\"},\"potentialAction\":[{\"@type\":\"SearchAction\",\"target\":{\"@type\":\"EntryPoint\",\"urlTemplate\":\"https:\/\/sinapseformacion.com\/?s={search_term_string}\"},\"query-input\":{\"@type\":\"PropertyValueSpecification\",\"valueRequired\":true,\"valueName\":\"search_term_string\"}}],\"inLanguage\":\"gl-ES\"},{\"@type\":\"Organization\",\"@id\":\"https:\/\/sinapseformacion.com\/#organization\",\"name\":\"Sinapse Formaci\u00f3n\",\"url\":\"https:\/\/sinapseformacion.com\/\",\"logo\":{\"@type\":\"ImageObject\",\"inLanguage\":\"gl-ES\",\"@id\":\"https:\/\/sinapseformacion.com\/#\/schema\/logo\/image\/\",\"url\":\"https:\/\/sinapseformacion.com\/wp-content\/uploads\/2020\/02\/logo-sinapse-neurologia-formacion.png\",\"contentUrl\":\"https:\/\/sinapseformacion.com\/wp-content\/uploads\/2020\/02\/logo-sinapse-neurologia-formacion.png\",\"width\":600,\"height\":260,\"caption\":\"Sinapse Formaci\u00f3n\"},\"image\":{\"@id\":\"https:\/\/sinapseformacion.com\/#\/schema\/logo\/image\/\"},\"sameAs\":[\"https:\/\/www.facebook.com\/sinapseneuro.formacion\",\"https:\/\/x.com\/SINAPSE_Cursos\"]}]}<\/script>\n<!-- \/ Yoast SEO plugin. -->","yoast_head_json":{"title":"Fibrolisis instrumental (ganchos): tratamiento muscular, miofascial, tendinoso, ligamentoso y articular &#8226; Formaci\u00f3n Sinapse","description":"La Fibrolisis Instrumental consiste en dar libertad de movimiento a estructuras miofasciales que la hab\u00edan perdido. Se realiza un abordaje manual e instrumental a la vez. Para poder llegar y liberar los tabiques interaponeur\u00f3ticos y mioaponeur\u00f3ticos se usa un gancho (ideado por K. Ekman, fisioterapeuta sueco). Al tratar el tejido miofascial estamos tratando el tejido conjuntivo.","robots":{"index":"index","follow":"follow","max-snippet":"max-snippet:-1","max-image-preview":"max-image-preview:large","max-video-preview":"max-video-preview:-1"},"canonical":"https:\/\/sinapseformacion.com\/gl\/produto\/fibrolisis-instrumental-ganchos-tratamiento-muscular-miofascial-tendinoso-ligamentoso-articular\/","og_locale":"gl_ES","og_type":"article","og_title":"Fibrolisis instrumental (ganchos): tratamiento muscular, miofascial, tendinoso, ligamentoso y articular &#8226; Formaci\u00f3n Sinapse","og_description":"La Fibrolisis Instrumental consiste en dar libertad de movimiento a estructuras miofasciales que la hab\u00edan perdido. Se realiza un abordaje manual e instrumental a la vez. Para poder llegar y liberar los tabiques interaponeur\u00f3ticos y mioaponeur\u00f3ticos se usa un gancho (ideado por K. Ekman, fisioterapeuta sueco). Al tratar el tejido miofascial estamos tratando el tejido conjuntivo.","og_url":"https:\/\/sinapseformacion.com\/gl\/produto\/fibrolisis-instrumental-ganchos-tratamiento-muscular-miofascial-tendinoso-ligamentoso-articular\/","og_site_name":"Formaci\u00f3n Sinapse","article_publisher":"https:\/\/www.facebook.com\/sinapseneuro.formacion","article_modified_time":"2022-04-13T12:12:17+00:00","og_image":[{"width":295,"height":221,"url":"https:\/\/sinapseformacion.com\/wp-content\/uploads\/2021\/12\/diseno-sin-titulo-3.png","type":"image\/png"}],"twitter_card":"summary_large_image","twitter_site":"@SINAPSE_Cursos","schema":{"@context":"https:\/\/schema.org","@graph":[{"@type":"WebPage","@id":"https:\/\/sinapseformacion.com\/producto\/fibrolisis-instrumental-ganchos-tratamiento-muscular-miofascial-tendinoso-ligamentoso-articular\/","url":"https:\/\/sinapseformacion.com\/producto\/fibrolisis-instrumental-ganchos-tratamiento-muscular-miofascial-tendinoso-ligamentoso-articular\/","name":"Fibrolisis instrumental (ganchos): tratamiento muscular, miofascial, tendinoso, ligamentoso y articular &#8226; Formaci\u00f3n Sinapse","isPartOf":{"@id":"https:\/\/sinapseformacion.com\/#website"},"primaryImageOfPage":{"@id":"https:\/\/sinapseformacion.com\/producto\/fibrolisis-instrumental-ganchos-tratamiento-muscular-miofascial-tendinoso-ligamentoso-articular\/#primaryimage"},"image":{"@id":"https:\/\/sinapseformacion.com\/producto\/fibrolisis-instrumental-ganchos-tratamiento-muscular-miofascial-tendinoso-ligamentoso-articular\/#primaryimage"},"thumbnailUrl":"https:\/\/sinapseformacion.com\/wp-content\/uploads\/2021\/12\/diseno-sin-titulo-3.png","datePublished":"2021-12-03T13:30:51+00:00","dateModified":"2022-04-13T12:12:17+00:00","description":"La Fibrolisis Instrumental consiste en dar libertad de movimiento a estructuras miofasciales que la hab\u00edan perdido. Se realiza un abordaje manual e instrumental a la vez. Para poder llegar y liberar los tabiques interaponeur\u00f3ticos y mioaponeur\u00f3ticos se usa un gancho (ideado por K. Ekman, fisioterapeuta sueco). Al tratar el tejido miofascial estamos tratando el tejido conjuntivo.","breadcrumb":{"@id":"https:\/\/sinapseformacion.com\/producto\/fibrolisis-instrumental-ganchos-tratamiento-muscular-miofascial-tendinoso-ligamentoso-articular\/#breadcrumb"},"inLanguage":"gl-ES","potentialAction":[{"@type":"ReadAction","target":["https:\/\/sinapseformacion.com\/producto\/fibrolisis-instrumental-ganchos-tratamiento-muscular-miofascial-tendinoso-ligamentoso-articular\/"]}]},{"@type":"ImageObject","inLanguage":"gl-ES","@id":"https:\/\/sinapseformacion.com\/producto\/fibrolisis-instrumental-ganchos-tratamiento-muscular-miofascial-tendinoso-ligamentoso-articular\/#primaryimage","url":"https:\/\/sinapseformacion.com\/wp-content\/uploads\/2021\/12\/diseno-sin-titulo-3.png","contentUrl":"https:\/\/sinapseformacion.com\/wp-content\/uploads\/2021\/12\/diseno-sin-titulo-3.png","width":295,"height":221},{"@type":"BreadcrumbList","@id":"https:\/\/sinapseformacion.com\/producto\/fibrolisis-instrumental-ganchos-tratamiento-muscular-miofascial-tendinoso-ligamentoso-articular\/#breadcrumb","itemListElement":[{"@type":"ListItem","position":1,"name":"Portada","item":"https:\/\/sinapseformacion.com\/"},{"@type":"ListItem","position":2,"name":"Tienda","item":"https:\/\/sinapseformacion.com\/tienda\/"},{"@type":"ListItem","position":3,"name":"Fibrolisis instrumental (ganchos): tratamiento muscular, miofascial, tendinoso, ligamentoso y articular"}]},{"@type":"WebSite","@id":"https:\/\/sinapseformacion.com\/#website","url":"https:\/\/sinapseformacion.com\/","name":"Formaci\u00f3n Sinapse","description":"SINAPSE NEUROLOG\u00cdA SL - FORMACI\u00d3N","publisher":{"@id":"https:\/\/sinapseformacion.com\/#organization"},"potentialAction":[{"@type":"SearchAction","target":{"@type":"EntryPoint","urlTemplate":"https:\/\/sinapseformacion.com\/?s={search_term_string}"},"query-input":{"@type":"PropertyValueSpecification","valueRequired":true,"valueName":"search_term_string"}}],"inLanguage":"gl-ES"},{"@type":"Organization","@id":"https:\/\/sinapseformacion.com\/#organization","name":"Sinapse Formaci\u00f3n","url":"https:\/\/sinapseformacion.com\/","logo":{"@type":"ImageObject","inLanguage":"gl-ES","@id":"https:\/\/sinapseformacion.com\/#\/schema\/logo\/image\/","url":"https:\/\/sinapseformacion.com\/wp-content\/uploads\/2020\/02\/logo-sinapse-neurologia-formacion.png","contentUrl":"https:\/\/sinapseformacion.com\/wp-content\/uploads\/2020\/02\/logo-sinapse-neurologia-formacion.png","width":600,"height":260,"caption":"Sinapse Formaci\u00f3n"},"image":{"@id":"https:\/\/sinapseformacion.com\/#\/schema\/logo\/image\/"},"sameAs":["https:\/\/www.facebook.com\/sinapseneuro.formacion","https:\/\/x.com\/SINAPSE_Cursos"]}]}},"_links":{"self":[{"href":"https:\/\/sinapseformacion.com\/gl\/wp-json\/wp\/v2\/product\/1379","targetHints":{"allow":["GET"]}}],"collection":[{"href":"https:\/\/sinapseformacion.com\/gl\/wp-json\/wp\/v2\/product"}],"about":[{"href":"https:\/\/sinapseformacion.com\/gl\/wp-json\/wp\/v2\/types\/product"}],"wp:featuredmedia":[{"embeddable":true,"href":"https:\/\/sinapseformacion.com\/gl\/wp-json\/wp\/v2\/media\/1449"}],"wp:attachment":[{"href":"https:\/\/sinapseformacion.com\/gl\/wp-json\/wp\/v2\/media?parent=1379"}],"wp:term":[{"taxonomy":"product_brand","embeddable":true,"href":"https:\/\/sinapseformacion.com\/gl\/wp-json\/wp\/v2\/product_brand?post=1379"},{"taxonomy":"product_cat","embeddable":true,"href":"https:\/\/sinapseformacion.com\/gl\/wp-json\/wp\/v2\/product_cat?post=1379"},{"taxonomy":"product_tag","embeddable":true,"href":"https:\/\/sinapseformacion.com\/gl\/wp-json\/wp\/v2\/product_tag?post=1379"}],"curies":[{"name":"wp","href":"https:\/\/api.w.org\/{rel}","templated":true}]}}