{"id":1552,"date":"2024-07-10T18:21:27","date_gmt":"2024-07-10T17:21:27","guid":{"rendered":"https:\/\/sinapseformacion.com\/?post_type=product&#038;p=1552"},"modified":"2024-10-31T11:00:58","modified_gmt":"2024-10-31T10:00:58","slug":"dolorsistemanerviosoperiferico","status":"publish","type":"product","link":"https:\/\/sinapseformacion.com\/gl\/produto\/dolorsistemanerviosoperiferico\/","title":{"rendered":"Dolor y Sistema Nervioso Perif\u00e9rico en el paciente neurol\u00f3gico (Pospuesto a otras fechas)"},"content":{"rendered":"","protected":false},"excerpt":{"rendered":"<p>La\u00a0<strong>neurociencia del dolor<\/strong>\u00a0ha avanzado mucho en los \u00faltimos a\u00f1os. Los profesionales del equipo est\u00e1n formados en dolor desde diferentes perspectivas, lo que aporta una visi\u00f3n amplia que nos permite ofrecer propuestas de integraci\u00f3n del conocimiento actual en dolor en los\u00a0<strong>procesos de valoraci\u00f3n y tratamiento de lesiones centrales<\/strong>, toda vez que la evidencia nos dice que muchos\u00a0<strong>pacientes con lesiones neurol\u00f3gicas<\/strong>\u00a0conviven con dolor incluso a\u00f1os despu\u00e9s de la lesi\u00f3n primaria.<\/p>","protected":false},"featured_media":1697,"template":"","meta":[],"product_brand":[],"product_cat":[17],"product_tag":[],"class_list":{"0":"post-1552","1":"product","2":"type-product","3":"status-publish","4":"has-post-thumbnail","6":"product_cat-presencial","8":"first","9":"instock","10":"sold-individually","11":"shipping-taxable","12":"purchasable","13":"product-type-variable"},"yoast_head":"<!-- This site is optimized with the Yoast SEO plugin v27.0 - https:\/\/yoast.com\/product\/yoast-seo-wordpress\/ -->\n<title>Dolor y Sistema Nervioso Perif\u00e9rico en el paciente neurol\u00f3gico (Pospuesto a otras fechas) &#8226; Formaci\u00f3n Sinapse<\/title>\n<meta name=\"description\" content=\"El Curso tratar\u00e1 a nivel introductorio, los aspectos m\u00e1s relevantes y a tener en cuenta de la Alimentaci\u00f3n en la Infancia, desde un enfoque de Integraci\u00f3n Sensorial.Curso orientado a que aquellos profesionales del \u00e1mbito de la Neurorrehabilitaci\u00f3n adquieran conocimientos en neurofisiolog\u00eda del dolor y alteraciones espec\u00edficas del sistema nervioso perif\u00e9rico y s\u00edndromes dolorosos asociados. Como resultado de las lesiones neurol\u00f3gicas de origen central, muchos pacientes presentan alteraciones tisulares que repercuten en su funcionalidad y en muchos casos provocan cuadros dolorosos. Conocer las diferentes alteraciones en el \u00e1mbito de las alteraciones musculoesquel\u00e9ticas y de la terapia manual, existe mucha evidencia sobre los abordajes m\u00e1s efectivos de los procesos dolorosos y c\u00f3mo estas alteraciones interfieren, entre otros aspectos, en los procesos de aprendizaje, esquema corporal y funcionalidad. A trav\u00e9s de casos cl\u00ednicos y ejemplos pr\u00e1cticos, el alumno aprender\u00e1 a implementar estos conocimientos en pacientes con lesiones neurol\u00f3gicas, desarrollando estrategias para complementar sus valoraciones y tratamientos durante su pr\u00e1ctica cl\u00ednica.\" \/>\n<meta name=\"robots\" content=\"index, follow, max-snippet:-1, max-image-preview:large, max-video-preview:-1\" \/>\n<link rel=\"canonical\" href=\"https:\/\/sinapseformacion.com\/gl\/produto\/dolorsistemanerviosoperiferico\/\" \/>\n<meta property=\"og:locale\" content=\"gl_ES\" \/>\n<meta property=\"og:type\" content=\"article\" \/>\n<meta property=\"og:title\" content=\"Dolor y Sistema Nervioso Perif\u00e9rico en el paciente neurol\u00f3gico (Pospuesto a otras fechas) &#8226; Formaci\u00f3n Sinapse\" \/>\n<meta property=\"og:description\" content=\"El Curso tratar\u00e1 a nivel introductorio, los aspectos m\u00e1s relevantes y a tener en cuenta de la Alimentaci\u00f3n en la Infancia, desde un enfoque de Integraci\u00f3n Sensorial.Curso orientado a que aquellos profesionales del \u00e1mbito de la Neurorrehabilitaci\u00f3n adquieran conocimientos en neurofisiolog\u00eda del dolor y alteraciones espec\u00edficas del sistema nervioso perif\u00e9rico y s\u00edndromes dolorosos asociados. Como resultado de las lesiones neurol\u00f3gicas de origen central, muchos pacientes presentan alteraciones tisulares que repercuten en su funcionalidad y en muchos casos provocan cuadros dolorosos. Conocer las diferentes alteraciones en el \u00e1mbito de las alteraciones musculoesquel\u00e9ticas y de la terapia manual, existe mucha evidencia sobre los abordajes m\u00e1s efectivos de los procesos dolorosos y c\u00f3mo estas alteraciones interfieren, entre otros aspectos, en los procesos de aprendizaje, esquema corporal y funcionalidad. A trav\u00e9s de casos cl\u00ednicos y ejemplos pr\u00e1cticos, el alumno aprender\u00e1 a implementar estos conocimientos en pacientes con lesiones neurol\u00f3gicas, desarrollando estrategias para complementar sus valoraciones y tratamientos durante su pr\u00e1ctica cl\u00ednica.\" \/>\n<meta property=\"og:url\" content=\"https:\/\/sinapseformacion.com\/gl\/produto\/dolorsistemanerviosoperiferico\/\" \/>\n<meta property=\"og:site_name\" content=\"Formaci\u00f3n Sinapse\" \/>\n<meta property=\"article:publisher\" content=\"https:\/\/www.facebook.com\/sinapseneuro.formacion\" \/>\n<meta property=\"article:modified_time\" content=\"2024-10-31T10:00:58+00:00\" \/>\n<meta property=\"og:image\" content=\"https:\/\/sinapseformacion.com\/wp-content\/uploads\/2023\/07\/dolor-1.jpg\" \/>\n\t<meta property=\"og:image:width\" content=\"2000\" \/>\n\t<meta property=\"og:image:height\" content=\"1500\" \/>\n\t<meta property=\"og:image:type\" content=\"image\/jpeg\" \/>\n<meta name=\"twitter:card\" content=\"summary_large_image\" \/>\n<meta name=\"twitter:site\" content=\"@SINAPSE_Cursos\" \/>\n<script type=\"application\/ld+json\" class=\"yoast-schema-graph\">{\"@context\":\"https:\/\/schema.org\",\"@graph\":[{\"@type\":\"WebPage\",\"@id\":\"https:\/\/sinapseformacion.com\/producto\/dolorsistemanerviosoperiferico\/\",\"url\":\"https:\/\/sinapseformacion.com\/producto\/dolorsistemanerviosoperiferico\/\",\"name\":\"Dolor y Sistema Nervioso Perif\u00e9rico en el paciente neurol\u00f3gico (Pospuesto a otras fechas) &#8226; Formaci\u00f3n Sinapse\",\"isPartOf\":{\"@id\":\"https:\/\/sinapseformacion.com\/#website\"},\"primaryImageOfPage\":{\"@id\":\"https:\/\/sinapseformacion.com\/producto\/dolorsistemanerviosoperiferico\/#primaryimage\"},\"image\":{\"@id\":\"https:\/\/sinapseformacion.com\/producto\/dolorsistemanerviosoperiferico\/#primaryimage\"},\"thumbnailUrl\":\"https:\/\/sinapseformacion.com\/wp-content\/uploads\/2023\/07\/dolor-1.jpg\",\"datePublished\":\"2024-07-10T17:21:27+00:00\",\"dateModified\":\"2024-10-31T10:00:58+00:00\",\"description\":\"El Curso tratar\u00e1 a nivel introductorio, los aspectos m\u00e1s relevantes y a tener en cuenta de la Alimentaci\u00f3n en la Infancia, desde un enfoque de Integraci\u00f3n Sensorial.Curso orientado a que aquellos profesionales del \u00e1mbito de la Neurorrehabilitaci\u00f3n adquieran conocimientos en neurofisiolog\u00eda del dolor y alteraciones espec\u00edficas del sistema nervioso perif\u00e9rico y s\u00edndromes dolorosos asociados. Como resultado de las lesiones neurol\u00f3gicas de origen central, muchos pacientes presentan alteraciones tisulares que repercuten en su funcionalidad y en muchos casos provocan cuadros dolorosos. Conocer las diferentes alteraciones en el \u00e1mbito de las alteraciones musculoesquel\u00e9ticas y de la terapia manual, existe mucha evidencia sobre los abordajes m\u00e1s efectivos de los procesos dolorosos y c\u00f3mo estas alteraciones interfieren, entre otros aspectos, en los procesos de aprendizaje, esquema corporal y funcionalidad. A trav\u00e9s de casos cl\u00ednicos y ejemplos pr\u00e1cticos, el alumno aprender\u00e1 a implementar estos conocimientos en pacientes con lesiones neurol\u00f3gicas, desarrollando estrategias para complementar sus valoraciones y tratamientos durante su pr\u00e1ctica cl\u00ednica.\",\"breadcrumb\":{\"@id\":\"https:\/\/sinapseformacion.com\/producto\/dolorsistemanerviosoperiferico\/#breadcrumb\"},\"inLanguage\":\"gl-ES\",\"potentialAction\":[{\"@type\":\"ReadAction\",\"target\":[\"https:\/\/sinapseformacion.com\/producto\/dolorsistemanerviosoperiferico\/\"]}]},{\"@type\":\"ImageObject\",\"inLanguage\":\"gl-ES\",\"@id\":\"https:\/\/sinapseformacion.com\/producto\/dolorsistemanerviosoperiferico\/#primaryimage\",\"url\":\"https:\/\/sinapseformacion.com\/wp-content\/uploads\/2023\/07\/dolor-1.jpg\",\"contentUrl\":\"https:\/\/sinapseformacion.com\/wp-content\/uploads\/2023\/07\/dolor-1.jpg\",\"width\":2000,\"height\":1500},{\"@type\":\"BreadcrumbList\",\"@id\":\"https:\/\/sinapseformacion.com\/producto\/dolorsistemanerviosoperiferico\/#breadcrumb\",\"itemListElement\":[{\"@type\":\"ListItem\",\"position\":1,\"name\":\"Portada\",\"item\":\"https:\/\/sinapseformacion.com\/\"},{\"@type\":\"ListItem\",\"position\":2,\"name\":\"Tienda\",\"item\":\"https:\/\/sinapseformacion.com\/tienda\/\"},{\"@type\":\"ListItem\",\"position\":3,\"name\":\"Dolor y Sistema Nervioso Perif\u00e9rico en el paciente neurol\u00f3gico (Pospuesto a otras fechas)\"}]},{\"@type\":\"WebSite\",\"@id\":\"https:\/\/sinapseformacion.com\/#website\",\"url\":\"https:\/\/sinapseformacion.com\/\",\"name\":\"Formaci\u00f3n Sinapse\",\"description\":\"SINAPSE NEUROLOG\u00cdA SL - FORMACI\u00d3N \",\"publisher\":{\"@id\":\"https:\/\/sinapseformacion.com\/#organization\"},\"potentialAction\":[{\"@type\":\"SearchAction\",\"target\":{\"@type\":\"EntryPoint\",\"urlTemplate\":\"https:\/\/sinapseformacion.com\/?s={search_term_string}\"},\"query-input\":{\"@type\":\"PropertyValueSpecification\",\"valueRequired\":true,\"valueName\":\"search_term_string\"}}],\"inLanguage\":\"gl-ES\"},{\"@type\":\"Organization\",\"@id\":\"https:\/\/sinapseformacion.com\/#organization\",\"name\":\"Sinapse Formaci\u00f3n\",\"url\":\"https:\/\/sinapseformacion.com\/\",\"logo\":{\"@type\":\"ImageObject\",\"inLanguage\":\"gl-ES\",\"@id\":\"https:\/\/sinapseformacion.com\/#\/schema\/logo\/image\/\",\"url\":\"https:\/\/sinapseformacion.com\/wp-content\/uploads\/2020\/02\/logo-sinapse-neurologia-formacion.png\",\"contentUrl\":\"https:\/\/sinapseformacion.com\/wp-content\/uploads\/2020\/02\/logo-sinapse-neurologia-formacion.png\",\"width\":600,\"height\":260,\"caption\":\"Sinapse Formaci\u00f3n\"},\"image\":{\"@id\":\"https:\/\/sinapseformacion.com\/#\/schema\/logo\/image\/\"},\"sameAs\":[\"https:\/\/www.facebook.com\/sinapseneuro.formacion\",\"https:\/\/x.com\/SINAPSE_Cursos\"]}]}<\/script>\n<!-- \/ Yoast SEO plugin. -->","yoast_head_json":{"title":"Dolor y Sistema Nervioso Perif\u00e9rico en el paciente neurol\u00f3gico (Pospuesto a otras fechas) &#8226; Formaci\u00f3n Sinapse","description":"El Curso tratar\u00e1 a nivel introductorio, los aspectos m\u00e1s relevantes y a tener en cuenta de la Alimentaci\u00f3n en la Infancia, desde un enfoque de Integraci\u00f3n Sensorial.Curso orientado a que aquellos profesionales del \u00e1mbito de la Neurorrehabilitaci\u00f3n adquieran conocimientos en neurofisiolog\u00eda del dolor y alteraciones espec\u00edficas del sistema nervioso perif\u00e9rico y s\u00edndromes dolorosos asociados. Como resultado de las lesiones neurol\u00f3gicas de origen central, muchos pacientes presentan alteraciones tisulares que repercuten en su funcionalidad y en muchos casos provocan cuadros dolorosos. Conocer las diferentes alteraciones en el \u00e1mbito de las alteraciones musculoesquel\u00e9ticas y de la terapia manual, existe mucha evidencia sobre los abordajes m\u00e1s efectivos de los procesos dolorosos y c\u00f3mo estas alteraciones interfieren, entre otros aspectos, en los procesos de aprendizaje, esquema corporal y funcionalidad. A trav\u00e9s de casos cl\u00ednicos y ejemplos pr\u00e1cticos, el alumno aprender\u00e1 a implementar estos conocimientos en pacientes con lesiones neurol\u00f3gicas, desarrollando estrategias para complementar sus valoraciones y tratamientos durante su pr\u00e1ctica cl\u00ednica.","robots":{"index":"index","follow":"follow","max-snippet":"max-snippet:-1","max-image-preview":"max-image-preview:large","max-video-preview":"max-video-preview:-1"},"canonical":"https:\/\/sinapseformacion.com\/gl\/produto\/dolorsistemanerviosoperiferico\/","og_locale":"gl_ES","og_type":"article","og_title":"Dolor y Sistema Nervioso Perif\u00e9rico en el paciente neurol\u00f3gico (Pospuesto a otras fechas) &#8226; Formaci\u00f3n Sinapse","og_description":"El Curso tratar\u00e1 a nivel introductorio, los aspectos m\u00e1s relevantes y a tener en cuenta de la Alimentaci\u00f3n en la Infancia, desde un enfoque de Integraci\u00f3n Sensorial.Curso orientado a que aquellos profesionales del \u00e1mbito de la Neurorrehabilitaci\u00f3n adquieran conocimientos en neurofisiolog\u00eda del dolor y alteraciones espec\u00edficas del sistema nervioso perif\u00e9rico y s\u00edndromes dolorosos asociados. Como resultado de las lesiones neurol\u00f3gicas de origen central, muchos pacientes presentan alteraciones tisulares que repercuten en su funcionalidad y en muchos casos provocan cuadros dolorosos. Conocer las diferentes alteraciones en el \u00e1mbito de las alteraciones musculoesquel\u00e9ticas y de la terapia manual, existe mucha evidencia sobre los abordajes m\u00e1s efectivos de los procesos dolorosos y c\u00f3mo estas alteraciones interfieren, entre otros aspectos, en los procesos de aprendizaje, esquema corporal y funcionalidad. A trav\u00e9s de casos cl\u00ednicos y ejemplos pr\u00e1cticos, el alumno aprender\u00e1 a implementar estos conocimientos en pacientes con lesiones neurol\u00f3gicas, desarrollando estrategias para complementar sus valoraciones y tratamientos durante su pr\u00e1ctica cl\u00ednica.","og_url":"https:\/\/sinapseformacion.com\/gl\/produto\/dolorsistemanerviosoperiferico\/","og_site_name":"Formaci\u00f3n Sinapse","article_publisher":"https:\/\/www.facebook.com\/sinapseneuro.formacion","article_modified_time":"2024-10-31T10:00:58+00:00","og_image":[{"width":2000,"height":1500,"url":"https:\/\/sinapseformacion.com\/wp-content\/uploads\/2023\/07\/dolor-1.jpg","type":"image\/jpeg"}],"twitter_card":"summary_large_image","twitter_site":"@SINAPSE_Cursos","schema":{"@context":"https:\/\/schema.org","@graph":[{"@type":"WebPage","@id":"https:\/\/sinapseformacion.com\/producto\/dolorsistemanerviosoperiferico\/","url":"https:\/\/sinapseformacion.com\/producto\/dolorsistemanerviosoperiferico\/","name":"Dolor y Sistema Nervioso Perif\u00e9rico en el paciente neurol\u00f3gico (Pospuesto a otras fechas) &#8226; Formaci\u00f3n Sinapse","isPartOf":{"@id":"https:\/\/sinapseformacion.com\/#website"},"primaryImageOfPage":{"@id":"https:\/\/sinapseformacion.com\/producto\/dolorsistemanerviosoperiferico\/#primaryimage"},"image":{"@id":"https:\/\/sinapseformacion.com\/producto\/dolorsistemanerviosoperiferico\/#primaryimage"},"thumbnailUrl":"https:\/\/sinapseformacion.com\/wp-content\/uploads\/2023\/07\/dolor-1.jpg","datePublished":"2024-07-10T17:21:27+00:00","dateModified":"2024-10-31T10:00:58+00:00","description":"El Curso tratar\u00e1 a nivel introductorio, los aspectos m\u00e1s relevantes y a tener en cuenta de la Alimentaci\u00f3n en la Infancia, desde un enfoque de Integraci\u00f3n Sensorial.Curso orientado a que aquellos profesionales del \u00e1mbito de la Neurorrehabilitaci\u00f3n adquieran conocimientos en neurofisiolog\u00eda del dolor y alteraciones espec\u00edficas del sistema nervioso perif\u00e9rico y s\u00edndromes dolorosos asociados. Como resultado de las lesiones neurol\u00f3gicas de origen central, muchos pacientes presentan alteraciones tisulares que repercuten en su funcionalidad y en muchos casos provocan cuadros dolorosos. Conocer las diferentes alteraciones en el \u00e1mbito de las alteraciones musculoesquel\u00e9ticas y de la terapia manual, existe mucha evidencia sobre los abordajes m\u00e1s efectivos de los procesos dolorosos y c\u00f3mo estas alteraciones interfieren, entre otros aspectos, en los procesos de aprendizaje, esquema corporal y funcionalidad. A trav\u00e9s de casos cl\u00ednicos y ejemplos pr\u00e1cticos, el alumno aprender\u00e1 a implementar estos conocimientos en pacientes con lesiones neurol\u00f3gicas, desarrollando estrategias para complementar sus valoraciones y tratamientos durante su pr\u00e1ctica cl\u00ednica.","breadcrumb":{"@id":"https:\/\/sinapseformacion.com\/producto\/dolorsistemanerviosoperiferico\/#breadcrumb"},"inLanguage":"gl-ES","potentialAction":[{"@type":"ReadAction","target":["https:\/\/sinapseformacion.com\/producto\/dolorsistemanerviosoperiferico\/"]}]},{"@type":"ImageObject","inLanguage":"gl-ES","@id":"https:\/\/sinapseformacion.com\/producto\/dolorsistemanerviosoperiferico\/#primaryimage","url":"https:\/\/sinapseformacion.com\/wp-content\/uploads\/2023\/07\/dolor-1.jpg","contentUrl":"https:\/\/sinapseformacion.com\/wp-content\/uploads\/2023\/07\/dolor-1.jpg","width":2000,"height":1500},{"@type":"BreadcrumbList","@id":"https:\/\/sinapseformacion.com\/producto\/dolorsistemanerviosoperiferico\/#breadcrumb","itemListElement":[{"@type":"ListItem","position":1,"name":"Portada","item":"https:\/\/sinapseformacion.com\/"},{"@type":"ListItem","position":2,"name":"Tienda","item":"https:\/\/sinapseformacion.com\/tienda\/"},{"@type":"ListItem","position":3,"name":"Dolor y Sistema Nervioso Perif\u00e9rico en el paciente neurol\u00f3gico (Pospuesto a otras fechas)"}]},{"@type":"WebSite","@id":"https:\/\/sinapseformacion.com\/#website","url":"https:\/\/sinapseformacion.com\/","name":"Formaci\u00f3n Sinapse","description":"SINAPSE NEUROLOG\u00cdA SL - FORMACI\u00d3N","publisher":{"@id":"https:\/\/sinapseformacion.com\/#organization"},"potentialAction":[{"@type":"SearchAction","target":{"@type":"EntryPoint","urlTemplate":"https:\/\/sinapseformacion.com\/?s={search_term_string}"},"query-input":{"@type":"PropertyValueSpecification","valueRequired":true,"valueName":"search_term_string"}}],"inLanguage":"gl-ES"},{"@type":"Organization","@id":"https:\/\/sinapseformacion.com\/#organization","name":"Sinapse Formaci\u00f3n","url":"https:\/\/sinapseformacion.com\/","logo":{"@type":"ImageObject","inLanguage":"gl-ES","@id":"https:\/\/sinapseformacion.com\/#\/schema\/logo\/image\/","url":"https:\/\/sinapseformacion.com\/wp-content\/uploads\/2020\/02\/logo-sinapse-neurologia-formacion.png","contentUrl":"https:\/\/sinapseformacion.com\/wp-content\/uploads\/2020\/02\/logo-sinapse-neurologia-formacion.png","width":600,"height":260,"caption":"Sinapse Formaci\u00f3n"},"image":{"@id":"https:\/\/sinapseformacion.com\/#\/schema\/logo\/image\/"},"sameAs":["https:\/\/www.facebook.com\/sinapseneuro.formacion","https:\/\/x.com\/SINAPSE_Cursos"]}]}},"_links":{"self":[{"href":"https:\/\/sinapseformacion.com\/gl\/wp-json\/wp\/v2\/product\/1552","targetHints":{"allow":["GET"]}}],"collection":[{"href":"https:\/\/sinapseformacion.com\/gl\/wp-json\/wp\/v2\/product"}],"about":[{"href":"https:\/\/sinapseformacion.com\/gl\/wp-json\/wp\/v2\/types\/product"}],"wp:featuredmedia":[{"embeddable":true,"href":"https:\/\/sinapseformacion.com\/gl\/wp-json\/wp\/v2\/media\/1697"}],"wp:attachment":[{"href":"https:\/\/sinapseformacion.com\/gl\/wp-json\/wp\/v2\/media?parent=1552"}],"wp:term":[{"taxonomy":"product_brand","embeddable":true,"href":"https:\/\/sinapseformacion.com\/gl\/wp-json\/wp\/v2\/product_brand?post=1552"},{"taxonomy":"product_cat","embeddable":true,"href":"https:\/\/sinapseformacion.com\/gl\/wp-json\/wp\/v2\/product_cat?post=1552"},{"taxonomy":"product_tag","embeddable":true,"href":"https:\/\/sinapseformacion.com\/gl\/wp-json\/wp\/v2\/product_tag?post=1552"}],"curies":[{"name":"wp","href":"https:\/\/api.w.org\/{rel}","templated":true}]}}