{"id":1564,"date":"2023-01-25T22:44:53","date_gmt":"2023-01-25T21:44:53","guid":{"rendered":"https:\/\/sinapseformacion.com\/?post_type=product&#038;p=1564"},"modified":"2023-03-07T02:04:42","modified_gmt":"2023-03-07T01:04:42","slug":"nervio-periferico-movimiento-y-avds","status":"publish","type":"product","link":"https:\/\/sinapseformacion.com\/gl\/produto\/nervio-periferico-movimiento-y-avds\/","title":{"rendered":"NERVIO PERIF\u00c9RICO, MOVIMIENTO Y AVDs (nuevas fechas, pr\u00f3ximamente)"},"content":{"rendered":"","protected":false},"excerpt":{"rendered":"","protected":false},"featured_media":777,"template":"","meta":[],"product_brand":[],"product_cat":[17],"product_tag":[],"class_list":{"0":"post-1564","1":"product","2":"type-product","3":"status-publish","4":"has-post-thumbnail","6":"product_cat-presencial","8":"first","9":"instock","10":"sold-individually","11":"shipping-taxable","12":"purchasable","13":"product-type-variable"},"yoast_head":"<!-- This site is optimized with the Yoast SEO plugin v27.0 - https:\/\/yoast.com\/product\/yoast-seo-wordpress\/ -->\n<title>NERVIO PERIF\u00c9RICO, MOVIMIENTO Y AVDs (nuevas fechas, pr\u00f3ximamente) &#8226; Formaci\u00f3n Sinapse<\/title>\n<meta name=\"description\" content=\"Curso orientado a profundizar en la implicaci\u00f3n mec\u00e1nica, fisiol\u00f3gica y funcional de lasestructuras perif\u00e9ricas, especialmente del nervio perif\u00e9rico, en la cl\u00ednica y en la participaci\u00f3n enlas AVD de las personas que han sufrido una lesi\u00f3n neurol\u00f3gica de origen central.\" \/>\n<meta name=\"robots\" content=\"index, follow, max-snippet:-1, max-image-preview:large, max-video-preview:-1\" \/>\n<link rel=\"canonical\" href=\"https:\/\/sinapseformacion.com\/gl\/produto\/nervio-periferico-movimiento-y-avds\/\" \/>\n<meta property=\"og:locale\" content=\"gl_ES\" \/>\n<meta property=\"og:type\" content=\"article\" \/>\n<meta property=\"og:title\" content=\"NERVIO PERIF\u00c9RICO, MOVIMIENTO Y AVDs (nuevas fechas, pr\u00f3ximamente) &#8226; Formaci\u00f3n Sinapse\" \/>\n<meta property=\"og:description\" content=\"Curso orientado a profundizar en la implicaci\u00f3n mec\u00e1nica, fisiol\u00f3gica y funcional de lasestructuras perif\u00e9ricas, especialmente del nervio perif\u00e9rico, en la cl\u00ednica y en la participaci\u00f3n enlas AVD de las personas que han sufrido una lesi\u00f3n neurol\u00f3gica de origen central.\" \/>\n<meta property=\"og:url\" content=\"https:\/\/sinapseformacion.com\/gl\/produto\/nervio-periferico-movimiento-y-avds\/\" \/>\n<meta property=\"og:site_name\" content=\"Formaci\u00f3n Sinapse\" \/>\n<meta property=\"article:publisher\" content=\"https:\/\/www.facebook.com\/sinapseneuro.formacion\" \/>\n<meta property=\"article:modified_time\" content=\"2023-03-07T01:04:42+00:00\" \/>\n<meta property=\"og:image\" content=\"https:\/\/sinapseformacion.com\/wp-content\/uploads\/2021\/07\/diseno-sin-titulo.png\" \/>\n\t<meta property=\"og:image:width\" content=\"383\" \/>\n\t<meta property=\"og:image:height\" content=\"256\" \/>\n\t<meta property=\"og:image:type\" content=\"image\/png\" \/>\n<meta name=\"twitter:card\" content=\"summary_large_image\" \/>\n<meta name=\"twitter:site\" content=\"@SINAPSE_Cursos\" \/>\n<script type=\"application\/ld+json\" class=\"yoast-schema-graph\">{\"@context\":\"https:\/\/schema.org\",\"@graph\":[{\"@type\":\"WebPage\",\"@id\":\"https:\/\/sinapseformacion.com\/producto\/nervio-periferico-movimiento-y-avds\/\",\"url\":\"https:\/\/sinapseformacion.com\/producto\/nervio-periferico-movimiento-y-avds\/\",\"name\":\"NERVIO PERIF\u00c9RICO, MOVIMIENTO Y AVDs (nuevas fechas, pr\u00f3ximamente) &#8226; Formaci\u00f3n Sinapse\",\"isPartOf\":{\"@id\":\"https:\/\/sinapseformacion.com\/#website\"},\"primaryImageOfPage\":{\"@id\":\"https:\/\/sinapseformacion.com\/producto\/nervio-periferico-movimiento-y-avds\/#primaryimage\"},\"image\":{\"@id\":\"https:\/\/sinapseformacion.com\/producto\/nervio-periferico-movimiento-y-avds\/#primaryimage\"},\"thumbnailUrl\":\"https:\/\/sinapseformacion.com\/wp-content\/uploads\/2021\/07\/diseno-sin-titulo.png\",\"datePublished\":\"2023-01-25T21:44:53+00:00\",\"dateModified\":\"2023-03-07T01:04:42+00:00\",\"description\":\"Curso orientado a profundizar en la implicaci\u00f3n mec\u00e1nica, fisiol\u00f3gica y funcional de lasestructuras perif\u00e9ricas, especialmente del nervio perif\u00e9rico, en la cl\u00ednica y en la participaci\u00f3n enlas AVD de las personas que han sufrido una lesi\u00f3n neurol\u00f3gica de origen central.\",\"breadcrumb\":{\"@id\":\"https:\/\/sinapseformacion.com\/producto\/nervio-periferico-movimiento-y-avds\/#breadcrumb\"},\"inLanguage\":\"gl-ES\",\"potentialAction\":[{\"@type\":\"ReadAction\",\"target\":[\"https:\/\/sinapseformacion.com\/producto\/nervio-periferico-movimiento-y-avds\/\"]}]},{\"@type\":\"ImageObject\",\"inLanguage\":\"gl-ES\",\"@id\":\"https:\/\/sinapseformacion.com\/producto\/nervio-periferico-movimiento-y-avds\/#primaryimage\",\"url\":\"https:\/\/sinapseformacion.com\/wp-content\/uploads\/2021\/07\/diseno-sin-titulo.png\",\"contentUrl\":\"https:\/\/sinapseformacion.com\/wp-content\/uploads\/2021\/07\/diseno-sin-titulo.png\",\"width\":383,\"height\":256},{\"@type\":\"BreadcrumbList\",\"@id\":\"https:\/\/sinapseformacion.com\/producto\/nervio-periferico-movimiento-y-avds\/#breadcrumb\",\"itemListElement\":[{\"@type\":\"ListItem\",\"position\":1,\"name\":\"Portada\",\"item\":\"https:\/\/sinapseformacion.com\/\"},{\"@type\":\"ListItem\",\"position\":2,\"name\":\"Tienda\",\"item\":\"https:\/\/sinapseformacion.com\/tienda\/\"},{\"@type\":\"ListItem\",\"position\":3,\"name\":\"NERVIO PERIF\u00c9RICO, MOVIMIENTO Y AVDs (nuevas fechas, pr\u00f3ximamente)\"}]},{\"@type\":\"WebSite\",\"@id\":\"https:\/\/sinapseformacion.com\/#website\",\"url\":\"https:\/\/sinapseformacion.com\/\",\"name\":\"Formaci\u00f3n Sinapse\",\"description\":\"SINAPSE NEUROLOG\u00cdA SL - FORMACI\u00d3N \",\"publisher\":{\"@id\":\"https:\/\/sinapseformacion.com\/#organization\"},\"potentialAction\":[{\"@type\":\"SearchAction\",\"target\":{\"@type\":\"EntryPoint\",\"urlTemplate\":\"https:\/\/sinapseformacion.com\/?s={search_term_string}\"},\"query-input\":{\"@type\":\"PropertyValueSpecification\",\"valueRequired\":true,\"valueName\":\"search_term_string\"}}],\"inLanguage\":\"gl-ES\"},{\"@type\":\"Organization\",\"@id\":\"https:\/\/sinapseformacion.com\/#organization\",\"name\":\"Sinapse Formaci\u00f3n\",\"url\":\"https:\/\/sinapseformacion.com\/\",\"logo\":{\"@type\":\"ImageObject\",\"inLanguage\":\"gl-ES\",\"@id\":\"https:\/\/sinapseformacion.com\/#\/schema\/logo\/image\/\",\"url\":\"https:\/\/sinapseformacion.com\/wp-content\/uploads\/2020\/02\/logo-sinapse-neurologia-formacion.png\",\"contentUrl\":\"https:\/\/sinapseformacion.com\/wp-content\/uploads\/2020\/02\/logo-sinapse-neurologia-formacion.png\",\"width\":600,\"height\":260,\"caption\":\"Sinapse Formaci\u00f3n\"},\"image\":{\"@id\":\"https:\/\/sinapseformacion.com\/#\/schema\/logo\/image\/\"},\"sameAs\":[\"https:\/\/www.facebook.com\/sinapseneuro.formacion\",\"https:\/\/x.com\/SINAPSE_Cursos\"]}]}<\/script>\n<!-- \/ Yoast SEO plugin. -->","yoast_head_json":{"title":"NERVIO PERIF\u00c9RICO, MOVIMIENTO Y AVDs (nuevas fechas, pr\u00f3ximamente) &#8226; Formaci\u00f3n Sinapse","description":"Curso orientado a profundizar en la implicaci\u00f3n mec\u00e1nica, fisiol\u00f3gica y funcional de lasestructuras perif\u00e9ricas, especialmente del nervio perif\u00e9rico, en la cl\u00ednica y en la participaci\u00f3n enlas AVD de las personas que han sufrido una lesi\u00f3n neurol\u00f3gica de origen central.","robots":{"index":"index","follow":"follow","max-snippet":"max-snippet:-1","max-image-preview":"max-image-preview:large","max-video-preview":"max-video-preview:-1"},"canonical":"https:\/\/sinapseformacion.com\/gl\/produto\/nervio-periferico-movimiento-y-avds\/","og_locale":"gl_ES","og_type":"article","og_title":"NERVIO PERIF\u00c9RICO, MOVIMIENTO Y AVDs (nuevas fechas, pr\u00f3ximamente) &#8226; Formaci\u00f3n Sinapse","og_description":"Curso orientado a profundizar en la implicaci\u00f3n mec\u00e1nica, fisiol\u00f3gica y funcional de lasestructuras perif\u00e9ricas, especialmente del nervio perif\u00e9rico, en la cl\u00ednica y en la participaci\u00f3n enlas AVD de las personas que han sufrido una lesi\u00f3n neurol\u00f3gica de origen central.","og_url":"https:\/\/sinapseformacion.com\/gl\/produto\/nervio-periferico-movimiento-y-avds\/","og_site_name":"Formaci\u00f3n Sinapse","article_publisher":"https:\/\/www.facebook.com\/sinapseneuro.formacion","article_modified_time":"2023-03-07T01:04:42+00:00","og_image":[{"width":383,"height":256,"url":"https:\/\/sinapseformacion.com\/wp-content\/uploads\/2021\/07\/diseno-sin-titulo.png","type":"image\/png"}],"twitter_card":"summary_large_image","twitter_site":"@SINAPSE_Cursos","schema":{"@context":"https:\/\/schema.org","@graph":[{"@type":"WebPage","@id":"https:\/\/sinapseformacion.com\/producto\/nervio-periferico-movimiento-y-avds\/","url":"https:\/\/sinapseformacion.com\/producto\/nervio-periferico-movimiento-y-avds\/","name":"NERVIO PERIF\u00c9RICO, MOVIMIENTO Y AVDs (nuevas fechas, pr\u00f3ximamente) &#8226; Formaci\u00f3n Sinapse","isPartOf":{"@id":"https:\/\/sinapseformacion.com\/#website"},"primaryImageOfPage":{"@id":"https:\/\/sinapseformacion.com\/producto\/nervio-periferico-movimiento-y-avds\/#primaryimage"},"image":{"@id":"https:\/\/sinapseformacion.com\/producto\/nervio-periferico-movimiento-y-avds\/#primaryimage"},"thumbnailUrl":"https:\/\/sinapseformacion.com\/wp-content\/uploads\/2021\/07\/diseno-sin-titulo.png","datePublished":"2023-01-25T21:44:53+00:00","dateModified":"2023-03-07T01:04:42+00:00","description":"Curso orientado a profundizar en la implicaci\u00f3n mec\u00e1nica, fisiol\u00f3gica y funcional de lasestructuras perif\u00e9ricas, especialmente del nervio perif\u00e9rico, en la cl\u00ednica y en la participaci\u00f3n enlas AVD de las personas que han sufrido una lesi\u00f3n neurol\u00f3gica de origen central.","breadcrumb":{"@id":"https:\/\/sinapseformacion.com\/producto\/nervio-periferico-movimiento-y-avds\/#breadcrumb"},"inLanguage":"gl-ES","potentialAction":[{"@type":"ReadAction","target":["https:\/\/sinapseformacion.com\/producto\/nervio-periferico-movimiento-y-avds\/"]}]},{"@type":"ImageObject","inLanguage":"gl-ES","@id":"https:\/\/sinapseformacion.com\/producto\/nervio-periferico-movimiento-y-avds\/#primaryimage","url":"https:\/\/sinapseformacion.com\/wp-content\/uploads\/2021\/07\/diseno-sin-titulo.png","contentUrl":"https:\/\/sinapseformacion.com\/wp-content\/uploads\/2021\/07\/diseno-sin-titulo.png","width":383,"height":256},{"@type":"BreadcrumbList","@id":"https:\/\/sinapseformacion.com\/producto\/nervio-periferico-movimiento-y-avds\/#breadcrumb","itemListElement":[{"@type":"ListItem","position":1,"name":"Portada","item":"https:\/\/sinapseformacion.com\/"},{"@type":"ListItem","position":2,"name":"Tienda","item":"https:\/\/sinapseformacion.com\/tienda\/"},{"@type":"ListItem","position":3,"name":"NERVIO PERIF\u00c9RICO, MOVIMIENTO Y AVDs (nuevas fechas, pr\u00f3ximamente)"}]},{"@type":"WebSite","@id":"https:\/\/sinapseformacion.com\/#website","url":"https:\/\/sinapseformacion.com\/","name":"Formaci\u00f3n Sinapse","description":"SINAPSE NEUROLOG\u00cdA SL - FORMACI\u00d3N","publisher":{"@id":"https:\/\/sinapseformacion.com\/#organization"},"potentialAction":[{"@type":"SearchAction","target":{"@type":"EntryPoint","urlTemplate":"https:\/\/sinapseformacion.com\/?s={search_term_string}"},"query-input":{"@type":"PropertyValueSpecification","valueRequired":true,"valueName":"search_term_string"}}],"inLanguage":"gl-ES"},{"@type":"Organization","@id":"https:\/\/sinapseformacion.com\/#organization","name":"Sinapse Formaci\u00f3n","url":"https:\/\/sinapseformacion.com\/","logo":{"@type":"ImageObject","inLanguage":"gl-ES","@id":"https:\/\/sinapseformacion.com\/#\/schema\/logo\/image\/","url":"https:\/\/sinapseformacion.com\/wp-content\/uploads\/2020\/02\/logo-sinapse-neurologia-formacion.png","contentUrl":"https:\/\/sinapseformacion.com\/wp-content\/uploads\/2020\/02\/logo-sinapse-neurologia-formacion.png","width":600,"height":260,"caption":"Sinapse Formaci\u00f3n"},"image":{"@id":"https:\/\/sinapseformacion.com\/#\/schema\/logo\/image\/"},"sameAs":["https:\/\/www.facebook.com\/sinapseneuro.formacion","https:\/\/x.com\/SINAPSE_Cursos"]}]}},"_links":{"self":[{"href":"https:\/\/sinapseformacion.com\/gl\/wp-json\/wp\/v2\/product\/1564","targetHints":{"allow":["GET"]}}],"collection":[{"href":"https:\/\/sinapseformacion.com\/gl\/wp-json\/wp\/v2\/product"}],"about":[{"href":"https:\/\/sinapseformacion.com\/gl\/wp-json\/wp\/v2\/types\/product"}],"wp:featuredmedia":[{"embeddable":true,"href":"https:\/\/sinapseformacion.com\/gl\/wp-json\/wp\/v2\/media\/777"}],"wp:attachment":[{"href":"https:\/\/sinapseformacion.com\/gl\/wp-json\/wp\/v2\/media?parent=1564"}],"wp:term":[{"taxonomy":"product_brand","embeddable":true,"href":"https:\/\/sinapseformacion.com\/gl\/wp-json\/wp\/v2\/product_brand?post=1564"},{"taxonomy":"product_cat","embeddable":true,"href":"https:\/\/sinapseformacion.com\/gl\/wp-json\/wp\/v2\/product_cat?post=1564"},{"taxonomy":"product_tag","embeddable":true,"href":"https:\/\/sinapseformacion.com\/gl\/wp-json\/wp\/v2\/product_tag?post=1564"}],"curies":[{"name":"wp","href":"https:\/\/api.w.org\/{rel}","templated":true}]}}