{"id":1575,"date":"2023-01-26T00:50:13","date_gmt":"2023-01-25T23:50:13","guid":{"rendered":"https:\/\/sinapseformacion.com\/?post_type=product&#038;p=1575"},"modified":"2023-11-20T10:40:29","modified_gmt":"2023-11-20T09:40:29","slug":"nervio-periferico-y-movimiento-en-neurorrehabilitacion-2","status":"publish","type":"product","link":"https:\/\/sinapseformacion.com\/gl\/produto\/nervio-periferico-y-movimiento-en-neurorrehabilitacion-2\/","title":{"rendered":"Nervio Perif\u00e9rico y Movimiento en Neurorrehabilitaci\u00f3n \u00abNUEVAS FECHAS\u00bb"},"content":{"rendered":"","protected":false},"excerpt":{"rendered":"","protected":false},"featured_media":1706,"template":"","meta":[],"product_brand":[],"product_cat":[17],"product_tag":[],"class_list":{"0":"post-1575","1":"product","2":"type-product","3":"status-publish","4":"has-post-thumbnail","6":"product_cat-presencial","8":"first","9":"instock","10":"sold-individually","11":"shipping-taxable","12":"purchasable","13":"product-type-variable"},"yoast_head":"<!-- This site is optimized with the Yoast SEO plugin v27.0 - https:\/\/yoast.com\/product\/yoast-seo-wordpress\/ -->\n<title>Nervio Perif\u00e9rico y Movimiento en Neurorrehabilitaci\u00f3n &quot;NUEVAS FECHAS&quot; &#8226; Formaci\u00f3n Sinapse<\/title>\n<meta name=\"description\" content=\"Curso orientado a profundizar en la implicaci\u00f3n mec\u00e1nica y fisiol\u00f3gica de las estructuras perif\u00e9ricas, y especialmente del nervio perif\u00e9rico en la cl\u00ednica de las personas que han sufrido una lesi\u00f3n neurol\u00f3gica de origen central, as\u00ed como en las alteraciones del movimiento que conllevan una alteraci\u00f3n funcional en muchos casos. Los asistentes al curso aprender\u00e1n a utilizar los test de mecanosensibilidad del nervio perif\u00e9rico como herramienta de evaluaci\u00f3n en Neurorrehabilitaci\u00f3n, as\u00ed como el impacto de la inmovilidad en las estructuras corporales de los pacientes. Se trata de dar un marco conceptual que permita determinar cu\u00e1nto de la alteraci\u00f3n funcional o del patr\u00f3n motor tiene que ver con restricciones en el cuerpo de las personas con lesiones en el sistema nervioso, as\u00ed como a utilizar el conocimiento del nervio perif\u00e9rico para analizar patrones de movimiento en las lesiones centrales y mejorar el estado biomec\u00e1nico del mismo, tanto con t\u00e9cnicas directas como indirectas.\" \/>\n<meta name=\"robots\" content=\"index, follow, max-snippet:-1, max-image-preview:large, max-video-preview:-1\" \/>\n<link rel=\"canonical\" href=\"https:\/\/sinapseformacion.com\/gl\/produto\/nervio-periferico-y-movimiento-en-neurorrehabilitacion-2\/\" \/>\n<meta property=\"og:locale\" content=\"gl_ES\" \/>\n<meta property=\"og:type\" content=\"article\" \/>\n<meta property=\"og:title\" content=\"Nervio Perif\u00e9rico y Movimiento en Neurorrehabilitaci\u00f3n &quot;NUEVAS FECHAS&quot; &#8226; Formaci\u00f3n Sinapse\" \/>\n<meta property=\"og:description\" content=\"Curso orientado a profundizar en la implicaci\u00f3n mec\u00e1nica y fisiol\u00f3gica de las estructuras perif\u00e9ricas, y especialmente del nervio perif\u00e9rico en la cl\u00ednica de las personas que han sufrido una lesi\u00f3n neurol\u00f3gica de origen central, as\u00ed como en las alteraciones del movimiento que conllevan una alteraci\u00f3n funcional en muchos casos. Los asistentes al curso aprender\u00e1n a utilizar los test de mecanosensibilidad del nervio perif\u00e9rico como herramienta de evaluaci\u00f3n en Neurorrehabilitaci\u00f3n, as\u00ed como el impacto de la inmovilidad en las estructuras corporales de los pacientes. Se trata de dar un marco conceptual que permita determinar cu\u00e1nto de la alteraci\u00f3n funcional o del patr\u00f3n motor tiene que ver con restricciones en el cuerpo de las personas con lesiones en el sistema nervioso, as\u00ed como a utilizar el conocimiento del nervio perif\u00e9rico para analizar patrones de movimiento en las lesiones centrales y mejorar el estado biomec\u00e1nico del mismo, tanto con t\u00e9cnicas directas como indirectas.\" \/>\n<meta property=\"og:url\" content=\"https:\/\/sinapseformacion.com\/gl\/produto\/nervio-periferico-y-movimiento-en-neurorrehabilitacion-2\/\" \/>\n<meta property=\"og:site_name\" content=\"Formaci\u00f3n Sinapse\" \/>\n<meta property=\"article:publisher\" content=\"https:\/\/www.facebook.com\/sinapseneuro.formacion\" \/>\n<meta property=\"article:modified_time\" content=\"2023-11-20T09:40:29+00:00\" \/>\n<meta property=\"og:image\" content=\"https:\/\/sinapseformacion.com\/wp-content\/uploads\/2023\/07\/npm-3.png\" \/>\n\t<meta property=\"og:image:width\" content=\"451\" \/>\n\t<meta property=\"og:image:height\" content=\"333\" \/>\n\t<meta property=\"og:image:type\" content=\"image\/png\" \/>\n<meta name=\"twitter:card\" content=\"summary_large_image\" \/>\n<meta name=\"twitter:site\" content=\"@SINAPSE_Cursos\" \/>\n<script type=\"application\/ld+json\" class=\"yoast-schema-graph\">{\"@context\":\"https:\/\/schema.org\",\"@graph\":[{\"@type\":\"WebPage\",\"@id\":\"https:\/\/sinapseformacion.com\/producto\/nervio-periferico-y-movimiento-en-neurorrehabilitacion-2\/\",\"url\":\"https:\/\/sinapseformacion.com\/producto\/nervio-periferico-y-movimiento-en-neurorrehabilitacion-2\/\",\"name\":\"Nervio Perif\u00e9rico y Movimiento en Neurorrehabilitaci\u00f3n \\\"NUEVAS FECHAS\\\" &#8226; Formaci\u00f3n Sinapse\",\"isPartOf\":{\"@id\":\"https:\/\/sinapseformacion.com\/#website\"},\"primaryImageOfPage\":{\"@id\":\"https:\/\/sinapseformacion.com\/producto\/nervio-periferico-y-movimiento-en-neurorrehabilitacion-2\/#primaryimage\"},\"image\":{\"@id\":\"https:\/\/sinapseformacion.com\/producto\/nervio-periferico-y-movimiento-en-neurorrehabilitacion-2\/#primaryimage\"},\"thumbnailUrl\":\"https:\/\/sinapseformacion.com\/wp-content\/uploads\/2023\/07\/npm-3.png\",\"datePublished\":\"2023-01-25T23:50:13+00:00\",\"dateModified\":\"2023-11-20T09:40:29+00:00\",\"description\":\"Curso orientado a profundizar en la implicaci\u00f3n mec\u00e1nica y fisiol\u00f3gica de las estructuras perif\u00e9ricas, y especialmente del nervio perif\u00e9rico en la cl\u00ednica de las personas que han sufrido una lesi\u00f3n neurol\u00f3gica de origen central, as\u00ed como en las alteraciones del movimiento que conllevan una alteraci\u00f3n funcional en muchos casos. Los asistentes al curso aprender\u00e1n a utilizar los test de mecanosensibilidad del nervio perif\u00e9rico como herramienta de evaluaci\u00f3n en Neurorrehabilitaci\u00f3n, as\u00ed como el impacto de la inmovilidad en las estructuras corporales de los pacientes. Se trata de dar un marco conceptual que permita determinar cu\u00e1nto de la alteraci\u00f3n funcional o del patr\u00f3n motor tiene que ver con restricciones en el cuerpo de las personas con lesiones en el sistema nervioso, as\u00ed como a utilizar el conocimiento del nervio perif\u00e9rico para analizar patrones de movimiento en las lesiones centrales y mejorar el estado biomec\u00e1nico del mismo, tanto con t\u00e9cnicas directas como indirectas.\",\"breadcrumb\":{\"@id\":\"https:\/\/sinapseformacion.com\/producto\/nervio-periferico-y-movimiento-en-neurorrehabilitacion-2\/#breadcrumb\"},\"inLanguage\":\"gl-ES\",\"potentialAction\":[{\"@type\":\"ReadAction\",\"target\":[\"https:\/\/sinapseformacion.com\/producto\/nervio-periferico-y-movimiento-en-neurorrehabilitacion-2\/\"]}]},{\"@type\":\"ImageObject\",\"inLanguage\":\"gl-ES\",\"@id\":\"https:\/\/sinapseformacion.com\/producto\/nervio-periferico-y-movimiento-en-neurorrehabilitacion-2\/#primaryimage\",\"url\":\"https:\/\/sinapseformacion.com\/wp-content\/uploads\/2023\/07\/npm-3.png\",\"contentUrl\":\"https:\/\/sinapseformacion.com\/wp-content\/uploads\/2023\/07\/npm-3.png\",\"width\":451,\"height\":333},{\"@type\":\"BreadcrumbList\",\"@id\":\"https:\/\/sinapseformacion.com\/producto\/nervio-periferico-y-movimiento-en-neurorrehabilitacion-2\/#breadcrumb\",\"itemListElement\":[{\"@type\":\"ListItem\",\"position\":1,\"name\":\"Portada\",\"item\":\"https:\/\/sinapseformacion.com\/\"},{\"@type\":\"ListItem\",\"position\":2,\"name\":\"Tienda\",\"item\":\"https:\/\/sinapseformacion.com\/tienda\/\"},{\"@type\":\"ListItem\",\"position\":3,\"name\":\"Nervio Perif\u00e9rico y Movimiento en Neurorrehabilitaci\u00f3n \u00abNUEVAS FECHAS\u00bb\"}]},{\"@type\":\"WebSite\",\"@id\":\"https:\/\/sinapseformacion.com\/#website\",\"url\":\"https:\/\/sinapseformacion.com\/\",\"name\":\"Formaci\u00f3n Sinapse\",\"description\":\"SINAPSE NEUROLOG\u00cdA SL - FORMACI\u00d3N \",\"publisher\":{\"@id\":\"https:\/\/sinapseformacion.com\/#organization\"},\"potentialAction\":[{\"@type\":\"SearchAction\",\"target\":{\"@type\":\"EntryPoint\",\"urlTemplate\":\"https:\/\/sinapseformacion.com\/?s={search_term_string}\"},\"query-input\":{\"@type\":\"PropertyValueSpecification\",\"valueRequired\":true,\"valueName\":\"search_term_string\"}}],\"inLanguage\":\"gl-ES\"},{\"@type\":\"Organization\",\"@id\":\"https:\/\/sinapseformacion.com\/#organization\",\"name\":\"Sinapse Formaci\u00f3n\",\"url\":\"https:\/\/sinapseformacion.com\/\",\"logo\":{\"@type\":\"ImageObject\",\"inLanguage\":\"gl-ES\",\"@id\":\"https:\/\/sinapseformacion.com\/#\/schema\/logo\/image\/\",\"url\":\"https:\/\/sinapseformacion.com\/wp-content\/uploads\/2020\/02\/logo-sinapse-neurologia-formacion.png\",\"contentUrl\":\"https:\/\/sinapseformacion.com\/wp-content\/uploads\/2020\/02\/logo-sinapse-neurologia-formacion.png\",\"width\":600,\"height\":260,\"caption\":\"Sinapse Formaci\u00f3n\"},\"image\":{\"@id\":\"https:\/\/sinapseformacion.com\/#\/schema\/logo\/image\/\"},\"sameAs\":[\"https:\/\/www.facebook.com\/sinapseneuro.formacion\",\"https:\/\/x.com\/SINAPSE_Cursos\"]}]}<\/script>\n<!-- \/ Yoast SEO plugin. -->","yoast_head_json":{"title":"Nervio Perif\u00e9rico y Movimiento en Neurorrehabilitaci\u00f3n \"NUEVAS FECHAS\" &#8226; Formaci\u00f3n Sinapse","description":"Curso orientado a profundar na implicaci\u00f3n mec\u00e1nica e fisiol\u00f3gica das estruturas perif\u00e9ricas, e especialmente do nervio perif\u00e9rico na cl\u00ednica das persoas que sufriron unha lesi\u00f3n neurol\u00f3gica de orixe central, as\u00ed como nas alteraci\u00f3ns do movemento que levan unha alteraci\u00f3n funcional en moitos casos. Os asistentes ao curso aprender\u00e1n a utilizar o test de mecanosensibilidad do nervio perif\u00e9rico como ferramenta de avaliaci\u00f3n en Neurorrehabilitaci\u00f3n, as\u00ed como o impacto da inmobilidade nas estruturas corporais dos pacientes. Tr\u00e1tase de dar un marco conceptual que permita determinar canto da alteraci\u00f3n funcional ou do patr\u00f3n motor ten que ver con restrici\u00f3ns no corpo das persoas con lesi\u00f3ns no sistema nervioso, as\u00ed como a utilizar o co\u00f1ecemento do nervio perif\u00e9rico para analizar patr\u00f3ns de movemento nas lesi\u00f3ns centrais e mellorar o estado biomec\u00e1nico do mesmo, tanto con t\u00e9cnicas directas como indirectas.","robots":{"index":"index","follow":"follow","max-snippet":"max-snippet:-1","max-image-preview":"max-image-preview:large","max-video-preview":"max-video-preview:-1"},"canonical":"https:\/\/sinapseformacion.com\/gl\/produto\/nervio-periferico-y-movimiento-en-neurorrehabilitacion-2\/","og_locale":"gl_ES","og_type":"article","og_title":"Nervio Perif\u00e9rico y Movimiento en Neurorrehabilitaci\u00f3n \"NUEVAS FECHAS\" &#8226; Formaci\u00f3n Sinapse","og_description":"Curso orientado a profundizar en la implicaci\u00f3n mec\u00e1nica y fisiol\u00f3gica de las estructuras perif\u00e9ricas, y especialmente del nervio perif\u00e9rico en la cl\u00ednica de las personas que han sufrido una lesi\u00f3n neurol\u00f3gica de origen central, as\u00ed como en las alteraciones del movimiento que conllevan una alteraci\u00f3n funcional en muchos casos. Los asistentes al curso aprender\u00e1n a utilizar los test de mecanosensibilidad del nervio perif\u00e9rico como herramienta de evaluaci\u00f3n en Neurorrehabilitaci\u00f3n, as\u00ed como el impacto de la inmovilidad en las estructuras corporales de los pacientes. Se trata de dar un marco conceptual que permita determinar cu\u00e1nto de la alteraci\u00f3n funcional o del patr\u00f3n motor tiene que ver con restricciones en el cuerpo de las personas con lesiones en el sistema nervioso, as\u00ed como a utilizar el conocimiento del nervio perif\u00e9rico para analizar patrones de movimiento en las lesiones centrales y mejorar el estado biomec\u00e1nico del mismo, tanto con t\u00e9cnicas directas como indirectas.","og_url":"https:\/\/sinapseformacion.com\/gl\/produto\/nervio-periferico-y-movimiento-en-neurorrehabilitacion-2\/","og_site_name":"Formaci\u00f3n Sinapse","article_publisher":"https:\/\/www.facebook.com\/sinapseneuro.formacion","article_modified_time":"2023-11-20T09:40:29+00:00","og_image":[{"width":451,"height":333,"url":"https:\/\/sinapseformacion.com\/wp-content\/uploads\/2023\/07\/npm-3.png","type":"image\/png"}],"twitter_card":"summary_large_image","twitter_site":"@SINAPSE_Cursos","schema":{"@context":"https:\/\/schema.org","@graph":[{"@type":"WebPage","@id":"https:\/\/sinapseformacion.com\/producto\/nervio-periferico-y-movimiento-en-neurorrehabilitacion-2\/","url":"https:\/\/sinapseformacion.com\/producto\/nervio-periferico-y-movimiento-en-neurorrehabilitacion-2\/","name":"Nervio Perif\u00e9rico y Movimiento en Neurorrehabilitaci\u00f3n \"NUEVAS FECHAS\" &#8226; Formaci\u00f3n Sinapse","isPartOf":{"@id":"https:\/\/sinapseformacion.com\/#website"},"primaryImageOfPage":{"@id":"https:\/\/sinapseformacion.com\/producto\/nervio-periferico-y-movimiento-en-neurorrehabilitacion-2\/#primaryimage"},"image":{"@id":"https:\/\/sinapseformacion.com\/producto\/nervio-periferico-y-movimiento-en-neurorrehabilitacion-2\/#primaryimage"},"thumbnailUrl":"https:\/\/sinapseformacion.com\/wp-content\/uploads\/2023\/07\/npm-3.png","datePublished":"2023-01-25T23:50:13+00:00","dateModified":"2023-11-20T09:40:29+00:00","description":"Curso orientado a profundar na implicaci\u00f3n mec\u00e1nica e fisiol\u00f3gica das estruturas perif\u00e9ricas, e especialmente do nervio perif\u00e9rico na cl\u00ednica das persoas que sufriron unha lesi\u00f3n neurol\u00f3gica de orixe central, as\u00ed como nas alteraci\u00f3ns do movemento que levan unha alteraci\u00f3n funcional en moitos casos. Os asistentes ao curso aprender\u00e1n a utilizar o test de mecanosensibilidad do nervio perif\u00e9rico como ferramenta de avaliaci\u00f3n en Neurorrehabilitaci\u00f3n, as\u00ed como o impacto da inmobilidade nas estruturas corporais dos pacientes. Tr\u00e1tase de dar un marco conceptual que permita determinar canto da alteraci\u00f3n funcional ou do patr\u00f3n motor ten que ver con restrici\u00f3ns no corpo das persoas con lesi\u00f3ns no sistema nervioso, as\u00ed como a utilizar o co\u00f1ecemento do nervio perif\u00e9rico para analizar patr\u00f3ns de movemento nas lesi\u00f3ns centrais e mellorar o estado biomec\u00e1nico do mesmo, tanto con t\u00e9cnicas directas como indirectas.","breadcrumb":{"@id":"https:\/\/sinapseformacion.com\/producto\/nervio-periferico-y-movimiento-en-neurorrehabilitacion-2\/#breadcrumb"},"inLanguage":"gl-ES","potentialAction":[{"@type":"ReadAction","target":["https:\/\/sinapseformacion.com\/producto\/nervio-periferico-y-movimiento-en-neurorrehabilitacion-2\/"]}]},{"@type":"ImageObject","inLanguage":"gl-ES","@id":"https:\/\/sinapseformacion.com\/producto\/nervio-periferico-y-movimiento-en-neurorrehabilitacion-2\/#primaryimage","url":"https:\/\/sinapseformacion.com\/wp-content\/uploads\/2023\/07\/npm-3.png","contentUrl":"https:\/\/sinapseformacion.com\/wp-content\/uploads\/2023\/07\/npm-3.png","width":451,"height":333},{"@type":"BreadcrumbList","@id":"https:\/\/sinapseformacion.com\/producto\/nervio-periferico-y-movimiento-en-neurorrehabilitacion-2\/#breadcrumb","itemListElement":[{"@type":"ListItem","position":1,"name":"Portada","item":"https:\/\/sinapseformacion.com\/"},{"@type":"ListItem","position":2,"name":"Tienda","item":"https:\/\/sinapseformacion.com\/tienda\/"},{"@type":"ListItem","position":3,"name":"Nervio Perif\u00e9rico y Movimiento en Neurorrehabilitaci\u00f3n \u00abNUEVAS FECHAS\u00bb"}]},{"@type":"WebSite","@id":"https:\/\/sinapseformacion.com\/#website","url":"https:\/\/sinapseformacion.com\/","name":"Formaci\u00f3n Sinapse","description":"SINAPSE NEUROLOG\u00cdA SL - FORMACI\u00d3N","publisher":{"@id":"https:\/\/sinapseformacion.com\/#organization"},"potentialAction":[{"@type":"SearchAction","target":{"@type":"EntryPoint","urlTemplate":"https:\/\/sinapseformacion.com\/?s={search_term_string}"},"query-input":{"@type":"PropertyValueSpecification","valueRequired":true,"valueName":"search_term_string"}}],"inLanguage":"gl-ES"},{"@type":"Organization","@id":"https:\/\/sinapseformacion.com\/#organization","name":"Sinapse Formaci\u00f3n","url":"https:\/\/sinapseformacion.com\/","logo":{"@type":"ImageObject","inLanguage":"gl-ES","@id":"https:\/\/sinapseformacion.com\/#\/schema\/logo\/image\/","url":"https:\/\/sinapseformacion.com\/wp-content\/uploads\/2020\/02\/logo-sinapse-neurologia-formacion.png","contentUrl":"https:\/\/sinapseformacion.com\/wp-content\/uploads\/2020\/02\/logo-sinapse-neurologia-formacion.png","width":600,"height":260,"caption":"Sinapse Formaci\u00f3n"},"image":{"@id":"https:\/\/sinapseformacion.com\/#\/schema\/logo\/image\/"},"sameAs":["https:\/\/www.facebook.com\/sinapseneuro.formacion","https:\/\/x.com\/SINAPSE_Cursos"]}]}},"_links":{"self":[{"href":"https:\/\/sinapseformacion.com\/gl\/wp-json\/wp\/v2\/product\/1575","targetHints":{"allow":["GET"]}}],"collection":[{"href":"https:\/\/sinapseformacion.com\/gl\/wp-json\/wp\/v2\/product"}],"about":[{"href":"https:\/\/sinapseformacion.com\/gl\/wp-json\/wp\/v2\/types\/product"}],"wp:featuredmedia":[{"embeddable":true,"href":"https:\/\/sinapseformacion.com\/gl\/wp-json\/wp\/v2\/media\/1706"}],"wp:attachment":[{"href":"https:\/\/sinapseformacion.com\/gl\/wp-json\/wp\/v2\/media?parent=1575"}],"wp:term":[{"taxonomy":"product_brand","embeddable":true,"href":"https:\/\/sinapseformacion.com\/gl\/wp-json\/wp\/v2\/product_brand?post=1575"},{"taxonomy":"product_cat","embeddable":true,"href":"https:\/\/sinapseformacion.com\/gl\/wp-json\/wp\/v2\/product_cat?post=1575"},{"taxonomy":"product_tag","embeddable":true,"href":"https:\/\/sinapseformacion.com\/gl\/wp-json\/wp\/v2\/product_tag?post=1575"}],"curies":[{"name":"wp","href":"https:\/\/api.w.org\/{rel}","templated":true}]}}