{"id":1680,"date":"2023-07-22T13:19:33","date_gmt":"2023-07-22T12:19:33","guid":{"rendered":"https:\/\/sinapseformacion.com\/?post_type=product&#038;p=1680"},"modified":"2023-07-24T10:51:47","modified_gmt":"2023-07-24T09:51:47","slug":"cursoplenamente","status":"publish","type":"product","link":"https:\/\/sinapseformacion.com\/gl\/produto\/cursoplenamente\/","title":{"rendered":"Programa de Reducci\u00f3n de Estr\u00e9s basado en Mindfulness (MBSR) \u00abPRIMERA Vez en Galicia\u00bb"},"content":{"rendered":"","protected":false},"excerpt":{"rendered":"","protected":false},"featured_media":1686,"template":"","meta":[],"product_brand":[],"product_cat":[17],"product_tag":[29,27,28,31,30],"class_list":{"0":"post-1680","1":"product","2":"type-product","3":"status-publish","4":"has-post-thumbnail","6":"product_cat-presencial","7":"product_tag-gestion-estres","8":"product_tag-mbsr","9":"product_tag-mindfulness","10":"product_tag-relajacion","11":"product_tag-ser-consciente","13":"first","14":"instock","15":"sold-individually","16":"shipping-taxable","17":"purchasable","18":"product-type-variable"},"yoast_head":"<!-- This site is optimized with the Yoast SEO plugin v27.0 - https:\/\/yoast.com\/product\/yoast-seo-wordpress\/ -->\n<title>Programa de Reducci\u00f3n de Estr\u00e9s basado en Mindfulness (MBSR) &quot;PRIMERA Vez en Galicia&quot; &#8226; Formaci\u00f3n Sinapse<\/title>\n<meta name=\"description\" content=\"Programa Reducci\u00f3n estr\u00e9s basado Mindfulness (MBSR), inspirado en el entrenamiento MBSR desarrollado por Jon Kabat-Zinn, de la Facultad de Medicina de la Univ. de Massachusetts (EEUU)\" \/>\n<meta name=\"robots\" content=\"index, follow, max-snippet:-1, max-image-preview:large, max-video-preview:-1\" \/>\n<link rel=\"canonical\" href=\"https:\/\/sinapseformacion.com\/gl\/produto\/cursoplenamente\/\" \/>\n<meta property=\"og:locale\" content=\"gl_ES\" \/>\n<meta property=\"og:type\" content=\"article\" \/>\n<meta property=\"og:title\" content=\"Programa de Reducci\u00f3n de Estr\u00e9s basado en Mindfulness (MBSR) &quot;PRIMERA Vez en Galicia&quot; &#8226; Formaci\u00f3n Sinapse\" \/>\n<meta property=\"og:description\" content=\"Programa Reducci\u00f3n estr\u00e9s basado Mindfulness (MBSR), inspirado en el entrenamiento MBSR desarrollado por Jon Kabat-Zinn, de la Facultad de Medicina de la Univ. de Massachusetts (EEUU)\" \/>\n<meta property=\"og:url\" content=\"https:\/\/sinapseformacion.com\/gl\/produto\/cursoplenamente\/\" \/>\n<meta property=\"og:site_name\" content=\"Formaci\u00f3n Sinapse\" \/>\n<meta property=\"article:publisher\" content=\"https:\/\/www.facebook.com\/sinapseneuro.formacion\" \/>\n<meta property=\"article:modified_time\" content=\"2023-07-24T09:51:47+00:00\" \/>\n<meta property=\"og:image\" content=\"https:\/\/sinapseformacion.com\/wp-content\/uploads\/2023\/07\/instituto-esmindfulness-02-1.jpg\" \/>\n\t<meta property=\"og:image:width\" content=\"2157\" \/>\n\t<meta property=\"og:image:height\" content=\"570\" \/>\n\t<meta property=\"og:image:type\" content=\"image\/jpeg\" \/>\n<meta name=\"twitter:card\" content=\"summary_large_image\" \/>\n<meta name=\"twitter:site\" content=\"@SINAPSE_Cursos\" \/>\n<script type=\"application\/ld+json\" class=\"yoast-schema-graph\">{\"@context\":\"https:\/\/schema.org\",\"@graph\":[{\"@type\":\"WebPage\",\"@id\":\"https:\/\/sinapseformacion.com\/producto\/cursoplenamente\/\",\"url\":\"https:\/\/sinapseformacion.com\/producto\/cursoplenamente\/\",\"name\":\"Programa de Reducci\u00f3n de Estr\u00e9s basado en Mindfulness (MBSR) \\\"PRIMERA Vez en Galicia\\\" &#8226; Formaci\u00f3n Sinapse\",\"isPartOf\":{\"@id\":\"https:\/\/sinapseformacion.com\/#website\"},\"primaryImageOfPage\":{\"@id\":\"https:\/\/sinapseformacion.com\/producto\/cursoplenamente\/#primaryimage\"},\"image\":{\"@id\":\"https:\/\/sinapseformacion.com\/producto\/cursoplenamente\/#primaryimage\"},\"thumbnailUrl\":\"https:\/\/sinapseformacion.com\/wp-content\/uploads\/2023\/07\/instituto-esmindfulness-02-1.jpg\",\"datePublished\":\"2023-07-22T12:19:33+00:00\",\"dateModified\":\"2023-07-24T09:51:47+00:00\",\"description\":\"Programa Reducci\u00f3n estr\u00e9s basado Mindfulness (MBSR), inspirado en el entrenamiento MBSR desarrollado por Jon Kabat-Zinn, de la Facultad de Medicina de la Univ. de Massachusetts (EEUU)\",\"breadcrumb\":{\"@id\":\"https:\/\/sinapseformacion.com\/producto\/cursoplenamente\/#breadcrumb\"},\"inLanguage\":\"gl-ES\",\"potentialAction\":[{\"@type\":\"ReadAction\",\"target\":[\"https:\/\/sinapseformacion.com\/producto\/cursoplenamente\/\"]}]},{\"@type\":\"ImageObject\",\"inLanguage\":\"gl-ES\",\"@id\":\"https:\/\/sinapseformacion.com\/producto\/cursoplenamente\/#primaryimage\",\"url\":\"https:\/\/sinapseformacion.com\/wp-content\/uploads\/2023\/07\/instituto-esmindfulness-02-1.jpg\",\"contentUrl\":\"https:\/\/sinapseformacion.com\/wp-content\/uploads\/2023\/07\/instituto-esmindfulness-02-1.jpg\",\"width\":2157,\"height\":570},{\"@type\":\"BreadcrumbList\",\"@id\":\"https:\/\/sinapseformacion.com\/producto\/cursoplenamente\/#breadcrumb\",\"itemListElement\":[{\"@type\":\"ListItem\",\"position\":1,\"name\":\"Portada\",\"item\":\"https:\/\/sinapseformacion.com\/\"},{\"@type\":\"ListItem\",\"position\":2,\"name\":\"Tienda\",\"item\":\"https:\/\/sinapseformacion.com\/tienda\/\"},{\"@type\":\"ListItem\",\"position\":3,\"name\":\"Programa de Reducci\u00f3n de Estr\u00e9s basado en Mindfulness (MBSR) \u00abPRIMERA Vez en Galicia\u00bb\"}]},{\"@type\":\"WebSite\",\"@id\":\"https:\/\/sinapseformacion.com\/#website\",\"url\":\"https:\/\/sinapseformacion.com\/\",\"name\":\"Formaci\u00f3n Sinapse\",\"description\":\"SINAPSE NEUROLOG\u00cdA SL - FORMACI\u00d3N \",\"publisher\":{\"@id\":\"https:\/\/sinapseformacion.com\/#organization\"},\"potentialAction\":[{\"@type\":\"SearchAction\",\"target\":{\"@type\":\"EntryPoint\",\"urlTemplate\":\"https:\/\/sinapseformacion.com\/?s={search_term_string}\"},\"query-input\":{\"@type\":\"PropertyValueSpecification\",\"valueRequired\":true,\"valueName\":\"search_term_string\"}}],\"inLanguage\":\"gl-ES\"},{\"@type\":\"Organization\",\"@id\":\"https:\/\/sinapseformacion.com\/#organization\",\"name\":\"Sinapse Formaci\u00f3n\",\"url\":\"https:\/\/sinapseformacion.com\/\",\"logo\":{\"@type\":\"ImageObject\",\"inLanguage\":\"gl-ES\",\"@id\":\"https:\/\/sinapseformacion.com\/#\/schema\/logo\/image\/\",\"url\":\"https:\/\/sinapseformacion.com\/wp-content\/uploads\/2020\/02\/logo-sinapse-neurologia-formacion.png\",\"contentUrl\":\"https:\/\/sinapseformacion.com\/wp-content\/uploads\/2020\/02\/logo-sinapse-neurologia-formacion.png\",\"width\":600,\"height\":260,\"caption\":\"Sinapse Formaci\u00f3n\"},\"image\":{\"@id\":\"https:\/\/sinapseformacion.com\/#\/schema\/logo\/image\/\"},\"sameAs\":[\"https:\/\/www.facebook.com\/sinapseneuro.formacion\",\"https:\/\/x.com\/SINAPSE_Cursos\"]}]}<\/script>\n<!-- \/ Yoast SEO plugin. -->","yoast_head_json":{"title":"Programa de Reducci\u00f3n de Estr\u00e9s basado en Mindfulness (MBSR) \"PRIMERA Vez en Galicia\" &#8226; Formaci\u00f3n Sinapse","description":"Programa Reducci\u00f3n estr\u00e9s basado Mindfulness (MBSR), inspirado en el entrenamiento MBSR desarrollado por Jon Kabat-Zinn, de la Facultad de Medicina de la Univ. de Massachusetts (EEUU)","robots":{"index":"index","follow":"follow","max-snippet":"max-snippet:-1","max-image-preview":"max-image-preview:large","max-video-preview":"max-video-preview:-1"},"canonical":"https:\/\/sinapseformacion.com\/gl\/produto\/cursoplenamente\/","og_locale":"gl_ES","og_type":"article","og_title":"Programa de Reducci\u00f3n de Estr\u00e9s basado en Mindfulness (MBSR) \"PRIMERA Vez en Galicia\" &#8226; Formaci\u00f3n Sinapse","og_description":"Programa Reducci\u00f3n estr\u00e9s basado Mindfulness (MBSR), inspirado en el entrenamiento MBSR desarrollado por Jon Kabat-Zinn, de la Facultad de Medicina de la Univ. de Massachusetts (EEUU)","og_url":"https:\/\/sinapseformacion.com\/gl\/produto\/cursoplenamente\/","og_site_name":"Formaci\u00f3n Sinapse","article_publisher":"https:\/\/www.facebook.com\/sinapseneuro.formacion","article_modified_time":"2023-07-24T09:51:47+00:00","og_image":[{"width":2157,"height":570,"url":"https:\/\/sinapseformacion.com\/wp-content\/uploads\/2023\/07\/instituto-esmindfulness-02-1.jpg","type":"image\/jpeg"}],"twitter_card":"summary_large_image","twitter_site":"@SINAPSE_Cursos","schema":{"@context":"https:\/\/schema.org","@graph":[{"@type":"WebPage","@id":"https:\/\/sinapseformacion.com\/producto\/cursoplenamente\/","url":"https:\/\/sinapseformacion.com\/producto\/cursoplenamente\/","name":"Programa de Reducci\u00f3n de Estr\u00e9s basado en Mindfulness (MBSR) \"PRIMERA Vez en Galicia\" &#8226; Formaci\u00f3n Sinapse","isPartOf":{"@id":"https:\/\/sinapseformacion.com\/#website"},"primaryImageOfPage":{"@id":"https:\/\/sinapseformacion.com\/producto\/cursoplenamente\/#primaryimage"},"image":{"@id":"https:\/\/sinapseformacion.com\/producto\/cursoplenamente\/#primaryimage"},"thumbnailUrl":"https:\/\/sinapseformacion.com\/wp-content\/uploads\/2023\/07\/instituto-esmindfulness-02-1.jpg","datePublished":"2023-07-22T12:19:33+00:00","dateModified":"2023-07-24T09:51:47+00:00","description":"Programa Reducci\u00f3n estr\u00e9s basado Mindfulness (MBSR), inspirado en el entrenamiento MBSR desarrollado por Jon Kabat-Zinn, de la Facultad de Medicina de la Univ. de Massachusetts (EEUU)","breadcrumb":{"@id":"https:\/\/sinapseformacion.com\/producto\/cursoplenamente\/#breadcrumb"},"inLanguage":"gl-ES","potentialAction":[{"@type":"ReadAction","target":["https:\/\/sinapseformacion.com\/producto\/cursoplenamente\/"]}]},{"@type":"ImageObject","inLanguage":"gl-ES","@id":"https:\/\/sinapseformacion.com\/producto\/cursoplenamente\/#primaryimage","url":"https:\/\/sinapseformacion.com\/wp-content\/uploads\/2023\/07\/instituto-esmindfulness-02-1.jpg","contentUrl":"https:\/\/sinapseformacion.com\/wp-content\/uploads\/2023\/07\/instituto-esmindfulness-02-1.jpg","width":2157,"height":570},{"@type":"BreadcrumbList","@id":"https:\/\/sinapseformacion.com\/producto\/cursoplenamente\/#breadcrumb","itemListElement":[{"@type":"ListItem","position":1,"name":"Portada","item":"https:\/\/sinapseformacion.com\/"},{"@type":"ListItem","position":2,"name":"Tienda","item":"https:\/\/sinapseformacion.com\/tienda\/"},{"@type":"ListItem","position":3,"name":"Programa de Reducci\u00f3n de Estr\u00e9s basado en Mindfulness (MBSR) \u00abPRIMERA Vez en Galicia\u00bb"}]},{"@type":"WebSite","@id":"https:\/\/sinapseformacion.com\/#website","url":"https:\/\/sinapseformacion.com\/","name":"Formaci\u00f3n Sinapse","description":"SINAPSE NEUROLOG\u00cdA SL - FORMACI\u00d3N","publisher":{"@id":"https:\/\/sinapseformacion.com\/#organization"},"potentialAction":[{"@type":"SearchAction","target":{"@type":"EntryPoint","urlTemplate":"https:\/\/sinapseformacion.com\/?s={search_term_string}"},"query-input":{"@type":"PropertyValueSpecification","valueRequired":true,"valueName":"search_term_string"}}],"inLanguage":"gl-ES"},{"@type":"Organization","@id":"https:\/\/sinapseformacion.com\/#organization","name":"Sinapse Formaci\u00f3n","url":"https:\/\/sinapseformacion.com\/","logo":{"@type":"ImageObject","inLanguage":"gl-ES","@id":"https:\/\/sinapseformacion.com\/#\/schema\/logo\/image\/","url":"https:\/\/sinapseformacion.com\/wp-content\/uploads\/2020\/02\/logo-sinapse-neurologia-formacion.png","contentUrl":"https:\/\/sinapseformacion.com\/wp-content\/uploads\/2020\/02\/logo-sinapse-neurologia-formacion.png","width":600,"height":260,"caption":"Sinapse Formaci\u00f3n"},"image":{"@id":"https:\/\/sinapseformacion.com\/#\/schema\/logo\/image\/"},"sameAs":["https:\/\/www.facebook.com\/sinapseneuro.formacion","https:\/\/x.com\/SINAPSE_Cursos"]}]}},"_links":{"self":[{"href":"https:\/\/sinapseformacion.com\/gl\/wp-json\/wp\/v2\/product\/1680","targetHints":{"allow":["GET"]}}],"collection":[{"href":"https:\/\/sinapseformacion.com\/gl\/wp-json\/wp\/v2\/product"}],"about":[{"href":"https:\/\/sinapseformacion.com\/gl\/wp-json\/wp\/v2\/types\/product"}],"wp:featuredmedia":[{"embeddable":true,"href":"https:\/\/sinapseformacion.com\/gl\/wp-json\/wp\/v2\/media\/1686"}],"wp:attachment":[{"href":"https:\/\/sinapseformacion.com\/gl\/wp-json\/wp\/v2\/media?parent=1680"}],"wp:term":[{"taxonomy":"product_brand","embeddable":true,"href":"https:\/\/sinapseformacion.com\/gl\/wp-json\/wp\/v2\/product_brand?post=1680"},{"taxonomy":"product_cat","embeddable":true,"href":"https:\/\/sinapseformacion.com\/gl\/wp-json\/wp\/v2\/product_cat?post=1680"},{"taxonomy":"product_tag","embeddable":true,"href":"https:\/\/sinapseformacion.com\/gl\/wp-json\/wp\/v2\/product_tag?post=1680"}],"curies":[{"name":"wp","href":"https:\/\/api.w.org\/{rel}","templated":true}]}}