{"id":1717,"date":"2023-08-05T12:20:21","date_gmt":"2023-08-05T11:20:21","guid":{"rendered":"https:\/\/sinapseformacion.com\/?post_type=product&#038;p=1717"},"modified":"2023-08-05T12:32:11","modified_gmt":"2023-08-05T11:32:11","slug":"valoracion-y-tratamiento-de-la-atm-fisioterapia-en-la-disfuncion-craneomandibular-y-el-dolor-orofacial-3-2","status":"publish","type":"product","link":"https:\/\/sinapseformacion.com\/gl\/produto\/valoracion-y-tratamiento-de-la-atm-fisioterapia-en-la-disfuncion-craneomandibular-y-el-dolor-orofacial-3-2\/","title":{"rendered":"CURSO SEMIPRESENCIAL: Valoraci\u00f3n y tratamiento de la ATM: Disfunci\u00f3n Craneomandibular"},"content":{"rendered":"","protected":false},"excerpt":{"rendered":"","protected":false},"featured_media":420,"template":"","meta":[],"product_brand":[],"product_cat":[17],"product_tag":[],"class_list":{"0":"post-1717","1":"product","2":"type-product","3":"status-publish","4":"has-post-thumbnail","6":"product_cat-presencial","8":"first","9":"instock","10":"sold-individually","11":"shipping-taxable","12":"product-type-external"},"yoast_head":"<!-- This site is optimized with the Yoast SEO plugin v27.0 - https:\/\/yoast.com\/product\/yoast-seo-wordpress\/ -->\n<title>CURSO SEMIPRESENCIAL: Valoraci\u00f3n y tratamiento de la ATM: Disfunci\u00f3n Craneomandibular &#8226; Formaci\u00f3n Sinapse<\/title>\n<meta name=\"description\" content=\"La articulaci\u00f3n t\u00e9mporo-mandibular (ATM) constituye, sin duda alguna, la articulaci\u00f3n m\u00e1s olvidada del cuerpo humano. Esto, unido a su particular biomec\u00e1nica y a la atribuci\u00f3n exclusiva de las patolog\u00edas que la vinculan a las esferas odontol\u00f3gicas y maxilofaciales, hace que no se aprovechen los numerosos recursos de tratamiento que desde la fisioterapia se pueden ofrecer.\" \/>\n<meta name=\"robots\" content=\"index, follow, max-snippet:-1, max-image-preview:large, max-video-preview:-1\" \/>\n<link rel=\"canonical\" href=\"https:\/\/sinapseformacion.com\/gl\/produto\/valoracion-y-tratamiento-de-la-atm-fisioterapia-en-la-disfuncion-craneomandibular-y-el-dolor-orofacial-3-2\/\" \/>\n<meta property=\"og:locale\" content=\"gl_ES\" \/>\n<meta property=\"og:type\" content=\"article\" \/>\n<meta property=\"og:title\" content=\"CURSO SEMIPRESENCIAL: Valoraci\u00f3n y tratamiento de la ATM: Disfunci\u00f3n Craneomandibular &#8226; Formaci\u00f3n Sinapse\" \/>\n<meta property=\"og:description\" content=\"La articulaci\u00f3n t\u00e9mporo-mandibular (ATM) constituye, sin duda alguna, la articulaci\u00f3n m\u00e1s olvidada del cuerpo humano. Esto, unido a su particular biomec\u00e1nica y a la atribuci\u00f3n exclusiva de las patolog\u00edas que la vinculan a las esferas odontol\u00f3gicas y maxilofaciales, hace que no se aprovechen los numerosos recursos de tratamiento que desde la fisioterapia se pueden ofrecer.\" \/>\n<meta property=\"og:url\" content=\"https:\/\/sinapseformacion.com\/gl\/produto\/valoracion-y-tratamiento-de-la-atm-fisioterapia-en-la-disfuncion-craneomandibular-y-el-dolor-orofacial-3-2\/\" \/>\n<meta property=\"og:site_name\" content=\"Formaci\u00f3n Sinapse\" \/>\n<meta property=\"article:publisher\" content=\"https:\/\/www.facebook.com\/sinapseneuro.formacion\" \/>\n<meta property=\"article:modified_time\" content=\"2023-08-05T11:32:11+00:00\" \/>\n<meta property=\"og:image\" content=\"https:\/\/sinapseformacion.com\/wp-content\/uploads\/2020\/07\/atm-2.jpg\" \/>\n\t<meta property=\"og:image:width\" content=\"1024\" \/>\n\t<meta property=\"og:image:height\" content=\"680\" \/>\n\t<meta property=\"og:image:type\" content=\"image\/jpeg\" \/>\n<meta name=\"twitter:card\" content=\"summary_large_image\" \/>\n<meta name=\"twitter:site\" content=\"@SINAPSE_Cursos\" \/>\n<script type=\"application\/ld+json\" class=\"yoast-schema-graph\">{\"@context\":\"https:\/\/schema.org\",\"@graph\":[{\"@type\":\"WebPage\",\"@id\":\"https:\/\/sinapseformacion.com\/producto\/valoracion-y-tratamiento-de-la-atm-fisioterapia-en-la-disfuncion-craneomandibular-y-el-dolor-orofacial-3-2\/\",\"url\":\"https:\/\/sinapseformacion.com\/producto\/valoracion-y-tratamiento-de-la-atm-fisioterapia-en-la-disfuncion-craneomandibular-y-el-dolor-orofacial-3-2\/\",\"name\":\"CURSO SEMIPRESENCIAL: Valoraci\u00f3n y tratamiento de la ATM: Disfunci\u00f3n Craneomandibular &#8226; Formaci\u00f3n Sinapse\",\"isPartOf\":{\"@id\":\"https:\/\/sinapseformacion.com\/#website\"},\"primaryImageOfPage\":{\"@id\":\"https:\/\/sinapseformacion.com\/producto\/valoracion-y-tratamiento-de-la-atm-fisioterapia-en-la-disfuncion-craneomandibular-y-el-dolor-orofacial-3-2\/#primaryimage\"},\"image\":{\"@id\":\"https:\/\/sinapseformacion.com\/producto\/valoracion-y-tratamiento-de-la-atm-fisioterapia-en-la-disfuncion-craneomandibular-y-el-dolor-orofacial-3-2\/#primaryimage\"},\"thumbnailUrl\":\"https:\/\/sinapseformacion.com\/wp-content\/uploads\/2020\/07\/atm-2.jpg\",\"datePublished\":\"2023-08-05T11:20:21+00:00\",\"dateModified\":\"2023-08-05T11:32:11+00:00\",\"description\":\"La articulaci\u00f3n t\u00e9mporo-mandibular (ATM) constituye, sin duda alguna, la articulaci\u00f3n m\u00e1s olvidada del cuerpo humano. Esto, unido a su particular biomec\u00e1nica y a la atribuci\u00f3n exclusiva de las patolog\u00edas que la vinculan a las esferas odontol\u00f3gicas y maxilofaciales, hace que no se aprovechen los numerosos recursos de tratamiento que desde la fisioterapia se pueden ofrecer.\",\"breadcrumb\":{\"@id\":\"https:\/\/sinapseformacion.com\/producto\/valoracion-y-tratamiento-de-la-atm-fisioterapia-en-la-disfuncion-craneomandibular-y-el-dolor-orofacial-3-2\/#breadcrumb\"},\"inLanguage\":\"gl-ES\",\"potentialAction\":[{\"@type\":\"ReadAction\",\"target\":[\"https:\/\/sinapseformacion.com\/producto\/valoracion-y-tratamiento-de-la-atm-fisioterapia-en-la-disfuncion-craneomandibular-y-el-dolor-orofacial-3-2\/\"]}]},{\"@type\":\"ImageObject\",\"inLanguage\":\"gl-ES\",\"@id\":\"https:\/\/sinapseformacion.com\/producto\/valoracion-y-tratamiento-de-la-atm-fisioterapia-en-la-disfuncion-craneomandibular-y-el-dolor-orofacial-3-2\/#primaryimage\",\"url\":\"https:\/\/sinapseformacion.com\/wp-content\/uploads\/2020\/07\/atm-2.jpg\",\"contentUrl\":\"https:\/\/sinapseformacion.com\/wp-content\/uploads\/2020\/07\/atm-2.jpg\",\"width\":1024,\"height\":680},{\"@type\":\"BreadcrumbList\",\"@id\":\"https:\/\/sinapseformacion.com\/producto\/valoracion-y-tratamiento-de-la-atm-fisioterapia-en-la-disfuncion-craneomandibular-y-el-dolor-orofacial-3-2\/#breadcrumb\",\"itemListElement\":[{\"@type\":\"ListItem\",\"position\":1,\"name\":\"Portada\",\"item\":\"https:\/\/sinapseformacion.com\/\"},{\"@type\":\"ListItem\",\"position\":2,\"name\":\"Tienda\",\"item\":\"https:\/\/sinapseformacion.com\/tienda\/\"},{\"@type\":\"ListItem\",\"position\":3,\"name\":\"CURSO SEMIPRESENCIAL: Valoraci\u00f3n y tratamiento de la ATM: Disfunci\u00f3n Craneomandibular\"}]},{\"@type\":\"WebSite\",\"@id\":\"https:\/\/sinapseformacion.com\/#website\",\"url\":\"https:\/\/sinapseformacion.com\/\",\"name\":\"Formaci\u00f3n Sinapse\",\"description\":\"SINAPSE NEUROLOG\u00cdA SL - FORMACI\u00d3N \",\"publisher\":{\"@id\":\"https:\/\/sinapseformacion.com\/#organization\"},\"potentialAction\":[{\"@type\":\"SearchAction\",\"target\":{\"@type\":\"EntryPoint\",\"urlTemplate\":\"https:\/\/sinapseformacion.com\/?s={search_term_string}\"},\"query-input\":{\"@type\":\"PropertyValueSpecification\",\"valueRequired\":true,\"valueName\":\"search_term_string\"}}],\"inLanguage\":\"gl-ES\"},{\"@type\":\"Organization\",\"@id\":\"https:\/\/sinapseformacion.com\/#organization\",\"name\":\"Sinapse Formaci\u00f3n\",\"url\":\"https:\/\/sinapseformacion.com\/\",\"logo\":{\"@type\":\"ImageObject\",\"inLanguage\":\"gl-ES\",\"@id\":\"https:\/\/sinapseformacion.com\/#\/schema\/logo\/image\/\",\"url\":\"https:\/\/sinapseformacion.com\/wp-content\/uploads\/2020\/02\/logo-sinapse-neurologia-formacion.png\",\"contentUrl\":\"https:\/\/sinapseformacion.com\/wp-content\/uploads\/2020\/02\/logo-sinapse-neurologia-formacion.png\",\"width\":600,\"height\":260,\"caption\":\"Sinapse Formaci\u00f3n\"},\"image\":{\"@id\":\"https:\/\/sinapseformacion.com\/#\/schema\/logo\/image\/\"},\"sameAs\":[\"https:\/\/www.facebook.com\/sinapseneuro.formacion\",\"https:\/\/x.com\/SINAPSE_Cursos\"]}]}<\/script>\n<!-- \/ Yoast SEO plugin. -->","yoast_head_json":{"title":"CURSO SEMIPRESENCIAL: Valoraci\u00f3n y tratamiento de la ATM: Disfunci\u00f3n Craneomandibular &#8226; Formaci\u00f3n Sinapse","description":"La articulaci\u00f3n t\u00e9mporo-mandibular (ATM) constituye, sin duda alguna, la articulaci\u00f3n m\u00e1s olvidada del cuerpo humano. Esto, unido a su particular biomec\u00e1nica y a la atribuci\u00f3n exclusiva de las patolog\u00edas que la vinculan a las esferas odontol\u00f3gicas y maxilofaciales, hace que no se aprovechen los numerosos recursos de tratamiento que desde la fisioterapia se pueden ofrecer.","robots":{"index":"index","follow":"follow","max-snippet":"max-snippet:-1","max-image-preview":"max-image-preview:large","max-video-preview":"max-video-preview:-1"},"canonical":"https:\/\/sinapseformacion.com\/gl\/produto\/valoracion-y-tratamiento-de-la-atm-fisioterapia-en-la-disfuncion-craneomandibular-y-el-dolor-orofacial-3-2\/","og_locale":"gl_ES","og_type":"article","og_title":"CURSO SEMIPRESENCIAL: Valoraci\u00f3n y tratamiento de la ATM: Disfunci\u00f3n Craneomandibular &#8226; Formaci\u00f3n Sinapse","og_description":"La articulaci\u00f3n t\u00e9mporo-mandibular (ATM) constituye, sin duda alguna, la articulaci\u00f3n m\u00e1s olvidada del cuerpo humano. Esto, unido a su particular biomec\u00e1nica y a la atribuci\u00f3n exclusiva de las patolog\u00edas que la vinculan a las esferas odontol\u00f3gicas y maxilofaciales, hace que no se aprovechen los numerosos recursos de tratamiento que desde la fisioterapia se pueden ofrecer.","og_url":"https:\/\/sinapseformacion.com\/gl\/produto\/valoracion-y-tratamiento-de-la-atm-fisioterapia-en-la-disfuncion-craneomandibular-y-el-dolor-orofacial-3-2\/","og_site_name":"Formaci\u00f3n Sinapse","article_publisher":"https:\/\/www.facebook.com\/sinapseneuro.formacion","article_modified_time":"2023-08-05T11:32:11+00:00","og_image":[{"width":1024,"height":680,"url":"https:\/\/sinapseformacion.com\/wp-content\/uploads\/2020\/07\/atm-2.jpg","type":"image\/jpeg"}],"twitter_card":"summary_large_image","twitter_site":"@SINAPSE_Cursos","schema":{"@context":"https:\/\/schema.org","@graph":[{"@type":"WebPage","@id":"https:\/\/sinapseformacion.com\/producto\/valoracion-y-tratamiento-de-la-atm-fisioterapia-en-la-disfuncion-craneomandibular-y-el-dolor-orofacial-3-2\/","url":"https:\/\/sinapseformacion.com\/producto\/valoracion-y-tratamiento-de-la-atm-fisioterapia-en-la-disfuncion-craneomandibular-y-el-dolor-orofacial-3-2\/","name":"CURSO SEMIPRESENCIAL: Valoraci\u00f3n y tratamiento de la ATM: Disfunci\u00f3n Craneomandibular &#8226; Formaci\u00f3n Sinapse","isPartOf":{"@id":"https:\/\/sinapseformacion.com\/#website"},"primaryImageOfPage":{"@id":"https:\/\/sinapseformacion.com\/producto\/valoracion-y-tratamiento-de-la-atm-fisioterapia-en-la-disfuncion-craneomandibular-y-el-dolor-orofacial-3-2\/#primaryimage"},"image":{"@id":"https:\/\/sinapseformacion.com\/producto\/valoracion-y-tratamiento-de-la-atm-fisioterapia-en-la-disfuncion-craneomandibular-y-el-dolor-orofacial-3-2\/#primaryimage"},"thumbnailUrl":"https:\/\/sinapseformacion.com\/wp-content\/uploads\/2020\/07\/atm-2.jpg","datePublished":"2023-08-05T11:20:21+00:00","dateModified":"2023-08-05T11:32:11+00:00","description":"La articulaci\u00f3n t\u00e9mporo-mandibular (ATM) constituye, sin duda alguna, la articulaci\u00f3n m\u00e1s olvidada del cuerpo humano. Esto, unido a su particular biomec\u00e1nica y a la atribuci\u00f3n exclusiva de las patolog\u00edas que la vinculan a las esferas odontol\u00f3gicas y maxilofaciales, hace que no se aprovechen los numerosos recursos de tratamiento que desde la fisioterapia se pueden ofrecer.","breadcrumb":{"@id":"https:\/\/sinapseformacion.com\/producto\/valoracion-y-tratamiento-de-la-atm-fisioterapia-en-la-disfuncion-craneomandibular-y-el-dolor-orofacial-3-2\/#breadcrumb"},"inLanguage":"gl-ES","potentialAction":[{"@type":"ReadAction","target":["https:\/\/sinapseformacion.com\/producto\/valoracion-y-tratamiento-de-la-atm-fisioterapia-en-la-disfuncion-craneomandibular-y-el-dolor-orofacial-3-2\/"]}]},{"@type":"ImageObject","inLanguage":"gl-ES","@id":"https:\/\/sinapseformacion.com\/producto\/valoracion-y-tratamiento-de-la-atm-fisioterapia-en-la-disfuncion-craneomandibular-y-el-dolor-orofacial-3-2\/#primaryimage","url":"https:\/\/sinapseformacion.com\/wp-content\/uploads\/2020\/07\/atm-2.jpg","contentUrl":"https:\/\/sinapseformacion.com\/wp-content\/uploads\/2020\/07\/atm-2.jpg","width":1024,"height":680},{"@type":"BreadcrumbList","@id":"https:\/\/sinapseformacion.com\/producto\/valoracion-y-tratamiento-de-la-atm-fisioterapia-en-la-disfuncion-craneomandibular-y-el-dolor-orofacial-3-2\/#breadcrumb","itemListElement":[{"@type":"ListItem","position":1,"name":"Portada","item":"https:\/\/sinapseformacion.com\/"},{"@type":"ListItem","position":2,"name":"Tienda","item":"https:\/\/sinapseformacion.com\/tienda\/"},{"@type":"ListItem","position":3,"name":"CURSO SEMIPRESENCIAL: Valoraci\u00f3n y tratamiento de la ATM: Disfunci\u00f3n Craneomandibular"}]},{"@type":"WebSite","@id":"https:\/\/sinapseformacion.com\/#website","url":"https:\/\/sinapseformacion.com\/","name":"Formaci\u00f3n Sinapse","description":"SINAPSE NEUROLOG\u00cdA SL - FORMACI\u00d3N","publisher":{"@id":"https:\/\/sinapseformacion.com\/#organization"},"potentialAction":[{"@type":"SearchAction","target":{"@type":"EntryPoint","urlTemplate":"https:\/\/sinapseformacion.com\/?s={search_term_string}"},"query-input":{"@type":"PropertyValueSpecification","valueRequired":true,"valueName":"search_term_string"}}],"inLanguage":"gl-ES"},{"@type":"Organization","@id":"https:\/\/sinapseformacion.com\/#organization","name":"Sinapse Formaci\u00f3n","url":"https:\/\/sinapseformacion.com\/","logo":{"@type":"ImageObject","inLanguage":"gl-ES","@id":"https:\/\/sinapseformacion.com\/#\/schema\/logo\/image\/","url":"https:\/\/sinapseformacion.com\/wp-content\/uploads\/2020\/02\/logo-sinapse-neurologia-formacion.png","contentUrl":"https:\/\/sinapseformacion.com\/wp-content\/uploads\/2020\/02\/logo-sinapse-neurologia-formacion.png","width":600,"height":260,"caption":"Sinapse Formaci\u00f3n"},"image":{"@id":"https:\/\/sinapseformacion.com\/#\/schema\/logo\/image\/"},"sameAs":["https:\/\/www.facebook.com\/sinapseneuro.formacion","https:\/\/x.com\/SINAPSE_Cursos"]}]}},"_links":{"self":[{"href":"https:\/\/sinapseformacion.com\/gl\/wp-json\/wp\/v2\/product\/1717","targetHints":{"allow":["GET"]}}],"collection":[{"href":"https:\/\/sinapseformacion.com\/gl\/wp-json\/wp\/v2\/product"}],"about":[{"href":"https:\/\/sinapseformacion.com\/gl\/wp-json\/wp\/v2\/types\/product"}],"wp:featuredmedia":[{"embeddable":true,"href":"https:\/\/sinapseformacion.com\/gl\/wp-json\/wp\/v2\/media\/420"}],"wp:attachment":[{"href":"https:\/\/sinapseformacion.com\/gl\/wp-json\/wp\/v2\/media?parent=1717"}],"wp:term":[{"taxonomy":"product_brand","embeddable":true,"href":"https:\/\/sinapseformacion.com\/gl\/wp-json\/wp\/v2\/product_brand?post=1717"},{"taxonomy":"product_cat","embeddable":true,"href":"https:\/\/sinapseformacion.com\/gl\/wp-json\/wp\/v2\/product_cat?post=1717"},{"taxonomy":"product_tag","embeddable":true,"href":"https:\/\/sinapseformacion.com\/gl\/wp-json\/wp\/v2\/product_tag?post=1717"}],"curies":[{"name":"wp","href":"https:\/\/api.w.org\/{rel}","templated":true}]}}