{"id":1936,"date":"2025-02-12T12:22:31","date_gmt":"2025-02-12T11:22:31","guid":{"rendered":"https:\/\/sinapseformacion.com\/?post_type=product&#038;p=1936"},"modified":"2025-04-21T00:01:54","modified_gmt":"2025-04-20T23:01:54","slug":"biomecanica-y-funcionalidad-en-el-paciente-neurologico","status":"publish","type":"product","link":"https:\/\/sinapseformacion.com\/gl\/produto\/biomecanica-y-funcionalidad-en-el-paciente-neurologico\/","title":{"rendered":"Biomec\u00e1nica y funcionalidad en el paciente neurol\u00f3gico"},"content":{"rendered":"","protected":false},"excerpt":{"rendered":"","protected":false},"featured_media":1935,"template":"","meta":[],"product_brand":[],"product_cat":[17],"product_tag":[],"class_list":{"0":"post-1936","1":"product","2":"type-product","3":"status-publish","4":"has-post-thumbnail","6":"product_cat-presencial","8":"first","9":"instock","10":"sold-individually","11":"shipping-taxable","12":"purchasable","13":"product-type-simple"},"yoast_head":"<!-- This site is optimized with the Yoast SEO plugin v27.0 - https:\/\/yoast.com\/product\/yoast-seo-wordpress\/ -->\n<title>Biomec\u00e1nica y funcionalidad en el paciente neurol\u00f3gico &#8226; Formaci\u00f3n Sinapse<\/title>\n<meta name=\"description\" content=\"La biomec\u00e1nica y la funcionalidad de un paciente neurol\u00f3gico precisa ser conocida y valorada tanto por fisioterapeutas como terapeutas ocupacionales. Es b\u00e1sico y fundamental conocer el funcionamiento de los miembros afectados y como estos d\u00e9ficits van a limitar y alterar la ejecuci\u00f3n de las actividades b\u00e1sicas de la vida diaria que desarrolla la persona. Si los profesionales que se encargan de la rehabilitaci\u00f3n de personas con da\u00f1o neurol\u00f3gico no profundizan en este tipo de conocimiento no van a poder aplicar una intervenci\u00f3n dirigida a mejorar y aumentar la funcionalidad del paciente. Si no somos capaces de ver la base que limita esos movimientos no podremos hacer un razonamiento cl\u00ednico dirigido al \u00e9xito de la intervenci\u00f3n. Es importante que el razonamiento utilizado en la valoraci\u00f3n y tratamiento de pacientes con patolog\u00eda neurol\u00f3gica incluya las limitaciones estructurales como una hip\u00f3tesis m\u00e1s de la p\u00e9rdida de funcionalidad y autonom\u00eda en las ABVD, independientemente del origen de la lesi\u00f3n. La inmovilidad asociada a los cuadros cl\u00ednicos de las patolog\u00edas centrales, es un factor contribuyente en las restricciones tisulares que observamos desde las fases agudas lo que condicionar\u00e1 el control motor del individuo. Para mejorar estas condiciones distr\u00f3ficas, es importante una valoraci\u00f3n anal\u00edtica de las estructuras perif\u00e9ricas implicadas en cada funci\u00f3n determinada, que permita identificar el problema principal de cada persona en base a su patolog\u00eda y momento de la misma.\" \/>\n<meta name=\"robots\" content=\"index, follow, max-snippet:-1, max-image-preview:large, max-video-preview:-1\" \/>\n<link rel=\"canonical\" href=\"https:\/\/sinapseformacion.com\/gl\/produto\/biomecanica-y-funcionalidad-en-el-paciente-neurologico\/\" \/>\n<meta property=\"og:locale\" content=\"gl_ES\" \/>\n<meta property=\"og:type\" content=\"article\" \/>\n<meta property=\"og:title\" content=\"Biomec\u00e1nica y funcionalidad en el paciente neurol\u00f3gico &#8226; Formaci\u00f3n Sinapse\" \/>\n<meta property=\"og:description\" content=\"La biomec\u00e1nica y la funcionalidad de un paciente neurol\u00f3gico precisa ser conocida y valorada tanto por fisioterapeutas como terapeutas ocupacionales. Es b\u00e1sico y fundamental conocer el funcionamiento de los miembros afectados y como estos d\u00e9ficits van a limitar y alterar la ejecuci\u00f3n de las actividades b\u00e1sicas de la vida diaria que desarrolla la persona. Si los profesionales que se encargan de la rehabilitaci\u00f3n de personas con da\u00f1o neurol\u00f3gico no profundizan en este tipo de conocimiento no van a poder aplicar una intervenci\u00f3n dirigida a mejorar y aumentar la funcionalidad del paciente. Si no somos capaces de ver la base que limita esos movimientos no podremos hacer un razonamiento cl\u00ednico dirigido al \u00e9xito de la intervenci\u00f3n. Es importante que el razonamiento utilizado en la valoraci\u00f3n y tratamiento de pacientes con patolog\u00eda neurol\u00f3gica incluya las limitaciones estructurales como una hip\u00f3tesis m\u00e1s de la p\u00e9rdida de funcionalidad y autonom\u00eda en las ABVD, independientemente del origen de la lesi\u00f3n. La inmovilidad asociada a los cuadros cl\u00ednicos de las patolog\u00edas centrales, es un factor contribuyente en las restricciones tisulares que observamos desde las fases agudas lo que condicionar\u00e1 el control motor del individuo. Para mejorar estas condiciones distr\u00f3ficas, es importante una valoraci\u00f3n anal\u00edtica de las estructuras perif\u00e9ricas implicadas en cada funci\u00f3n determinada, que permita identificar el problema principal de cada persona en base a su patolog\u00eda y momento de la misma.\" \/>\n<meta property=\"og:url\" content=\"https:\/\/sinapseformacion.com\/gl\/produto\/biomecanica-y-funcionalidad-en-el-paciente-neurologico\/\" \/>\n<meta property=\"og:site_name\" content=\"Formaci\u00f3n Sinapse\" \/>\n<meta property=\"article:publisher\" content=\"https:\/\/www.facebook.com\/sinapseneuro.formacion\" \/>\n<meta property=\"article:modified_time\" content=\"2025-04-20T23:01:54+00:00\" \/>\n<meta property=\"og:image\" content=\"https:\/\/sinapseformacion.com\/wp-content\/uploads\/2025\/02\/imagen-de-whatsapp-2025-02-12-a-las-11.35.19_afc0672f.jpg\" \/>\n\t<meta property=\"og:image:width\" content=\"1024\" \/>\n\t<meta property=\"og:image:height\" content=\"1024\" \/>\n\t<meta property=\"og:image:type\" content=\"image\/jpeg\" \/>\n<meta name=\"twitter:card\" content=\"summary_large_image\" \/>\n<meta name=\"twitter:site\" content=\"@SINAPSE_Cursos\" \/>\n<script type=\"application\/ld+json\" class=\"yoast-schema-graph\">{\"@context\":\"https:\/\/schema.org\",\"@graph\":[{\"@type\":\"WebPage\",\"@id\":\"https:\/\/sinapseformacion.com\/producto\/biomecanica-y-funcionalidad-en-el-paciente-neurologico\/\",\"url\":\"https:\/\/sinapseformacion.com\/producto\/biomecanica-y-funcionalidad-en-el-paciente-neurologico\/\",\"name\":\"Biomec\u00e1nica y funcionalidad en el paciente neurol\u00f3gico &#8226; Formaci\u00f3n Sinapse\",\"isPartOf\":{\"@id\":\"https:\/\/sinapseformacion.com\/#website\"},\"primaryImageOfPage\":{\"@id\":\"https:\/\/sinapseformacion.com\/producto\/biomecanica-y-funcionalidad-en-el-paciente-neurologico\/#primaryimage\"},\"image\":{\"@id\":\"https:\/\/sinapseformacion.com\/producto\/biomecanica-y-funcionalidad-en-el-paciente-neurologico\/#primaryimage\"},\"thumbnailUrl\":\"https:\/\/sinapseformacion.com\/wp-content\/uploads\/2025\/02\/imagen-de-whatsapp-2025-02-12-a-las-11.35.19_afc0672f.jpg\",\"datePublished\":\"2025-02-12T11:22:31+00:00\",\"dateModified\":\"2025-04-20T23:01:54+00:00\",\"description\":\"La biomec\u00e1nica y la funcionalidad de un paciente neurol\u00f3gico precisa ser conocida y valorada tanto por fisioterapeutas como terapeutas ocupacionales. Es b\u00e1sico y fundamental conocer el funcionamiento de los miembros afectados y como estos d\u00e9ficits van a limitar y alterar la ejecuci\u00f3n de las actividades b\u00e1sicas de la vida diaria que desarrolla la persona. Si los profesionales que se encargan de la rehabilitaci\u00f3n de personas con da\u00f1o neurol\u00f3gico no profundizan en este tipo de conocimiento no van a poder aplicar una intervenci\u00f3n dirigida a mejorar y aumentar la funcionalidad del paciente. Si no somos capaces de ver la base que limita esos movimientos no podremos hacer un razonamiento cl\u00ednico dirigido al \u00e9xito de la intervenci\u00f3n. Es importante que el razonamiento utilizado en la valoraci\u00f3n y tratamiento de pacientes con patolog\u00eda neurol\u00f3gica incluya las limitaciones estructurales como una hip\u00f3tesis m\u00e1s de la p\u00e9rdida de funcionalidad y autonom\u00eda en las ABVD, independientemente del origen de la lesi\u00f3n. La inmovilidad asociada a los cuadros cl\u00ednicos de las patolog\u00edas centrales, es un factor contribuyente en las restricciones tisulares que observamos desde las fases agudas lo que condicionar\u00e1 el control motor del individuo. Para mejorar estas condiciones distr\u00f3ficas, es importante una valoraci\u00f3n anal\u00edtica de las estructuras perif\u00e9ricas implicadas en cada funci\u00f3n determinada, que permita identificar el problema principal de cada persona en base a su patolog\u00eda y momento de la misma.\",\"breadcrumb\":{\"@id\":\"https:\/\/sinapseformacion.com\/producto\/biomecanica-y-funcionalidad-en-el-paciente-neurologico\/#breadcrumb\"},\"inLanguage\":\"gl-ES\",\"potentialAction\":[{\"@type\":\"ReadAction\",\"target\":[\"https:\/\/sinapseformacion.com\/producto\/biomecanica-y-funcionalidad-en-el-paciente-neurologico\/\"]}]},{\"@type\":\"ImageObject\",\"inLanguage\":\"gl-ES\",\"@id\":\"https:\/\/sinapseformacion.com\/producto\/biomecanica-y-funcionalidad-en-el-paciente-neurologico\/#primaryimage\",\"url\":\"https:\/\/sinapseformacion.com\/wp-content\/uploads\/2025\/02\/imagen-de-whatsapp-2025-02-12-a-las-11.35.19_afc0672f.jpg\",\"contentUrl\":\"https:\/\/sinapseformacion.com\/wp-content\/uploads\/2025\/02\/imagen-de-whatsapp-2025-02-12-a-las-11.35.19_afc0672f.jpg\",\"width\":1024,\"height\":1024},{\"@type\":\"BreadcrumbList\",\"@id\":\"https:\/\/sinapseformacion.com\/producto\/biomecanica-y-funcionalidad-en-el-paciente-neurologico\/#breadcrumb\",\"itemListElement\":[{\"@type\":\"ListItem\",\"position\":1,\"name\":\"Portada\",\"item\":\"https:\/\/sinapseformacion.com\/\"},{\"@type\":\"ListItem\",\"position\":2,\"name\":\"Tienda\",\"item\":\"https:\/\/sinapseformacion.com\/tienda\/\"},{\"@type\":\"ListItem\",\"position\":3,\"name\":\"Biomec\u00e1nica y funcionalidad en el paciente neurol\u00f3gico\"}]},{\"@type\":\"WebSite\",\"@id\":\"https:\/\/sinapseformacion.com\/#website\",\"url\":\"https:\/\/sinapseformacion.com\/\",\"name\":\"Formaci\u00f3n Sinapse\",\"description\":\"SINAPSE NEUROLOG\u00cdA SL - FORMACI\u00d3N \",\"publisher\":{\"@id\":\"https:\/\/sinapseformacion.com\/#organization\"},\"potentialAction\":[{\"@type\":\"SearchAction\",\"target\":{\"@type\":\"EntryPoint\",\"urlTemplate\":\"https:\/\/sinapseformacion.com\/?s={search_term_string}\"},\"query-input\":{\"@type\":\"PropertyValueSpecification\",\"valueRequired\":true,\"valueName\":\"search_term_string\"}}],\"inLanguage\":\"gl-ES\"},{\"@type\":\"Organization\",\"@id\":\"https:\/\/sinapseformacion.com\/#organization\",\"name\":\"Sinapse Formaci\u00f3n\",\"url\":\"https:\/\/sinapseformacion.com\/\",\"logo\":{\"@type\":\"ImageObject\",\"inLanguage\":\"gl-ES\",\"@id\":\"https:\/\/sinapseformacion.com\/#\/schema\/logo\/image\/\",\"url\":\"https:\/\/sinapseformacion.com\/wp-content\/uploads\/2020\/02\/logo-sinapse-neurologia-formacion.png\",\"contentUrl\":\"https:\/\/sinapseformacion.com\/wp-content\/uploads\/2020\/02\/logo-sinapse-neurologia-formacion.png\",\"width\":600,\"height\":260,\"caption\":\"Sinapse Formaci\u00f3n\"},\"image\":{\"@id\":\"https:\/\/sinapseformacion.com\/#\/schema\/logo\/image\/\"},\"sameAs\":[\"https:\/\/www.facebook.com\/sinapseneuro.formacion\",\"https:\/\/x.com\/SINAPSE_Cursos\"]}]}<\/script>\n<!-- \/ Yoast SEO plugin. -->","yoast_head_json":{"title":"Biomec\u00e1nica y funcionalidad en el paciente neurol\u00f3gico &#8226; Formaci\u00f3n Sinapse","description":"La biomec\u00e1nica y la funcionalidad de un paciente neurol\u00f3gico precisa ser conocida y valorada tanto por fisioterapeutas como terapeutas ocupacionales. Es b\u00e1sico y fundamental conocer el funcionamiento de los miembros afectados y como estos d\u00e9ficits van a limitar y alterar la ejecuci\u00f3n de las actividades b\u00e1sicas de la vida diaria que desarrolla la persona. Si los profesionales que se encargan de la rehabilitaci\u00f3n de personas con da\u00f1o neurol\u00f3gico no profundizan en este tipo de conocimiento no van a poder aplicar una intervenci\u00f3n dirigida a mejorar y aumentar la funcionalidad del paciente. Si no somos capaces de ver la base que limita esos movimientos no podremos hacer un razonamiento cl\u00ednico dirigido al \u00e9xito de la intervenci\u00f3n. Es importante que el razonamiento utilizado en la valoraci\u00f3n y tratamiento de pacientes con patolog\u00eda neurol\u00f3gica incluya las limitaciones estructurales como una hip\u00f3tesis m\u00e1s de la p\u00e9rdida de funcionalidad y autonom\u00eda en las ABVD, independientemente del origen de la lesi\u00f3n. La inmovilidad asociada a los cuadros cl\u00ednicos de las patolog\u00edas centrales, es un factor contribuyente en las restricciones tisulares que observamos desde las fases agudas lo que condicionar\u00e1 el control motor del individuo. Para mejorar estas condiciones distr\u00f3ficas, es importante una valoraci\u00f3n anal\u00edtica de las estructuras perif\u00e9ricas implicadas en cada funci\u00f3n determinada, que permita identificar el problema principal de cada persona en base a su patolog\u00eda y momento de la misma.","robots":{"index":"index","follow":"follow","max-snippet":"max-snippet:-1","max-image-preview":"max-image-preview:large","max-video-preview":"max-video-preview:-1"},"canonical":"https:\/\/sinapseformacion.com\/gl\/produto\/biomecanica-y-funcionalidad-en-el-paciente-neurologico\/","og_locale":"gl_ES","og_type":"article","og_title":"Biomec\u00e1nica y funcionalidad en el paciente neurol\u00f3gico &#8226; Formaci\u00f3n Sinapse","og_description":"La biomec\u00e1nica y la funcionalidad de un paciente neurol\u00f3gico precisa ser conocida y valorada tanto por fisioterapeutas como terapeutas ocupacionales. Es b\u00e1sico y fundamental conocer el funcionamiento de los miembros afectados y como estos d\u00e9ficits van a limitar y alterar la ejecuci\u00f3n de las actividades b\u00e1sicas de la vida diaria que desarrolla la persona. Si los profesionales que se encargan de la rehabilitaci\u00f3n de personas con da\u00f1o neurol\u00f3gico no profundizan en este tipo de conocimiento no van a poder aplicar una intervenci\u00f3n dirigida a mejorar y aumentar la funcionalidad del paciente. Si no somos capaces de ver la base que limita esos movimientos no podremos hacer un razonamiento cl\u00ednico dirigido al \u00e9xito de la intervenci\u00f3n. Es importante que el razonamiento utilizado en la valoraci\u00f3n y tratamiento de pacientes con patolog\u00eda neurol\u00f3gica incluya las limitaciones estructurales como una hip\u00f3tesis m\u00e1s de la p\u00e9rdida de funcionalidad y autonom\u00eda en las ABVD, independientemente del origen de la lesi\u00f3n. La inmovilidad asociada a los cuadros cl\u00ednicos de las patolog\u00edas centrales, es un factor contribuyente en las restricciones tisulares que observamos desde las fases agudas lo que condicionar\u00e1 el control motor del individuo. Para mejorar estas condiciones distr\u00f3ficas, es importante una valoraci\u00f3n anal\u00edtica de las estructuras perif\u00e9ricas implicadas en cada funci\u00f3n determinada, que permita identificar el problema principal de cada persona en base a su patolog\u00eda y momento de la misma.","og_url":"https:\/\/sinapseformacion.com\/gl\/produto\/biomecanica-y-funcionalidad-en-el-paciente-neurologico\/","og_site_name":"Formaci\u00f3n Sinapse","article_publisher":"https:\/\/www.facebook.com\/sinapseneuro.formacion","article_modified_time":"2025-04-20T23:01:54+00:00","og_image":[{"width":1024,"height":1024,"url":"https:\/\/sinapseformacion.com\/wp-content\/uploads\/2025\/02\/imagen-de-whatsapp-2025-02-12-a-las-11.35.19_afc0672f.jpg","type":"image\/jpeg"}],"twitter_card":"summary_large_image","twitter_site":"@SINAPSE_Cursos","schema":{"@context":"https:\/\/schema.org","@graph":[{"@type":"WebPage","@id":"https:\/\/sinapseformacion.com\/producto\/biomecanica-y-funcionalidad-en-el-paciente-neurologico\/","url":"https:\/\/sinapseformacion.com\/producto\/biomecanica-y-funcionalidad-en-el-paciente-neurologico\/","name":"Biomec\u00e1nica y funcionalidad en el paciente neurol\u00f3gico &#8226; Formaci\u00f3n Sinapse","isPartOf":{"@id":"https:\/\/sinapseformacion.com\/#website"},"primaryImageOfPage":{"@id":"https:\/\/sinapseformacion.com\/producto\/biomecanica-y-funcionalidad-en-el-paciente-neurologico\/#primaryimage"},"image":{"@id":"https:\/\/sinapseformacion.com\/producto\/biomecanica-y-funcionalidad-en-el-paciente-neurologico\/#primaryimage"},"thumbnailUrl":"https:\/\/sinapseformacion.com\/wp-content\/uploads\/2025\/02\/imagen-de-whatsapp-2025-02-12-a-las-11.35.19_afc0672f.jpg","datePublished":"2025-02-12T11:22:31+00:00","dateModified":"2025-04-20T23:01:54+00:00","description":"La biomec\u00e1nica y la funcionalidad de un paciente neurol\u00f3gico precisa ser conocida y valorada tanto por fisioterapeutas como terapeutas ocupacionales. Es b\u00e1sico y fundamental conocer el funcionamiento de los miembros afectados y como estos d\u00e9ficits van a limitar y alterar la ejecuci\u00f3n de las actividades b\u00e1sicas de la vida diaria que desarrolla la persona. Si los profesionales que se encargan de la rehabilitaci\u00f3n de personas con da\u00f1o neurol\u00f3gico no profundizan en este tipo de conocimiento no van a poder aplicar una intervenci\u00f3n dirigida a mejorar y aumentar la funcionalidad del paciente. Si no somos capaces de ver la base que limita esos movimientos no podremos hacer un razonamiento cl\u00ednico dirigido al \u00e9xito de la intervenci\u00f3n. Es importante que el razonamiento utilizado en la valoraci\u00f3n y tratamiento de pacientes con patolog\u00eda neurol\u00f3gica incluya las limitaciones estructurales como una hip\u00f3tesis m\u00e1s de la p\u00e9rdida de funcionalidad y autonom\u00eda en las ABVD, independientemente del origen de la lesi\u00f3n. La inmovilidad asociada a los cuadros cl\u00ednicos de las patolog\u00edas centrales, es un factor contribuyente en las restricciones tisulares que observamos desde las fases agudas lo que condicionar\u00e1 el control motor del individuo. Para mejorar estas condiciones distr\u00f3ficas, es importante una valoraci\u00f3n anal\u00edtica de las estructuras perif\u00e9ricas implicadas en cada funci\u00f3n determinada, que permita identificar el problema principal de cada persona en base a su patolog\u00eda y momento de la misma.","breadcrumb":{"@id":"https:\/\/sinapseformacion.com\/producto\/biomecanica-y-funcionalidad-en-el-paciente-neurologico\/#breadcrumb"},"inLanguage":"gl-ES","potentialAction":[{"@type":"ReadAction","target":["https:\/\/sinapseformacion.com\/producto\/biomecanica-y-funcionalidad-en-el-paciente-neurologico\/"]}]},{"@type":"ImageObject","inLanguage":"gl-ES","@id":"https:\/\/sinapseformacion.com\/producto\/biomecanica-y-funcionalidad-en-el-paciente-neurologico\/#primaryimage","url":"https:\/\/sinapseformacion.com\/wp-content\/uploads\/2025\/02\/imagen-de-whatsapp-2025-02-12-a-las-11.35.19_afc0672f.jpg","contentUrl":"https:\/\/sinapseformacion.com\/wp-content\/uploads\/2025\/02\/imagen-de-whatsapp-2025-02-12-a-las-11.35.19_afc0672f.jpg","width":1024,"height":1024},{"@type":"BreadcrumbList","@id":"https:\/\/sinapseformacion.com\/producto\/biomecanica-y-funcionalidad-en-el-paciente-neurologico\/#breadcrumb","itemListElement":[{"@type":"ListItem","position":1,"name":"Portada","item":"https:\/\/sinapseformacion.com\/"},{"@type":"ListItem","position":2,"name":"Tienda","item":"https:\/\/sinapseformacion.com\/tienda\/"},{"@type":"ListItem","position":3,"name":"Biomec\u00e1nica y funcionalidad en el paciente neurol\u00f3gico"}]},{"@type":"WebSite","@id":"https:\/\/sinapseformacion.com\/#website","url":"https:\/\/sinapseformacion.com\/","name":"Formaci\u00f3n Sinapse","description":"SINAPSE NEUROLOG\u00cdA SL - FORMACI\u00d3N","publisher":{"@id":"https:\/\/sinapseformacion.com\/#organization"},"potentialAction":[{"@type":"SearchAction","target":{"@type":"EntryPoint","urlTemplate":"https:\/\/sinapseformacion.com\/?s={search_term_string}"},"query-input":{"@type":"PropertyValueSpecification","valueRequired":true,"valueName":"search_term_string"}}],"inLanguage":"gl-ES"},{"@type":"Organization","@id":"https:\/\/sinapseformacion.com\/#organization","name":"Sinapse Formaci\u00f3n","url":"https:\/\/sinapseformacion.com\/","logo":{"@type":"ImageObject","inLanguage":"gl-ES","@id":"https:\/\/sinapseformacion.com\/#\/schema\/logo\/image\/","url":"https:\/\/sinapseformacion.com\/wp-content\/uploads\/2020\/02\/logo-sinapse-neurologia-formacion.png","contentUrl":"https:\/\/sinapseformacion.com\/wp-content\/uploads\/2020\/02\/logo-sinapse-neurologia-formacion.png","width":600,"height":260,"caption":"Sinapse Formaci\u00f3n"},"image":{"@id":"https:\/\/sinapseformacion.com\/#\/schema\/logo\/image\/"},"sameAs":["https:\/\/www.facebook.com\/sinapseneuro.formacion","https:\/\/x.com\/SINAPSE_Cursos"]}]}},"_links":{"self":[{"href":"https:\/\/sinapseformacion.com\/gl\/wp-json\/wp\/v2\/product\/1936","targetHints":{"allow":["GET"]}}],"collection":[{"href":"https:\/\/sinapseformacion.com\/gl\/wp-json\/wp\/v2\/product"}],"about":[{"href":"https:\/\/sinapseformacion.com\/gl\/wp-json\/wp\/v2\/types\/product"}],"wp:featuredmedia":[{"embeddable":true,"href":"https:\/\/sinapseformacion.com\/gl\/wp-json\/wp\/v2\/media\/1935"}],"wp:attachment":[{"href":"https:\/\/sinapseformacion.com\/gl\/wp-json\/wp\/v2\/media?parent=1936"}],"wp:term":[{"taxonomy":"product_brand","embeddable":true,"href":"https:\/\/sinapseformacion.com\/gl\/wp-json\/wp\/v2\/product_brand?post=1936"},{"taxonomy":"product_cat","embeddable":true,"href":"https:\/\/sinapseformacion.com\/gl\/wp-json\/wp\/v2\/product_cat?post=1936"},{"taxonomy":"product_tag","embeddable":true,"href":"https:\/\/sinapseformacion.com\/gl\/wp-json\/wp\/v2\/product_tag?post=1936"}],"curies":[{"name":"wp","href":"https:\/\/api.w.org\/{rel}","templated":true}]}}