{"id":258,"date":"2020-06-15T18:44:33","date_gmt":"2020-06-15T17:44:33","guid":{"rendered":"https:\/\/sinapseformacion.com\/?post_type=product&#038;p=258"},"modified":"2023-03-16T18:48:26","modified_gmt":"2023-03-16T17:48:26","slug":"certificacion-internacional-integracion-sensorial-universidad-sur-california","status":"publish","type":"product","link":"https:\/\/sinapseformacion.com\/gl\/produto\/certificacion-internacional-integracion-sensorial-universidad-sur-california\/","title":{"rendered":"Certificaci\u00f3n Internacional en Integraci\u00f3n Sensorial pola Universidade do Sur de California (USC)"},"content":{"rendered":"","protected":false},"excerpt":{"rendered":"","protected":false},"featured_media":727,"template":"","meta":[],"product_brand":[],"product_cat":[18],"product_tag":[],"class_list":{"0":"post-258","1":"product","2":"type-product","3":"status-publish","4":"has-post-thumbnail","6":"product_cat-online","8":"first","9":"instock","10":"sold-individually","11":"shipping-taxable","12":"purchasable","13":"product-type-variable"},"yoast_head":"<!-- This site is optimized with the Yoast SEO plugin v27.0 - https:\/\/yoast.com\/product\/yoast-seo-wordpress\/ -->\n<title>Certificaci\u00f3n Internacional en Integraci\u00f3n Sensorial por la Universidad del Sur de California (USC) &#8226; Formaci\u00f3n Sinapse<\/title>\n<meta name=\"description\" content=\"Certificaci\u00f3n Internacional Oficial de la USC (University of Southern California) compuesta por los cinco m\u00f3dulos CE1, CE2, CE3, CE4. Modalidad online.\" \/>\n<meta name=\"robots\" content=\"index, follow, max-snippet:-1, max-image-preview:large, max-video-preview:-1\" \/>\n<link rel=\"canonical\" href=\"https:\/\/sinapseformacion.com\/gl\/produto\/certificacion-internacional-integracion-sensorial-universidad-sur-california\/\" \/>\n<meta property=\"og:locale\" content=\"gl_ES\" \/>\n<meta property=\"og:type\" content=\"article\" \/>\n<meta property=\"og:title\" content=\"Certificaci\u00f3n Internacional en Integraci\u00f3n Sensorial por la Universidad del Sur de California (USC) &#8226; Formaci\u00f3n Sinapse\" \/>\n<meta property=\"og:description\" content=\"Certificaci\u00f3n Internacional Oficial de la USC (University of Southern California) compuesta por los cinco m\u00f3dulos CE1, CE2, CE3, CE4. Modalidad online.\" \/>\n<meta property=\"og:url\" content=\"https:\/\/sinapseformacion.com\/gl\/produto\/certificacion-internacional-integracion-sensorial-universidad-sur-california\/\" \/>\n<meta property=\"og:site_name\" content=\"Formaci\u00f3n Sinapse\" \/>\n<meta property=\"article:publisher\" content=\"https:\/\/www.facebook.com\/sinapseneuro.formacion\" \/>\n<meta property=\"article:modified_time\" content=\"2023-03-16T17:48:26+00:00\" \/>\n<meta property=\"og:image\" content=\"https:\/\/sinapseformacion.com\/wp-content\/uploads\/2020\/06\/is.png\" \/>\n\t<meta property=\"og:image:width\" content=\"1080\" \/>\n\t<meta property=\"og:image:height\" content=\"817\" \/>\n\t<meta property=\"og:image:type\" content=\"image\/png\" \/>\n<meta name=\"twitter:card\" content=\"summary_large_image\" \/>\n<meta name=\"twitter:site\" content=\"@SINAPSE_Cursos\" \/>\n<script type=\"application\/ld+json\" class=\"yoast-schema-graph\">{\"@context\":\"https:\/\/schema.org\",\"@graph\":[{\"@type\":\"WebPage\",\"@id\":\"https:\/\/sinapseformacion.com\/producto\/certificacion-internacional-integracion-sensorial-universidad-sur-california\/\",\"url\":\"https:\/\/sinapseformacion.com\/producto\/certificacion-internacional-integracion-sensorial-universidad-sur-california\/\",\"name\":\"Certificaci\u00f3n Internacional en Integraci\u00f3n Sensorial por la Universidad del Sur de California (USC) &#8226; Formaci\u00f3n Sinapse\",\"isPartOf\":{\"@id\":\"https:\/\/sinapseformacion.com\/#website\"},\"primaryImageOfPage\":{\"@id\":\"https:\/\/sinapseformacion.com\/producto\/certificacion-internacional-integracion-sensorial-universidad-sur-california\/#primaryimage\"},\"image\":{\"@id\":\"https:\/\/sinapseformacion.com\/producto\/certificacion-internacional-integracion-sensorial-universidad-sur-california\/#primaryimage\"},\"thumbnailUrl\":\"https:\/\/sinapseformacion.com\/wp-content\/uploads\/2020\/06\/is.png\",\"datePublished\":\"2020-06-15T17:44:33+00:00\",\"dateModified\":\"2023-03-16T17:48:26+00:00\",\"description\":\"Certificaci\u00f3n Internacional Oficial de la USC (University of Southern California) compuesta por los cinco m\u00f3dulos CE1, CE2, CE3, CE4. Modalidad online.\",\"breadcrumb\":{\"@id\":\"https:\/\/sinapseformacion.com\/producto\/certificacion-internacional-integracion-sensorial-universidad-sur-california\/#breadcrumb\"},\"inLanguage\":\"gl-ES\",\"potentialAction\":[{\"@type\":\"ReadAction\",\"target\":[\"https:\/\/sinapseformacion.com\/producto\/certificacion-internacional-integracion-sensorial-universidad-sur-california\/\"]}]},{\"@type\":\"ImageObject\",\"inLanguage\":\"gl-ES\",\"@id\":\"https:\/\/sinapseformacion.com\/producto\/certificacion-internacional-integracion-sensorial-universidad-sur-california\/#primaryimage\",\"url\":\"https:\/\/sinapseformacion.com\/wp-content\/uploads\/2020\/06\/is.png\",\"contentUrl\":\"https:\/\/sinapseformacion.com\/wp-content\/uploads\/2020\/06\/is.png\",\"width\":1080,\"height\":817},{\"@type\":\"BreadcrumbList\",\"@id\":\"https:\/\/sinapseformacion.com\/producto\/certificacion-internacional-integracion-sensorial-universidad-sur-california\/#breadcrumb\",\"itemListElement\":[{\"@type\":\"ListItem\",\"position\":1,\"name\":\"Portada\",\"item\":\"https:\/\/sinapseformacion.com\/\"},{\"@type\":\"ListItem\",\"position\":2,\"name\":\"Tienda\",\"item\":\"https:\/\/sinapseformacion.com\/tienda\/\"},{\"@type\":\"ListItem\",\"position\":3,\"name\":\"Certificaci\u00f3n Internacional en Integraci\u00f3n Sensorial por la Universidad del Sur de California (USC)\"}]},{\"@type\":\"WebSite\",\"@id\":\"https:\/\/sinapseformacion.com\/#website\",\"url\":\"https:\/\/sinapseformacion.com\/\",\"name\":\"Formaci\u00f3n Sinapse\",\"description\":\"SINAPSE NEUROLOG\u00cdA SL - FORMACI\u00d3N \",\"publisher\":{\"@id\":\"https:\/\/sinapseformacion.com\/#organization\"},\"potentialAction\":[{\"@type\":\"SearchAction\",\"target\":{\"@type\":\"EntryPoint\",\"urlTemplate\":\"https:\/\/sinapseformacion.com\/?s={search_term_string}\"},\"query-input\":{\"@type\":\"PropertyValueSpecification\",\"valueRequired\":true,\"valueName\":\"search_term_string\"}}],\"inLanguage\":\"gl-ES\"},{\"@type\":\"Organization\",\"@id\":\"https:\/\/sinapseformacion.com\/#organization\",\"name\":\"Sinapse Formaci\u00f3n\",\"url\":\"https:\/\/sinapseformacion.com\/\",\"logo\":{\"@type\":\"ImageObject\",\"inLanguage\":\"gl-ES\",\"@id\":\"https:\/\/sinapseformacion.com\/#\/schema\/logo\/image\/\",\"url\":\"https:\/\/sinapseformacion.com\/wp-content\/uploads\/2020\/02\/logo-sinapse-neurologia-formacion.png\",\"contentUrl\":\"https:\/\/sinapseformacion.com\/wp-content\/uploads\/2020\/02\/logo-sinapse-neurologia-formacion.png\",\"width\":600,\"height\":260,\"caption\":\"Sinapse Formaci\u00f3n\"},\"image\":{\"@id\":\"https:\/\/sinapseformacion.com\/#\/schema\/logo\/image\/\"},\"sameAs\":[\"https:\/\/www.facebook.com\/sinapseneuro.formacion\",\"https:\/\/x.com\/SINAPSE_Cursos\"]}]}<\/script>\n<!-- \/ Yoast SEO plugin. -->","yoast_head_json":{"title":"Certificaci\u00f3n Internacional en Integraci\u00f3n Sensorial por la Universidad del Sur de California (USC) &#8226; Formaci\u00f3n Sinapse","description":"Certificaci\u00f3n Internacional Oficial de la USC (University of Southern California) compuesta por los cinco m\u00f3dulos CE1, CE2, CE3, CE4. Modalidad online.","robots":{"index":"index","follow":"follow","max-snippet":"max-snippet:-1","max-image-preview":"max-image-preview:large","max-video-preview":"max-video-preview:-1"},"canonical":"https:\/\/sinapseformacion.com\/gl\/produto\/certificacion-internacional-integracion-sensorial-universidad-sur-california\/","og_locale":"gl_ES","og_type":"article","og_title":"Certificaci\u00f3n Internacional en Integraci\u00f3n Sensorial por la Universidad del Sur de California (USC) &#8226; Formaci\u00f3n Sinapse","og_description":"Certificaci\u00f3n Internacional Oficial de la USC (University of Southern California) compuesta por los cinco m\u00f3dulos CE1, CE2, CE3, CE4. Modalidad online.","og_url":"https:\/\/sinapseformacion.com\/gl\/produto\/certificacion-internacional-integracion-sensorial-universidad-sur-california\/","og_site_name":"Formaci\u00f3n Sinapse","article_publisher":"https:\/\/www.facebook.com\/sinapseneuro.formacion","article_modified_time":"2023-03-16T17:48:26+00:00","og_image":[{"width":1080,"height":817,"url":"https:\/\/sinapseformacion.com\/wp-content\/uploads\/2020\/06\/is.png","type":"image\/png"}],"twitter_card":"summary_large_image","twitter_site":"@SINAPSE_Cursos","schema":{"@context":"https:\/\/schema.org","@graph":[{"@type":"WebPage","@id":"https:\/\/sinapseformacion.com\/producto\/certificacion-internacional-integracion-sensorial-universidad-sur-california\/","url":"https:\/\/sinapseformacion.com\/producto\/certificacion-internacional-integracion-sensorial-universidad-sur-california\/","name":"Certificaci\u00f3n Internacional en Integraci\u00f3n Sensorial por la Universidad del Sur de California (USC) &#8226; Formaci\u00f3n Sinapse","isPartOf":{"@id":"https:\/\/sinapseformacion.com\/#website"},"primaryImageOfPage":{"@id":"https:\/\/sinapseformacion.com\/producto\/certificacion-internacional-integracion-sensorial-universidad-sur-california\/#primaryimage"},"image":{"@id":"https:\/\/sinapseformacion.com\/producto\/certificacion-internacional-integracion-sensorial-universidad-sur-california\/#primaryimage"},"thumbnailUrl":"https:\/\/sinapseformacion.com\/wp-content\/uploads\/2020\/06\/is.png","datePublished":"2020-06-15T17:44:33+00:00","dateModified":"2023-03-16T17:48:26+00:00","description":"Certificaci\u00f3n Internacional Oficial de la USC (University of Southern California) compuesta por los cinco m\u00f3dulos CE1, CE2, CE3, CE4. Modalidad online.","breadcrumb":{"@id":"https:\/\/sinapseformacion.com\/producto\/certificacion-internacional-integracion-sensorial-universidad-sur-california\/#breadcrumb"},"inLanguage":"gl-ES","potentialAction":[{"@type":"ReadAction","target":["https:\/\/sinapseformacion.com\/producto\/certificacion-internacional-integracion-sensorial-universidad-sur-california\/"]}]},{"@type":"ImageObject","inLanguage":"gl-ES","@id":"https:\/\/sinapseformacion.com\/producto\/certificacion-internacional-integracion-sensorial-universidad-sur-california\/#primaryimage","url":"https:\/\/sinapseformacion.com\/wp-content\/uploads\/2020\/06\/is.png","contentUrl":"https:\/\/sinapseformacion.com\/wp-content\/uploads\/2020\/06\/is.png","width":1080,"height":817},{"@type":"BreadcrumbList","@id":"https:\/\/sinapseformacion.com\/producto\/certificacion-internacional-integracion-sensorial-universidad-sur-california\/#breadcrumb","itemListElement":[{"@type":"ListItem","position":1,"name":"Portada","item":"https:\/\/sinapseformacion.com\/"},{"@type":"ListItem","position":2,"name":"Tienda","item":"https:\/\/sinapseformacion.com\/tienda\/"},{"@type":"ListItem","position":3,"name":"Certificaci\u00f3n Internacional en Integraci\u00f3n Sensorial por la Universidad del Sur de California (USC)"}]},{"@type":"WebSite","@id":"https:\/\/sinapseformacion.com\/#website","url":"https:\/\/sinapseformacion.com\/","name":"Formaci\u00f3n Sinapse","description":"SINAPSE NEUROLOG\u00cdA SL - FORMACI\u00d3N","publisher":{"@id":"https:\/\/sinapseformacion.com\/#organization"},"potentialAction":[{"@type":"SearchAction","target":{"@type":"EntryPoint","urlTemplate":"https:\/\/sinapseformacion.com\/?s={search_term_string}"},"query-input":{"@type":"PropertyValueSpecification","valueRequired":true,"valueName":"search_term_string"}}],"inLanguage":"gl-ES"},{"@type":"Organization","@id":"https:\/\/sinapseformacion.com\/#organization","name":"Sinapse Formaci\u00f3n","url":"https:\/\/sinapseformacion.com\/","logo":{"@type":"ImageObject","inLanguage":"gl-ES","@id":"https:\/\/sinapseformacion.com\/#\/schema\/logo\/image\/","url":"https:\/\/sinapseformacion.com\/wp-content\/uploads\/2020\/02\/logo-sinapse-neurologia-formacion.png","contentUrl":"https:\/\/sinapseformacion.com\/wp-content\/uploads\/2020\/02\/logo-sinapse-neurologia-formacion.png","width":600,"height":260,"caption":"Sinapse Formaci\u00f3n"},"image":{"@id":"https:\/\/sinapseformacion.com\/#\/schema\/logo\/image\/"},"sameAs":["https:\/\/www.facebook.com\/sinapseneuro.formacion","https:\/\/x.com\/SINAPSE_Cursos"]}]}},"_links":{"self":[{"href":"https:\/\/sinapseformacion.com\/gl\/wp-json\/wp\/v2\/product\/258","targetHints":{"allow":["GET"]}}],"collection":[{"href":"https:\/\/sinapseformacion.com\/gl\/wp-json\/wp\/v2\/product"}],"about":[{"href":"https:\/\/sinapseformacion.com\/gl\/wp-json\/wp\/v2\/types\/product"}],"wp:featuredmedia":[{"embeddable":true,"href":"https:\/\/sinapseformacion.com\/gl\/wp-json\/wp\/v2\/media\/727"}],"wp:attachment":[{"href":"https:\/\/sinapseformacion.com\/gl\/wp-json\/wp\/v2\/media?parent=258"}],"wp:term":[{"taxonomy":"product_brand","embeddable":true,"href":"https:\/\/sinapseformacion.com\/gl\/wp-json\/wp\/v2\/product_brand?post=258"},{"taxonomy":"product_cat","embeddable":true,"href":"https:\/\/sinapseformacion.com\/gl\/wp-json\/wp\/v2\/product_cat?post=258"},{"taxonomy":"product_tag","embeddable":true,"href":"https:\/\/sinapseformacion.com\/gl\/wp-json\/wp\/v2\/product_tag?post=258"}],"curies":[{"name":"wp","href":"https:\/\/api.w.org\/{rel}","templated":true}]}}