{"id":289,"date":"2020-06-23T09:57:13","date_gmt":"2020-06-23T08:57:13","guid":{"rendered":"https:\/\/sinapseformacion.com\/?post_type=product&#038;p=289"},"modified":"2021-02-15T19:39:51","modified_gmt":"2021-02-15T18:39:51","slug":"terapia-de-movimiento-inducido-para-la-reeducacion-funcional-del-control-motor","status":"publish","type":"product","link":"https:\/\/sinapseformacion.com\/gl\/produto\/terapia-de-movimiento-inducido-para-la-reeducacion-funcional-del-control-motor\/","title":{"rendered":"Terapia De Movimiento Inducido para la Reeducaci\u00f3n Funcional Del Control Motor"},"content":{"rendered":"","protected":false},"excerpt":{"rendered":"","protected":false},"featured_media":290,"template":"","meta":[],"product_brand":[],"product_cat":[17],"product_tag":[],"class_list":{"0":"post-289","1":"product","2":"type-product","3":"status-publish","4":"has-post-thumbnail","6":"product_cat-presencial","8":"first","9":"instock","10":"sold-individually","11":"shipping-taxable","12":"purchasable","13":"product-type-variable"},"yoast_head":"<!-- This site is optimized with the Yoast SEO plugin v27.0 - https:\/\/yoast.com\/product\/yoast-seo-wordpress\/ -->\n<title>Terapia De Movimiento Inducido para la Reeducaci\u00f3n Funcional Del Control Motor &#8226; Formaci\u00f3n Sinapse<\/title>\n<meta name=\"description\" content=\"El Concepto Bobath ofrece un enfoque interdisciplinar en continuo proceso para la resoluci\u00f3n de problemas en la valoraci\u00f3n y tratamiento del ni\u00f1o y adulto con trastornos sensoriomotores, perceptivos y de comunicaci\u00f3n, resultantes de una lesi\u00f3n del SNC.\" \/>\n<meta name=\"robots\" content=\"index, follow, max-snippet:-1, max-image-preview:large, max-video-preview:-1\" \/>\n<link rel=\"canonical\" href=\"https:\/\/sinapseformacion.com\/gl\/produto\/terapia-de-movimiento-inducido-para-la-reeducacion-funcional-del-control-motor\/\" \/>\n<meta property=\"og:locale\" content=\"gl_ES\" \/>\n<meta property=\"og:type\" content=\"article\" \/>\n<meta property=\"og:title\" content=\"Terapia De Movimiento Inducido para la Reeducaci\u00f3n Funcional Del Control Motor &#8226; Formaci\u00f3n Sinapse\" \/>\n<meta property=\"og:description\" content=\"El Concepto Bobath ofrece un enfoque interdisciplinar en continuo proceso para la resoluci\u00f3n de problemas en la valoraci\u00f3n y tratamiento del ni\u00f1o y adulto con trastornos sensoriomotores, perceptivos y de comunicaci\u00f3n, resultantes de una lesi\u00f3n del SNC.\" \/>\n<meta property=\"og:url\" content=\"https:\/\/sinapseformacion.com\/gl\/produto\/terapia-de-movimiento-inducido-para-la-reeducacion-funcional-del-control-motor\/\" \/>\n<meta property=\"og:site_name\" content=\"Formaci\u00f3n Sinapse\" \/>\n<meta property=\"article:publisher\" content=\"https:\/\/www.facebook.com\/sinapseneuro.formacion\" \/>\n<meta property=\"article:modified_time\" content=\"2021-02-15T18:39:51+00:00\" \/>\n<meta property=\"og:image\" content=\"https:\/\/sinapseformacion.com\/wp-content\/uploads\/2020\/06\/terapia_control_motor.png\" \/>\n\t<meta property=\"og:image:width\" content=\"800\" \/>\n\t<meta property=\"og:image:height\" content=\"800\" \/>\n\t<meta property=\"og:image:type\" content=\"image\/png\" \/>\n<meta name=\"twitter:card\" content=\"summary_large_image\" \/>\n<meta name=\"twitter:site\" content=\"@SINAPSE_Cursos\" \/>\n<script type=\"application\/ld+json\" class=\"yoast-schema-graph\">{\"@context\":\"https:\/\/schema.org\",\"@graph\":[{\"@type\":\"WebPage\",\"@id\":\"https:\/\/sinapseformacion.com\/producto\/terapia-de-movimiento-inducido-para-la-reeducacion-funcional-del-control-motor\/\",\"url\":\"https:\/\/sinapseformacion.com\/producto\/terapia-de-movimiento-inducido-para-la-reeducacion-funcional-del-control-motor\/\",\"name\":\"Terapia De Movimiento Inducido para la Reeducaci\u00f3n Funcional Del Control Motor &#8226; Formaci\u00f3n Sinapse\",\"isPartOf\":{\"@id\":\"https:\/\/sinapseformacion.com\/#website\"},\"primaryImageOfPage\":{\"@id\":\"https:\/\/sinapseformacion.com\/producto\/terapia-de-movimiento-inducido-para-la-reeducacion-funcional-del-control-motor\/#primaryimage\"},\"image\":{\"@id\":\"https:\/\/sinapseformacion.com\/producto\/terapia-de-movimiento-inducido-para-la-reeducacion-funcional-del-control-motor\/#primaryimage\"},\"thumbnailUrl\":\"https:\/\/sinapseformacion.com\/wp-content\/uploads\/2020\/06\/terapia_control_motor.png\",\"datePublished\":\"2020-06-23T08:57:13+00:00\",\"dateModified\":\"2021-02-15T18:39:51+00:00\",\"description\":\"El Concepto Bobath ofrece un enfoque interdisciplinar en continuo proceso para la resoluci\u00f3n de problemas en la valoraci\u00f3n y tratamiento del ni\u00f1o y adulto con trastornos sensoriomotores, perceptivos y de comunicaci\u00f3n, resultantes de una lesi\u00f3n del SNC.\",\"breadcrumb\":{\"@id\":\"https:\/\/sinapseformacion.com\/producto\/terapia-de-movimiento-inducido-para-la-reeducacion-funcional-del-control-motor\/#breadcrumb\"},\"inLanguage\":\"gl-ES\",\"potentialAction\":[{\"@type\":\"ReadAction\",\"target\":[\"https:\/\/sinapseformacion.com\/producto\/terapia-de-movimiento-inducido-para-la-reeducacion-funcional-del-control-motor\/\"]}]},{\"@type\":\"ImageObject\",\"inLanguage\":\"gl-ES\",\"@id\":\"https:\/\/sinapseformacion.com\/producto\/terapia-de-movimiento-inducido-para-la-reeducacion-funcional-del-control-motor\/#primaryimage\",\"url\":\"https:\/\/sinapseformacion.com\/wp-content\/uploads\/2020\/06\/terapia_control_motor.png\",\"contentUrl\":\"https:\/\/sinapseformacion.com\/wp-content\/uploads\/2020\/06\/terapia_control_motor.png\",\"width\":800,\"height\":800},{\"@type\":\"BreadcrumbList\",\"@id\":\"https:\/\/sinapseformacion.com\/producto\/terapia-de-movimiento-inducido-para-la-reeducacion-funcional-del-control-motor\/#breadcrumb\",\"itemListElement\":[{\"@type\":\"ListItem\",\"position\":1,\"name\":\"Portada\",\"item\":\"https:\/\/sinapseformacion.com\/\"},{\"@type\":\"ListItem\",\"position\":2,\"name\":\"Tienda\",\"item\":\"https:\/\/sinapseformacion.com\/tienda\/\"},{\"@type\":\"ListItem\",\"position\":3,\"name\":\"Terapia De Movimiento Inducido para la Reeducaci\u00f3n Funcional Del Control Motor\"}]},{\"@type\":\"WebSite\",\"@id\":\"https:\/\/sinapseformacion.com\/#website\",\"url\":\"https:\/\/sinapseformacion.com\/\",\"name\":\"Formaci\u00f3n Sinapse\",\"description\":\"SINAPSE NEUROLOG\u00cdA SL - FORMACI\u00d3N \",\"publisher\":{\"@id\":\"https:\/\/sinapseformacion.com\/#organization\"},\"potentialAction\":[{\"@type\":\"SearchAction\",\"target\":{\"@type\":\"EntryPoint\",\"urlTemplate\":\"https:\/\/sinapseformacion.com\/?s={search_term_string}\"},\"query-input\":{\"@type\":\"PropertyValueSpecification\",\"valueRequired\":true,\"valueName\":\"search_term_string\"}}],\"inLanguage\":\"gl-ES\"},{\"@type\":\"Organization\",\"@id\":\"https:\/\/sinapseformacion.com\/#organization\",\"name\":\"Sinapse Formaci\u00f3n\",\"url\":\"https:\/\/sinapseformacion.com\/\",\"logo\":{\"@type\":\"ImageObject\",\"inLanguage\":\"gl-ES\",\"@id\":\"https:\/\/sinapseformacion.com\/#\/schema\/logo\/image\/\",\"url\":\"https:\/\/sinapseformacion.com\/wp-content\/uploads\/2020\/02\/logo-sinapse-neurologia-formacion.png\",\"contentUrl\":\"https:\/\/sinapseformacion.com\/wp-content\/uploads\/2020\/02\/logo-sinapse-neurologia-formacion.png\",\"width\":600,\"height\":260,\"caption\":\"Sinapse Formaci\u00f3n\"},\"image\":{\"@id\":\"https:\/\/sinapseformacion.com\/#\/schema\/logo\/image\/\"},\"sameAs\":[\"https:\/\/www.facebook.com\/sinapseneuro.formacion\",\"https:\/\/x.com\/SINAPSE_Cursos\"]}]}<\/script>\n<!-- \/ Yoast SEO plugin. -->","yoast_head_json":{"title":"Terapia De Movimiento Inducido para la Reeducaci\u00f3n Funcional Del Control Motor &#8226; Formaci\u00f3n Sinapse","description":"El Concepto Bobath ofrece un enfoque interdisciplinar en continuo proceso para la resoluci\u00f3n de problemas en la valoraci\u00f3n y tratamiento del ni\u00f1o y adulto con trastornos sensoriomotores, perceptivos y de comunicaci\u00f3n, resultantes de una lesi\u00f3n del SNC.","robots":{"index":"index","follow":"follow","max-snippet":"max-snippet:-1","max-image-preview":"max-image-preview:large","max-video-preview":"max-video-preview:-1"},"canonical":"https:\/\/sinapseformacion.com\/gl\/produto\/terapia-de-movimiento-inducido-para-la-reeducacion-funcional-del-control-motor\/","og_locale":"gl_ES","og_type":"article","og_title":"Terapia De Movimiento Inducido para la Reeducaci\u00f3n Funcional Del Control Motor &#8226; Formaci\u00f3n Sinapse","og_description":"El Concepto Bobath ofrece un enfoque interdisciplinar en continuo proceso para la resoluci\u00f3n de problemas en la valoraci\u00f3n y tratamiento del ni\u00f1o y adulto con trastornos sensoriomotores, perceptivos y de comunicaci\u00f3n, resultantes de una lesi\u00f3n del SNC.","og_url":"https:\/\/sinapseformacion.com\/gl\/produto\/terapia-de-movimiento-inducido-para-la-reeducacion-funcional-del-control-motor\/","og_site_name":"Formaci\u00f3n Sinapse","article_publisher":"https:\/\/www.facebook.com\/sinapseneuro.formacion","article_modified_time":"2021-02-15T18:39:51+00:00","og_image":[{"width":800,"height":800,"url":"https:\/\/sinapseformacion.com\/wp-content\/uploads\/2020\/06\/terapia_control_motor.png","type":"image\/png"}],"twitter_card":"summary_large_image","twitter_site":"@SINAPSE_Cursos","schema":{"@context":"https:\/\/schema.org","@graph":[{"@type":"WebPage","@id":"https:\/\/sinapseformacion.com\/producto\/terapia-de-movimiento-inducido-para-la-reeducacion-funcional-del-control-motor\/","url":"https:\/\/sinapseformacion.com\/producto\/terapia-de-movimiento-inducido-para-la-reeducacion-funcional-del-control-motor\/","name":"Terapia De Movimiento Inducido para la Reeducaci\u00f3n Funcional Del Control Motor &#8226; Formaci\u00f3n Sinapse","isPartOf":{"@id":"https:\/\/sinapseformacion.com\/#website"},"primaryImageOfPage":{"@id":"https:\/\/sinapseformacion.com\/producto\/terapia-de-movimiento-inducido-para-la-reeducacion-funcional-del-control-motor\/#primaryimage"},"image":{"@id":"https:\/\/sinapseformacion.com\/producto\/terapia-de-movimiento-inducido-para-la-reeducacion-funcional-del-control-motor\/#primaryimage"},"thumbnailUrl":"https:\/\/sinapseformacion.com\/wp-content\/uploads\/2020\/06\/terapia_control_motor.png","datePublished":"2020-06-23T08:57:13+00:00","dateModified":"2021-02-15T18:39:51+00:00","description":"El Concepto Bobath ofrece un enfoque interdisciplinar en continuo proceso para la resoluci\u00f3n de problemas en la valoraci\u00f3n y tratamiento del ni\u00f1o y adulto con trastornos sensoriomotores, perceptivos y de comunicaci\u00f3n, resultantes de una lesi\u00f3n del SNC.","breadcrumb":{"@id":"https:\/\/sinapseformacion.com\/producto\/terapia-de-movimiento-inducido-para-la-reeducacion-funcional-del-control-motor\/#breadcrumb"},"inLanguage":"gl-ES","potentialAction":[{"@type":"ReadAction","target":["https:\/\/sinapseformacion.com\/producto\/terapia-de-movimiento-inducido-para-la-reeducacion-funcional-del-control-motor\/"]}]},{"@type":"ImageObject","inLanguage":"gl-ES","@id":"https:\/\/sinapseformacion.com\/producto\/terapia-de-movimiento-inducido-para-la-reeducacion-funcional-del-control-motor\/#primaryimage","url":"https:\/\/sinapseformacion.com\/wp-content\/uploads\/2020\/06\/terapia_control_motor.png","contentUrl":"https:\/\/sinapseformacion.com\/wp-content\/uploads\/2020\/06\/terapia_control_motor.png","width":800,"height":800},{"@type":"BreadcrumbList","@id":"https:\/\/sinapseformacion.com\/producto\/terapia-de-movimiento-inducido-para-la-reeducacion-funcional-del-control-motor\/#breadcrumb","itemListElement":[{"@type":"ListItem","position":1,"name":"Portada","item":"https:\/\/sinapseformacion.com\/"},{"@type":"ListItem","position":2,"name":"Tienda","item":"https:\/\/sinapseformacion.com\/tienda\/"},{"@type":"ListItem","position":3,"name":"Terapia De Movimiento Inducido para la Reeducaci\u00f3n Funcional Del Control Motor"}]},{"@type":"WebSite","@id":"https:\/\/sinapseformacion.com\/#website","url":"https:\/\/sinapseformacion.com\/","name":"Formaci\u00f3n Sinapse","description":"SINAPSE NEUROLOG\u00cdA SL - FORMACI\u00d3N","publisher":{"@id":"https:\/\/sinapseformacion.com\/#organization"},"potentialAction":[{"@type":"SearchAction","target":{"@type":"EntryPoint","urlTemplate":"https:\/\/sinapseformacion.com\/?s={search_term_string}"},"query-input":{"@type":"PropertyValueSpecification","valueRequired":true,"valueName":"search_term_string"}}],"inLanguage":"gl-ES"},{"@type":"Organization","@id":"https:\/\/sinapseformacion.com\/#organization","name":"Sinapse Formaci\u00f3n","url":"https:\/\/sinapseformacion.com\/","logo":{"@type":"ImageObject","inLanguage":"gl-ES","@id":"https:\/\/sinapseformacion.com\/#\/schema\/logo\/image\/","url":"https:\/\/sinapseformacion.com\/wp-content\/uploads\/2020\/02\/logo-sinapse-neurologia-formacion.png","contentUrl":"https:\/\/sinapseformacion.com\/wp-content\/uploads\/2020\/02\/logo-sinapse-neurologia-formacion.png","width":600,"height":260,"caption":"Sinapse Formaci\u00f3n"},"image":{"@id":"https:\/\/sinapseformacion.com\/#\/schema\/logo\/image\/"},"sameAs":["https:\/\/www.facebook.com\/sinapseneuro.formacion","https:\/\/x.com\/SINAPSE_Cursos"]}]}},"_links":{"self":[{"href":"https:\/\/sinapseformacion.com\/gl\/wp-json\/wp\/v2\/product\/289","targetHints":{"allow":["GET"]}}],"collection":[{"href":"https:\/\/sinapseformacion.com\/gl\/wp-json\/wp\/v2\/product"}],"about":[{"href":"https:\/\/sinapseformacion.com\/gl\/wp-json\/wp\/v2\/types\/product"}],"wp:featuredmedia":[{"embeddable":true,"href":"https:\/\/sinapseformacion.com\/gl\/wp-json\/wp\/v2\/media\/290"}],"wp:attachment":[{"href":"https:\/\/sinapseformacion.com\/gl\/wp-json\/wp\/v2\/media?parent=289"}],"wp:term":[{"taxonomy":"product_brand","embeddable":true,"href":"https:\/\/sinapseformacion.com\/gl\/wp-json\/wp\/v2\/product_brand?post=289"},{"taxonomy":"product_cat","embeddable":true,"href":"https:\/\/sinapseformacion.com\/gl\/wp-json\/wp\/v2\/product_cat?post=289"},{"taxonomy":"product_tag","embeddable":true,"href":"https:\/\/sinapseformacion.com\/gl\/wp-json\/wp\/v2\/product_tag?post=289"}],"curies":[{"name":"wp","href":"https:\/\/api.w.org\/{rel}","templated":true}]}}