{"id":690,"date":"2021-05-07T17:41:48","date_gmt":"2021-05-07T16:41:48","guid":{"rendered":"https:\/\/sinapseformacion.com\/?post_type=product&#038;p=690"},"modified":"2021-06-24T19:27:44","modified_gmt":"2021-06-24T18:27:44","slug":"curso-base-integracion-sensorial","status":"publish","type":"product","link":"https:\/\/sinapseformacion.com\/gl\/produto\/curso-base-integracion-sensorial\/","title":{"rendered":"Curso Base Integraci\u00f3n Sensorial: Actualizaci\u00f3n de las bases Neuroanat\u00f3micas y Neurofisiol\u00f3gicas que sustentan la teor\u00eda y la pr\u00e1ctica de Integraci\u00f3n Sensorial"},"content":{"rendered":"","protected":false},"excerpt":{"rendered":"","protected":false},"featured_media":698,"template":"","meta":[],"product_brand":[],"product_cat":[18],"product_tag":[],"class_list":{"0":"post-690","1":"product","2":"type-product","3":"status-publish","4":"has-post-thumbnail","6":"product_cat-online","8":"first","9":"instock","10":"sale","11":"sold-individually","12":"shipping-taxable","13":"purchasable","14":"product-type-simple"},"yoast_head":"<!-- This site is optimized with the Yoast SEO plugin v27.0 - https:\/\/yoast.com\/product\/yoast-seo-wordpress\/ -->\n<title>Curso Base Integraci\u00f3n Sensorial: Actualizaci\u00f3n de las bases Neuroanat\u00f3micas y Neurofisiol\u00f3gicas que sustentan la teor\u00eda y la pr\u00e1ctica de Integraci\u00f3n Sensorial &#8226; Formaci\u00f3n Sinapse<\/title>\n<meta name=\"description\" content=\"El Curso tratar\u00e1 a nivel introductorio, los aspectos m\u00e1s relevantes y a tener en cuenta , desde un enfoque de Integraci\u00f3n Sensorial.\" \/>\n<meta name=\"robots\" content=\"index, follow, max-snippet:-1, max-image-preview:large, max-video-preview:-1\" \/>\n<link rel=\"canonical\" href=\"https:\/\/sinapseformacion.com\/gl\/produto\/curso-base-integracion-sensorial\/\" \/>\n<meta property=\"og:locale\" content=\"gl_ES\" \/>\n<meta property=\"og:type\" content=\"article\" \/>\n<meta property=\"og:title\" content=\"Curso Base Integraci\u00f3n Sensorial: Actualizaci\u00f3n de las bases Neuroanat\u00f3micas y Neurofisiol\u00f3gicas que sustentan la teor\u00eda y la pr\u00e1ctica de Integraci\u00f3n Sensorial &#8226; Formaci\u00f3n Sinapse\" \/>\n<meta property=\"og:description\" content=\"El Curso tratar\u00e1 a nivel introductorio, los aspectos m\u00e1s relevantes y a tener en cuenta , desde un enfoque de Integraci\u00f3n Sensorial.\" \/>\n<meta property=\"og:url\" content=\"https:\/\/sinapseformacion.com\/gl\/produto\/curso-base-integracion-sensorial\/\" \/>\n<meta property=\"og:site_name\" content=\"Formaci\u00f3n Sinapse\" \/>\n<meta property=\"article:publisher\" content=\"https:\/\/www.facebook.com\/sinapseneuro.formacion\" \/>\n<meta property=\"article:modified_time\" content=\"2021-06-24T18:27:44+00:00\" \/>\n<meta property=\"og:image\" content=\"https:\/\/sinapseformacion.com\/wp-content\/uploads\/2021\/05\/curso-base-is.png\" \/>\n\t<meta property=\"og:image:width\" content=\"1080\" \/>\n\t<meta property=\"og:image:height\" content=\"817\" \/>\n\t<meta property=\"og:image:type\" content=\"image\/png\" \/>\n<meta name=\"twitter:card\" content=\"summary_large_image\" \/>\n<meta name=\"twitter:site\" content=\"@SINAPSE_Cursos\" \/>\n<script type=\"application\/ld+json\" class=\"yoast-schema-graph\">{\"@context\":\"https:\/\/schema.org\",\"@graph\":[{\"@type\":\"WebPage\",\"@id\":\"https:\/\/sinapseformacion.com\/producto\/curso-base-integracion-sensorial\/\",\"url\":\"https:\/\/sinapseformacion.com\/producto\/curso-base-integracion-sensorial\/\",\"name\":\"Curso Base Integraci\u00f3n Sensorial: Actualizaci\u00f3n de las bases Neuroanat\u00f3micas y Neurofisiol\u00f3gicas que sustentan la teor\u00eda y la pr\u00e1ctica de Integraci\u00f3n Sensorial &#8226; Formaci\u00f3n Sinapse\",\"isPartOf\":{\"@id\":\"https:\/\/sinapseformacion.com\/#website\"},\"primaryImageOfPage\":{\"@id\":\"https:\/\/sinapseformacion.com\/producto\/curso-base-integracion-sensorial\/#primaryimage\"},\"image\":{\"@id\":\"https:\/\/sinapseformacion.com\/producto\/curso-base-integracion-sensorial\/#primaryimage\"},\"thumbnailUrl\":\"https:\/\/sinapseformacion.com\/wp-content\/uploads\/2021\/05\/curso-base-is.png\",\"datePublished\":\"2021-05-07T16:41:48+00:00\",\"dateModified\":\"2021-06-24T18:27:44+00:00\",\"description\":\"El Curso tratar\u00e1 a nivel introductorio, los aspectos m\u00e1s relevantes y a tener en cuenta , desde un enfoque de Integraci\u00f3n Sensorial.\",\"breadcrumb\":{\"@id\":\"https:\/\/sinapseformacion.com\/producto\/curso-base-integracion-sensorial\/#breadcrumb\"},\"inLanguage\":\"gl-ES\",\"potentialAction\":[{\"@type\":\"ReadAction\",\"target\":[\"https:\/\/sinapseformacion.com\/producto\/curso-base-integracion-sensorial\/\"]}]},{\"@type\":\"ImageObject\",\"inLanguage\":\"gl-ES\",\"@id\":\"https:\/\/sinapseformacion.com\/producto\/curso-base-integracion-sensorial\/#primaryimage\",\"url\":\"https:\/\/sinapseformacion.com\/wp-content\/uploads\/2021\/05\/curso-base-is.png\",\"contentUrl\":\"https:\/\/sinapseformacion.com\/wp-content\/uploads\/2021\/05\/curso-base-is.png\",\"width\":1080,\"height\":817},{\"@type\":\"BreadcrumbList\",\"@id\":\"https:\/\/sinapseformacion.com\/producto\/curso-base-integracion-sensorial\/#breadcrumb\",\"itemListElement\":[{\"@type\":\"ListItem\",\"position\":1,\"name\":\"Portada\",\"item\":\"https:\/\/sinapseformacion.com\/\"},{\"@type\":\"ListItem\",\"position\":2,\"name\":\"Tienda\",\"item\":\"https:\/\/sinapseformacion.com\/tienda\/\"},{\"@type\":\"ListItem\",\"position\":3,\"name\":\"Curso Base Integraci\u00f3n Sensorial: Actualizaci\u00f3n de las bases Neuroanat\u00f3micas y Neurofisiol\u00f3gicas que sustentan la teor\u00eda y la pr\u00e1ctica de Integraci\u00f3n Sensorial\"}]},{\"@type\":\"WebSite\",\"@id\":\"https:\/\/sinapseformacion.com\/#website\",\"url\":\"https:\/\/sinapseformacion.com\/\",\"name\":\"Formaci\u00f3n Sinapse\",\"description\":\"SINAPSE NEUROLOG\u00cdA SL - FORMACI\u00d3N \",\"publisher\":{\"@id\":\"https:\/\/sinapseformacion.com\/#organization\"},\"potentialAction\":[{\"@type\":\"SearchAction\",\"target\":{\"@type\":\"EntryPoint\",\"urlTemplate\":\"https:\/\/sinapseformacion.com\/?s={search_term_string}\"},\"query-input\":{\"@type\":\"PropertyValueSpecification\",\"valueRequired\":true,\"valueName\":\"search_term_string\"}}],\"inLanguage\":\"gl-ES\"},{\"@type\":\"Organization\",\"@id\":\"https:\/\/sinapseformacion.com\/#organization\",\"name\":\"Sinapse Formaci\u00f3n\",\"url\":\"https:\/\/sinapseformacion.com\/\",\"logo\":{\"@type\":\"ImageObject\",\"inLanguage\":\"gl-ES\",\"@id\":\"https:\/\/sinapseformacion.com\/#\/schema\/logo\/image\/\",\"url\":\"https:\/\/sinapseformacion.com\/wp-content\/uploads\/2020\/02\/logo-sinapse-neurologia-formacion.png\",\"contentUrl\":\"https:\/\/sinapseformacion.com\/wp-content\/uploads\/2020\/02\/logo-sinapse-neurologia-formacion.png\",\"width\":600,\"height\":260,\"caption\":\"Sinapse Formaci\u00f3n\"},\"image\":{\"@id\":\"https:\/\/sinapseformacion.com\/#\/schema\/logo\/image\/\"},\"sameAs\":[\"https:\/\/www.facebook.com\/sinapseneuro.formacion\",\"https:\/\/x.com\/SINAPSE_Cursos\"]}]}<\/script>\n<!-- \/ Yoast SEO plugin. -->","yoast_head_json":{"title":"Curso Base Integraci\u00f3n Sensorial: Actualizaci\u00f3n de las bases Neuroanat\u00f3micas y Neurofisiol\u00f3gicas que sustentan la teor\u00eda y la pr\u00e1ctica de Integraci\u00f3n Sensorial &#8226; Formaci\u00f3n Sinapse","description":"El Curso tratar\u00e1 a nivel introductorio, los aspectos m\u00e1s relevantes y a tener en cuenta , desde un enfoque de Integraci\u00f3n Sensorial.","robots":{"index":"index","follow":"follow","max-snippet":"max-snippet:-1","max-image-preview":"max-image-preview:large","max-video-preview":"max-video-preview:-1"},"canonical":"https:\/\/sinapseformacion.com\/gl\/produto\/curso-base-integracion-sensorial\/","og_locale":"gl_ES","og_type":"article","og_title":"Curso Base Integraci\u00f3n Sensorial: Actualizaci\u00f3n de las bases Neuroanat\u00f3micas y Neurofisiol\u00f3gicas que sustentan la teor\u00eda y la pr\u00e1ctica de Integraci\u00f3n Sensorial &#8226; Formaci\u00f3n Sinapse","og_description":"El Curso tratar\u00e1 a nivel introductorio, los aspectos m\u00e1s relevantes y a tener en cuenta , desde un enfoque de Integraci\u00f3n Sensorial.","og_url":"https:\/\/sinapseformacion.com\/gl\/produto\/curso-base-integracion-sensorial\/","og_site_name":"Formaci\u00f3n Sinapse","article_publisher":"https:\/\/www.facebook.com\/sinapseneuro.formacion","article_modified_time":"2021-06-24T18:27:44+00:00","og_image":[{"width":1080,"height":817,"url":"https:\/\/sinapseformacion.com\/wp-content\/uploads\/2021\/05\/curso-base-is.png","type":"image\/png"}],"twitter_card":"summary_large_image","twitter_site":"@SINAPSE_Cursos","schema":{"@context":"https:\/\/schema.org","@graph":[{"@type":"WebPage","@id":"https:\/\/sinapseformacion.com\/producto\/curso-base-integracion-sensorial\/","url":"https:\/\/sinapseformacion.com\/producto\/curso-base-integracion-sensorial\/","name":"Curso Base Integraci\u00f3n Sensorial: Actualizaci\u00f3n de las bases Neuroanat\u00f3micas y Neurofisiol\u00f3gicas que sustentan la teor\u00eda y la pr\u00e1ctica de Integraci\u00f3n Sensorial &#8226; Formaci\u00f3n Sinapse","isPartOf":{"@id":"https:\/\/sinapseformacion.com\/#website"},"primaryImageOfPage":{"@id":"https:\/\/sinapseformacion.com\/producto\/curso-base-integracion-sensorial\/#primaryimage"},"image":{"@id":"https:\/\/sinapseformacion.com\/producto\/curso-base-integracion-sensorial\/#primaryimage"},"thumbnailUrl":"https:\/\/sinapseformacion.com\/wp-content\/uploads\/2021\/05\/curso-base-is.png","datePublished":"2021-05-07T16:41:48+00:00","dateModified":"2021-06-24T18:27:44+00:00","description":"El Curso tratar\u00e1 a nivel introductorio, los aspectos m\u00e1s relevantes y a tener en cuenta , desde un enfoque de Integraci\u00f3n Sensorial.","breadcrumb":{"@id":"https:\/\/sinapseformacion.com\/producto\/curso-base-integracion-sensorial\/#breadcrumb"},"inLanguage":"gl-ES","potentialAction":[{"@type":"ReadAction","target":["https:\/\/sinapseformacion.com\/producto\/curso-base-integracion-sensorial\/"]}]},{"@type":"ImageObject","inLanguage":"gl-ES","@id":"https:\/\/sinapseformacion.com\/producto\/curso-base-integracion-sensorial\/#primaryimage","url":"https:\/\/sinapseformacion.com\/wp-content\/uploads\/2021\/05\/curso-base-is.png","contentUrl":"https:\/\/sinapseformacion.com\/wp-content\/uploads\/2021\/05\/curso-base-is.png","width":1080,"height":817},{"@type":"BreadcrumbList","@id":"https:\/\/sinapseformacion.com\/producto\/curso-base-integracion-sensorial\/#breadcrumb","itemListElement":[{"@type":"ListItem","position":1,"name":"Portada","item":"https:\/\/sinapseformacion.com\/"},{"@type":"ListItem","position":2,"name":"Tienda","item":"https:\/\/sinapseformacion.com\/tienda\/"},{"@type":"ListItem","position":3,"name":"Curso Base Integraci\u00f3n Sensorial: Actualizaci\u00f3n de las bases Neuroanat\u00f3micas y Neurofisiol\u00f3gicas que sustentan la teor\u00eda y la pr\u00e1ctica de Integraci\u00f3n Sensorial"}]},{"@type":"WebSite","@id":"https:\/\/sinapseformacion.com\/#website","url":"https:\/\/sinapseformacion.com\/","name":"Formaci\u00f3n Sinapse","description":"SINAPSE NEUROLOG\u00cdA SL - FORMACI\u00d3N","publisher":{"@id":"https:\/\/sinapseformacion.com\/#organization"},"potentialAction":[{"@type":"SearchAction","target":{"@type":"EntryPoint","urlTemplate":"https:\/\/sinapseformacion.com\/?s={search_term_string}"},"query-input":{"@type":"PropertyValueSpecification","valueRequired":true,"valueName":"search_term_string"}}],"inLanguage":"gl-ES"},{"@type":"Organization","@id":"https:\/\/sinapseformacion.com\/#organization","name":"Sinapse Formaci\u00f3n","url":"https:\/\/sinapseformacion.com\/","logo":{"@type":"ImageObject","inLanguage":"gl-ES","@id":"https:\/\/sinapseformacion.com\/#\/schema\/logo\/image\/","url":"https:\/\/sinapseformacion.com\/wp-content\/uploads\/2020\/02\/logo-sinapse-neurologia-formacion.png","contentUrl":"https:\/\/sinapseformacion.com\/wp-content\/uploads\/2020\/02\/logo-sinapse-neurologia-formacion.png","width":600,"height":260,"caption":"Sinapse Formaci\u00f3n"},"image":{"@id":"https:\/\/sinapseformacion.com\/#\/schema\/logo\/image\/"},"sameAs":["https:\/\/www.facebook.com\/sinapseneuro.formacion","https:\/\/x.com\/SINAPSE_Cursos"]}]}},"_links":{"self":[{"href":"https:\/\/sinapseformacion.com\/gl\/wp-json\/wp\/v2\/product\/690","targetHints":{"allow":["GET"]}}],"collection":[{"href":"https:\/\/sinapseformacion.com\/gl\/wp-json\/wp\/v2\/product"}],"about":[{"href":"https:\/\/sinapseformacion.com\/gl\/wp-json\/wp\/v2\/types\/product"}],"wp:featuredmedia":[{"embeddable":true,"href":"https:\/\/sinapseformacion.com\/gl\/wp-json\/wp\/v2\/media\/698"}],"wp:attachment":[{"href":"https:\/\/sinapseformacion.com\/gl\/wp-json\/wp\/v2\/media?parent=690"}],"wp:term":[{"taxonomy":"product_brand","embeddable":true,"href":"https:\/\/sinapseformacion.com\/gl\/wp-json\/wp\/v2\/product_brand?post=690"},{"taxonomy":"product_cat","embeddable":true,"href":"https:\/\/sinapseformacion.com\/gl\/wp-json\/wp\/v2\/product_cat?post=690"},{"taxonomy":"product_tag","embeddable":true,"href":"https:\/\/sinapseformacion.com\/gl\/wp-json\/wp\/v2\/product_tag?post=690"}],"curies":[{"name":"wp","href":"https:\/\/api.w.org\/{rel}","templated":true}]}}